{"id":80,"date":"2017-01-02T16:30:43","date_gmt":"2017-01-02T16:30:43","guid":{"rendered":"http:\/\/localhost\/wordpress\/?page_id=80"},"modified":"2024-06-26T12:12:44","modified_gmt":"2024-06-26T12:12:44","slug":"aterforsaljare","status":"publish","type":"page","link":"https:\/\/www.nva.se\/en\/aterforsaljare\/","title":{"rendered":"\u00c5terf\u00f6rs\u00e4ljare"},"content":{"rendered":"<div id=\"pl-80\"  class=\"panel-layout\" ><div id=\"pg-80-0\"  class=\"panel-grid panel-has-style\" ><div class=\"siteorigin-panels-stretch panel-row-style panel-row-style-for-80-0\" data-stretch-type=\"full-stretched\" ><div id=\"pgc-80-0-0\"  class=\"panel-grid-cell\" ><div id=\"panel-80-0-0-0\" class=\"so-panel widget widget_sow-hero panel-first-child panel-last-child\" data-index=\"0\" ><div\n\t\t\t\n\t\t\tclass=\"so-widget-sow-hero so-widget-sow-hero-default-4dbde4a392a6-80 so-widget-fittext-wrapper\"\n\t\t\t data-fit-text-compressor=\"0.85\"\n\t\t>\t\t\t\t<div class=\"sow-slider-base\" style=\"display: none\" tabindex=\"0\">\n\t\t\t\t\t<ul\n\t\t\t\t\tclass=\"sow-slider-images\"\n\t\t\t\t\tdata-settings=\"{&quot;pagination&quot;:true,&quot;speed&quot;:800,&quot;timeout&quot;:8000,&quot;paused&quot;:false,&quot;pause_on_hover&quot;:false,&quot;swipe&quot;:true,&quot;nav_always_show_desktop&quot;:&quot;&quot;,&quot;nav_always_show_mobile&quot;:&quot;&quot;,&quot;breakpoint&quot;:&quot;780px&quot;,&quot;unmute&quot;:false,&quot;anchor&quot;:null}\"\n\t\t\t\t\tstyle=\"min-height: 400px\"\t\t\t\t\tdata-anchor-id=\"\"\n\t\t\t\t>\t\t<li class=\"sow-slider-image  sow-slider-image-cover\" style=\"visibility: visible;;background-color: #333333;background-image: url(https:\/\/www.nva.se\/wp-content\/uploads\/2017\/01\/worldmap.jpg)\" >\n\t\t\t\t\t<div class=\"sow-slider-image-container\">\n\t\t\t<div class=\"sow-slider-image-wrapper\">\n\t\t\t\t<pre>\u00a0<\/pre><h1 style=\"text-align: center\"><\/p><h1 style=\"text-align: center\"><strong><div class=\"mlprx \" style=\"\" data-effect=\"animated flipInX\" data-delay=\"1000\">Distributors<\/div><\/strong><\/h1><p style=\"text-align: center\">Our distributors around the world<\/p><h1 style=\"text-align: center\"><\/p>\t\t\t<\/div>\n\t\t<\/div>\n\t\t\t\t<\/li>\n\t\t<\/ul>\t\t\t\t<ol class=\"sow-slider-pagination\">\n\t\t\t\t\t\t\t\t\t\t\t<li><a href=\"#\" data-goto=\"0\" aria-label=\"Display slide 1\"><\/a><\/li>\n\t\t\t\t\t\t\t\t\t<\/ol>\n\n\t\t\t\t<div class=\"sow-slide-nav sow-slide-nav-next\">\n\t\t\t\t\t<a href=\"#\" data-goto=\"next\" aria-label=\"Next slide\" data-action=\"next\">\n\t\t\t\t\t\t<em class=\"sow-sld-icon-thin-right\"><\/em>\n\t\t\t\t\t<\/a>\n\t\t\t\t<\/div>\n\n\t\t\t\t<div class=\"sow-slide-nav sow-slide-nav-prev\">\n\t\t\t\t\t<a href=\"#\" data-goto=\"previous\" aria-label=\"Previous slide\" data-action=\"prev\">\n\t\t\t\t\t\t<em class=\"sow-sld-icon-thin-left\"><\/em>\n\t\t\t\t\t<\/a>\n\t\t\t\t<\/div>\n\t\t\t\t<\/div><\/div><\/div><\/div><\/div><\/div><div id=\"pg-80-1\"  class=\"panel-grid panel-no-style\" ><div id=\"pgc-80-1-0\"  class=\"panel-grid-cell\" ><div id=\"panel-80-1-0-0\" class=\"so-panel widget widget_sow-image panel-first-child panel-last-child\" data-index=\"1\" ><div class=\"retailer-widget panel-widget-style panel-widget-style-for-80-1-0-0\" ><div\n\t\t\t\n\t\t\tclass=\"so-widget-sow-image so-widget-sow-image-default-4e6925654b7a-80\"\n\t\t\t\n\t\t><h3 class=\"widget-title\">Sweden - Scanwaste<\/h3>\n<div class=\"sow-image-container\">\n\t\t\t<a href=\"http:\/\/scanwaste.se\/\"\n\t\t\ttarget=\"_blank\" rel=\"noopener noreferrer\" \t\t>\n\t\t\t<img \n\tsrc=\"https:\/\/www.nva.se\/wp-content\/uploads\/2017\/01\/Scanwaste-2017-logga-LR-300x86.png\" width=\"300\" height=\"86\" srcset=\"https:\/\/www.nva.se\/wp-content\/uploads\/2017\/01\/Scanwaste-2017-logga-LR-300x86.png 300w, https:\/\/www.nva.se\/wp-content\/uploads\/2017\/01\/Scanwaste-2017-logga-LR.png 349w\" sizes=\"(max-width: 300px) 100vw, 300px\" title=\"Sweden - Scanwaste\" alt=\"\" \t\tclass=\"so-widget-image\"\/>\n\t\t\t<\/a><\/div>\n\n<\/div><\/div><\/div><\/div><div id=\"pgc-80-1-1\"  class=\"panel-grid-cell\" ><div id=\"panel-80-1-1-0\" class=\"so-panel widget widget_sow-image panel-first-child panel-last-child\" data-index=\"2\" ><div class=\"retailer-widget panel-widget-style panel-widget-style-for-80-1-1-0\" ><div\n\t\t\t\n\t\t\tclass=\"so-widget-sow-image so-widget-sow-image-default-c67d20f9f743-80\"\n\t\t\t\n\t\t><h3 class=\"widget-title\">Sweden - Ekstr\u00f6m materialhantering<\/h3>\n<div class=\"sow-image-container\">\n\t\t\t<a href=\"http:\/\/www.balpressen.se\"\n\t\t\ttarget=\"_blank\" rel=\"noopener noreferrer\" \t\t>\n\t\t\t<img \n\tsrc=\"https:\/\/www.nva.se\/wp-content\/uploads\/2017\/01\/ekstrom-206x60.png\" width=\"206\" height=\"60\" sizes=\"(max-width: 206px) 100vw, 206px\" title=\"Sweden - Ekstr\u00f6m materialhantering\" alt=\"\" \t\tclass=\"so-widget-image\"\/>\n\t\t\t<\/a><\/div>\n\n<\/div><\/div><\/div><\/div><div id=\"pgc-80-1-2\"  class=\"panel-grid-cell\" ><div id=\"panel-80-1-2-0\" class=\"so-panel widget widget_sow-image panel-first-child panel-last-child\" data-index=\"3\" ><div class=\"retailer-widget panel-widget-style panel-widget-style-for-80-1-2-0\" ><div\n\t\t\t\n\t\t\tclass=\"so-widget-sow-image so-widget-sow-image-default-4e6925654b7a-80\"\n\t\t\t\n\t\t><h3 class=\"widget-title\">Norway- Agenturhuset<\/h3>\n<div class=\"sow-image-container\">\n\t\t\t<a href=\"http:\/\/agenturhuset.no\/\"\n\t\t\ttarget=\"_blank\" rel=\"noopener noreferrer\" \t\t>\n\t\t\t<img \n\tsrc=\"https:\/\/www.nva.se\/wp-content\/uploads\/2020\/04\/AgenturhusetLogo2-300x56.jpg\" width=\"300\" height=\"56\" srcset=\"https:\/\/www.nva.se\/wp-content\/uploads\/2020\/04\/AgenturhusetLogo2-300x56.jpg 300w, https:\/\/www.nva.se\/wp-content\/uploads\/2020\/04\/AgenturhusetLogo2.jpg 520w\" sizes=\"(max-width: 300px) 100vw, 300px\" title=\"Norway- Agenturhuset\" alt=\"\" \t\tclass=\"so-widget-image\"\/>\n\t\t\t<\/a><\/div>\n\n<\/div><\/div><\/div><\/div><\/div><div id=\"pg-80-2\"  class=\"panel-grid panel-has-style\" ><div class=\"panel-row-style panel-row-style-for-80-2\" ><div id=\"pgc-80-2-0\"  class=\"panel-grid-cell\" ><div id=\"panel-80-2-0-0\" class=\"so-panel widget widget_sow-image panel-first-child panel-last-child\" data-index=\"4\" ><div class=\"retailer-widget panel-widget-style panel-widget-style-for-80-2-0-0\" ><div\n\t\t\t\n\t\t\tclass=\"so-widget-sow-image so-widget-sow-image-default-4e6925654b7a-80\"\n\t\t\t\n\t\t><h3 class=\"widget-title\">Finland - Kapasity<\/h3>\n<div class=\"sow-image-container\">\n\t\t\t<a href=\"https:\/\/www.kapasity.fi\/\"\n\t\t\ttarget=\"_blank\" rel=\"noopener noreferrer\" \t\t>\n\t\t\t<img \n\tsrc=\"https:\/\/www.nva.se\/wp-content\/uploads\/2024\/06\/Kapasity-2024-Web-300x86.png\" width=\"300\" height=\"86\" srcset=\"https:\/\/www.nva.se\/wp-content\/uploads\/2024\/06\/Kapasity-2024-Web-300x86.png 300w, https:\/\/www.nva.se\/wp-content\/uploads\/2024\/06\/Kapasity-2024-Web.png 350w\" sizes=\"(max-width: 300px) 100vw, 300px\" title=\"Finland - Kapasity\" alt=\"\" \t\tclass=\"so-widget-image\"\/>\n\t\t\t<\/a><\/div>\n\n<\/div><\/div><\/div><\/div><div id=\"pgc-80-2-1\"  class=\"panel-grid-cell\" ><div id=\"panel-80-2-1-0\" class=\"so-panel widget widget_sow-image panel-first-child panel-last-child\" data-index=\"5\" ><div class=\"retailer-widget panel-widget-style panel-widget-style-for-80-2-1-0\" ><div\n\t\t\t\n\t\t\tclass=\"so-widget-sow-image so-widget-sow-image-default-4e6925654b7a-80\"\n\t\t\t\n\t\t><h3 class=\"widget-title\">Denmark - CJ Montage<\/h3>\n<div class=\"sow-image-container\">\n\t\t\t<a href=\"http:\/\/www.cj-montage.dk\/\"\n\t\t\ttarget=\"_blank\" rel=\"noopener noreferrer\" \t\t>\n\t\t\t<img \n\tsrc=\"https:\/\/www.nva.se\/wp-content\/uploads\/2017\/01\/CJ-Logga-2017-248x120.png\" width=\"248\" height=\"120\" sizes=\"(max-width: 248px) 100vw, 248px\" title=\"Denmark - CJ Montage\" alt=\"\" \t\tclass=\"so-widget-image\"\/>\n\t\t\t<\/a><\/div>\n\n<\/div><\/div><\/div><\/div><div id=\"pgc-80-2-2\"  class=\"panel-grid-cell\" ><div id=\"panel-80-2-2-0\" class=\"so-panel widget widget_sow-image panel-first-child panel-last-child\" data-index=\"6\" ><div class=\"retailer-widget panel-widget-style panel-widget-style-for-80-2-2-0\" ><div\n\t\t\t\n\t\t\tclass=\"so-widget-sow-image so-widget-sow-image-default-4e6925654b7a-80\"\n\t\t\t\n\t\t><h3 class=\"widget-title\">Iceland - Hagverk<\/h3>\n<div class=\"sow-image-container\">\n\t\t\t<a href=\"http:\/\/hagverk.is\/\"\n\t\t\ttarget=\"_blank\" rel=\"noopener noreferrer\" \t\t>\n\t\t\t<img \n\tsrc=\"https:\/\/www.nva.se\/wp-content\/uploads\/2017\/01\/hagverk-300x65.png\" width=\"300\" height=\"65\" srcset=\"https:\/\/www.nva.se\/wp-content\/uploads\/2017\/01\/hagverk-300x65.png 300w, https:\/\/www.nva.se\/wp-content\/uploads\/2017\/01\/hagverk-1024x221.png 1024w, https:\/\/www.nva.se\/wp-content\/uploads\/2017\/01\/hagverk.png 1537w\" sizes=\"(max-width: 300px) 100vw, 300px\" title=\"Iceland - Hagverk\" alt=\"\" \t\tclass=\"so-widget-image\"\/>\n\t\t\t<\/a><\/div>\n\n<\/div><\/div><\/div><\/div><\/div><\/div><div id=\"pg-80-3\"  class=\"panel-grid panel-no-style\" ><div id=\"pgc-80-3-0\"  class=\"panel-grid-cell\" ><div id=\"panel-80-3-0-0\" class=\"so-panel widget widget_sow-image panel-first-child panel-last-child\" data-index=\"7\" ><div class=\"retailer-widget panel-widget-style panel-widget-style-for-80-3-0-0\" ><div\n\t\t\t\n\t\t\tclass=\"so-widget-sow-image so-widget-sow-image-default-4e6925654b7a-80\"\n\t\t\t\n\t\t><h3 class=\"widget-title\">Netherlands - De Jong<\/h3>\n<div class=\"sow-image-container\">\n\t\t\t<a href=\"http:\/\/www.afvalpers.nl\/\"\n\t\t\ttarget=\"_blank\" rel=\"noopener noreferrer\" \t\t>\n\t\t\t<img \n\tsrc=\"https:\/\/www.nva.se\/wp-content\/uploads\/2017\/01\/dejong-300x124.png\" width=\"300\" height=\"124\" srcset=\"https:\/\/www.nva.se\/wp-content\/uploads\/2017\/01\/dejong-300x124.png 300w, https:\/\/www.nva.se\/wp-content\/uploads\/2017\/01\/dejong.png 461w\" sizes=\"(max-width: 300px) 100vw, 300px\" title=\"Netherlands - De Jong\" alt=\"\" \t\tclass=\"so-widget-image\"\/>\n\t\t\t<\/a><\/div>\n\n<\/div><\/div><\/div><\/div><div id=\"pgc-80-3-1\"  class=\"panel-grid-cell\" ><div id=\"panel-80-3-1-0\" class=\"so-panel widget widget_sow-image panel-first-child panel-last-child\" data-index=\"8\" ><div class=\"retailer-widget panel-widget-style panel-widget-style-for-80-3-1-0\" ><div\n\t\t\t\n\t\t\tclass=\"so-widget-sow-image so-widget-sow-image-default-c67d20f9f743-80\"\n\t\t\t\n\t\t><h3 class=\"widget-title\">Saudi-Arabia and Oman - Nordtech<\/h3>\n<div class=\"sow-image-container\">\n\t\t\t<a href=\"http:\/\/nordtechconsulting.se\/baler-presses\/\"\n\t\t\ttarget=\"_blank\" rel=\"noopener noreferrer\" \t\t>\n\t\t\t<img \n\tsrc=\"https:\/\/www.nva.se\/wp-content\/uploads\/2017\/01\/nordtech-258x80.png\" width=\"258\" height=\"80\" sizes=\"(max-width: 258px) 100vw, 258px\" title=\"Saudi-Arabia and Oman - Nordtech\" alt=\"\" \t\tclass=\"so-widget-image\"\/>\n\t\t\t<\/a><\/div>\n\n<\/div><\/div><\/div><\/div><div id=\"pgc-80-3-2\"  class=\"panel-grid-cell\" ><div id=\"panel-80-3-2-0\" class=\"so-panel widget widget_sow-image panel-first-child panel-last-child\" data-index=\"9\" ><div class=\"retailer-widget panel-widget-style panel-widget-style-for-80-3-2-0\" ><div\n\t\t\t\n\t\t\tclass=\"so-widget-sow-image so-widget-sow-image-default-4e6925654b7a-80\"\n\t\t\t\n\t\t><h3 class=\"widget-title\">Belgium - Degetech BVBA<\/h3>\n<div class=\"sow-image-container\">\n\t\t\t<a href=\"http:\/\/www.degetech.com\/HTML\/balenpers.html\"\n\t\t\ttarget=\"_blank\" rel=\"noopener noreferrer\" \t\t>\n\t\t\t<img \n\tsrc=\"https:\/\/www.nva.se\/wp-content\/uploads\/2017\/01\/DGT-logga-2017-300x114.png\" width=\"300\" height=\"114\" srcset=\"https:\/\/www.nva.se\/wp-content\/uploads\/2017\/01\/DGT-logga-2017-300x114.png 300w, https:\/\/www.nva.se\/wp-content\/uploads\/2017\/01\/DGT-logga-2017.png 310w\" sizes=\"(max-width: 300px) 100vw, 300px\" title=\"Belgium - Degetech BVBA\" alt=\"\" \t\tclass=\"so-widget-image\"\/>\n\t\t\t<\/a><\/div>\n\n<\/div><\/div><\/div><\/div><\/div><div id=\"pg-80-4\"  class=\"panel-grid panel-no-style\" ><div id=\"pgc-80-4-0\"  class=\"panel-grid-cell\" ><div id=\"panel-80-4-0-0\" class=\"so-panel widget widget_sow-image panel-first-child panel-last-child\" data-index=\"10\" ><div class=\"retailer-widget panel-widget-style panel-widget-style-for-80-4-0-0\" ><div\n\t\t\t\n\t\t\tclass=\"so-widget-sow-image so-widget-sow-image-default-4e6925654b7a-80\"\n\t\t\t\n\t\t><h3 class=\"widget-title\">Marine balers - Evac\/Uson Marine<\/h3>\n<div class=\"sow-image-container\">\n\t\t\t<a href=\"https:\/\/evac.com\/solutions\/dryandwetwastetreatment\/evaccompactors\/\"\n\t\t\ttarget=\"_blank\" rel=\"noopener noreferrer\" \t\t>\n\t\t\t<img \n\tsrc=\"https:\/\/www.nva.se\/wp-content\/uploads\/2017\/01\/Evac-logo-V2-300x110.jpg\" width=\"300\" height=\"110\" srcset=\"https:\/\/www.nva.se\/wp-content\/uploads\/2017\/01\/Evac-logo-V2-300x110.jpg 300w, https:\/\/www.nva.se\/wp-content\/uploads\/2017\/01\/Evac-logo-V2.jpg 594w\" sizes=\"(max-width: 300px) 100vw, 300px\" title=\"Marine balers - Evac\/Uson Marine\" alt=\"Evac compactors\" \t\tclass=\"so-widget-image\"\/>\n\t\t\t<\/a><\/div>\n\n<\/div><\/div><\/div><\/div><div id=\"pgc-80-4-1\"  class=\"panel-grid-cell\" ><div id=\"panel-80-4-1-0\" class=\"so-panel widget widget_sow-image panel-first-child panel-last-child\" data-index=\"11\" ><div class=\"retailer-widget panel-widget-style panel-widget-style-for-80-4-1-0\" ><div\n\t\t\t\n\t\t\tclass=\"so-widget-sow-image so-widget-sow-image-default-a258e6bfa2d8-80\"\n\t\t\t\n\t\t><h3 class=\"widget-title\">UK<\/h3>\n<div class=\"sow-image-container\">\n\t\t<img \n\tsrc=\"https:\/\/www.nva.se\/wp-content\/uploads\/2017\/01\/cropped-cropped-nva_logo-104x55.png\" width=\"104\" height=\"55\" sizes=\"(max-width: 104px) 100vw, 104px\" title=\"UK\" alt=\"\" \t\tclass=\"so-widget-image\"\/>\n\t<\/div>\n\n<\/div><\/div><\/div><\/div><div id=\"pgc-80-4-2\"  class=\"panel-grid-cell\" ><div id=\"panel-80-4-2-0\" class=\"so-panel widget widget_sow-image panel-first-child panel-last-child\" data-index=\"12\" ><div class=\"retailer-widget panel-widget-style panel-widget-style-for-80-4-2-0\" ><div\n\t\t\t\n\t\t\tclass=\"so-widget-sow-image so-widget-sow-image-default-c67d20f9f743-80\"\n\t\t\t\n\t\t><h3 class=\"widget-title\">Spain<\/h3>\n<div class=\"sow-image-container\">\n\t\t<img \n\tsrc=\"https:\/\/www.nva.se\/wp-content\/uploads\/2017\/01\/cropped-nva_logo-104x55.png\" width=\"104\" height=\"55\" sizes=\"(max-width: 104px) 100vw, 104px\" title=\"Spain\" alt=\"NP logotyp\" \t\tclass=\"so-widget-image\"\/>\n\t<\/div>\n\n<\/div><\/div><\/div><\/div><\/div><div id=\"pg-80-5\"  class=\"panel-grid panel-no-style\" ><div id=\"pgc-80-5-0\"  class=\"panel-grid-cell panel-grid-cell-empty\" ><\/div><div id=\"pgc-80-5-1\"  class=\"panel-grid-cell panel-grid-cell-empty panel-grid-cell-mobile-last\" ><\/div><div id=\"pgc-80-5-2\"  class=\"panel-grid-cell panel-grid-cell-empty\" ><\/div><\/div><\/div>","protected":false},"excerpt":{"rendered":"<p>\u00a0DistributorsOur distributors around the world Sweden &#8211; Scanwaste Sweden &#8211; Ekstr\u00f6m materialhantering Norway- Agenturhuset Finland &#8211; Kapasity Denmark &#8211; CJ Montage Iceland &#8211; Hagverk Netherlands &#8211; De Jong Saudi-Arabia and Oman &#8211; Nordtech Belgium &#8211; Degetech BVBA Marine balers &#8211; Evac\/Uson Marine UK Spain<\/p>\n","protected":false},"author":1,"featured_media":0,"parent":0,"menu_order":0,"comment_status":"closed","ping_status":"closed","template":"page-templates\/full-width.php","meta":{"footnotes":""},"class_list":["post-80","page","type-page","status-publish","hentry"],"yoast_head":"<!-- This site is optimized with the Yoast SEO plugin v26.0 - https:\/\/yoast.com\/wordpress\/plugins\/seo\/ -->\n<title>\u00c5terf\u00f6rs\u00e4ljare - N\u00e4ttrabyPressen - N\u00e4ttraby Verktygs AB<\/title>\n<meta name=\"robots\" content=\"index, follow, max-snippet:-1, max-image-preview:large, max-video-preview:-1\" \/>\n<link rel=\"canonical\" href=\"https:\/\/www.nva.se\/en\/aterforsaljare\/\" \/>\n<meta property=\"og:locale\" content=\"en_US\" \/>\n<meta property=\"og:type\" content=\"article\" \/>\n<meta property=\"og:title\" content=\"\u00c5terf\u00f6rs\u00e4ljare - N\u00e4ttrabyPressen - N\u00e4ttraby Verktygs AB\" \/>\n<meta property=\"og:description\" content=\"\u00a0DistributorsOur distributors around the world Sweden - Scanwaste Sweden - Ekstr\u00f6m materialhantering Norway- Agenturhuset Finland - Kapasity Denmark - CJ Montage Iceland - Hagverk Netherlands - De Jong Saudi-Arabia and Oman - Nordtech Belgium - Degetech BVBA Marine balers - Evac\/Uson Marine UK Spain\" \/>\n<meta property=\"og:url\" content=\"https:\/\/www.nva.se\/en\/aterforsaljare\/\" \/>\n<meta property=\"og:site_name\" content=\"N\u00e4ttrabyPressen - N\u00e4ttraby Verktygs AB\" \/>\n<meta property=\"article:modified_time\" content=\"2024-06-26T12:12:44+00:00\" \/>\n<meta name=\"twitter:card\" content=\"summary_large_image\" \/>\n<meta name=\"twitter:label1\" content=\"Est. reading time\" \/>\n\t<meta name=\"twitter:data1\" content=\"1 minute\" \/>\n<script type=\"application\/ld+json\" class=\"yoast-schema-graph\">{\"@context\":\"https:\/\/schema.org\",\"@graph\":[{\"@type\":\"WebPage\",\"@id\":\"https:\/\/www.nva.se\/en\/aterforsaljare\/\",\"url\":\"https:\/\/www.nva.se\/en\/aterforsaljare\/\",\"name\":\"\u00c5terf\u00f6rs\u00e4ljare - N\u00e4ttrabyPressen - N\u00e4ttraby Verktygs AB\",\"isPartOf\":{\"@id\":\"https:\/\/www.nva.se\/#website\"},\"datePublished\":\"2017-01-02T16:30:43+00:00\",\"dateModified\":\"2024-06-26T12:12:44+00:00\",\"breadcrumb\":{\"@id\":\"https:\/\/www.nva.se\/en\/aterforsaljare\/#breadcrumb\"},\"inLanguage\":\"en-US\",\"potentialAction\":[{\"@type\":\"ReadAction\",\"target\":[\"https:\/\/www.nva.se\/en\/aterforsaljare\/\"]}]},{\"@type\":\"BreadcrumbList\",\"@id\":\"https:\/\/www.nva.se\/en\/aterforsaljare\/#breadcrumb\",\"itemListElement\":[{\"@type\":\"ListItem\",\"position\":1,\"name\":\"Home\",\"item\":\"https:\/\/www.nva.se\/\"},{\"@type\":\"ListItem\",\"position\":2,\"name\":\"\u00c5terf\u00f6rs\u00e4ljare\"}]},{\"@type\":\"WebSite\",\"@id\":\"https:\/\/www.nva.se\/#website\",\"url\":\"https:\/\/www.nva.se\/\",\"name\":\"N\u00e4ttrabyPressen - N\u00e4ttraby Verktygs AB\",\"description\":\"Profitable recycling by compaction using NattrabyPressen balers\",\"publisher\":{\"@id\":\"https:\/\/www.nva.se\/#organization\"},\"potentialAction\":[{\"@type\":\"SearchAction\",\"target\":{\"@type\":\"EntryPoint\",\"urlTemplate\":\"https:\/\/www.nva.se\/?s={search_term_string}\"},\"query-input\":{\"@type\":\"PropertyValueSpecification\",\"valueRequired\":true,\"valueName\":\"search_term_string\"}}],\"inLanguage\":\"en-US\"},{\"@type\":\"Organization\",\"@id\":\"https:\/\/www.nva.se\/#organization\",\"name\":\"N\u00e4ttraby Verktygs AB, NVA\",\"url\":\"https:\/\/www.nva.se\/\",\"logo\":{\"@type\":\"ImageObject\",\"inLanguage\":\"en-US\",\"@id\":\"https:\/\/www.nva.se\/#\/schema\/logo\/image\/\",\"url\":\"https:\/\/i2.wp.com\/www.nattrabypressen.com\/wp-content\/uploads\/2017\/01\/nva_logo.png?fit=369%2C194&ssl=1\",\"contentUrl\":\"https:\/\/i2.wp.com\/www.nattrabypressen.com\/wp-content\/uploads\/2017\/01\/nva_logo.png?fit=369%2C194&ssl=1\",\"width\":369,\"height\":194,\"caption\":\"N\u00e4ttraby Verktygs AB, NVA\"},\"image\":{\"@id\":\"https:\/\/www.nva.se\/#\/schema\/logo\/image\/\"}}]}<\/script>\n<!-- \/ Yoast SEO plugin. -->","yoast_head_json":{"title":"\u00c5terf\u00f6rs\u00e4ljare - N\u00e4ttrabyPressen - N\u00e4ttraby Verktygs AB","robots":{"index":"index","follow":"follow","max-snippet":"max-snippet:-1","max-image-preview":"max-image-preview:large","max-video-preview":"max-video-preview:-1"},"canonical":"https:\/\/www.nva.se\/en\/aterforsaljare\/","og_locale":"en_US","og_type":"article","og_title":"\u00c5terf\u00f6rs\u00e4ljare - N\u00e4ttrabyPressen - N\u00e4ttraby Verktygs AB","og_description":"\u00a0DistributorsOur distributors around the world Sweden - Scanwaste Sweden - Ekstr\u00f6m materialhantering Norway- Agenturhuset Finland - Kapasity Denmark - CJ Montage Iceland - Hagverk Netherlands - De Jong Saudi-Arabia and Oman - Nordtech Belgium - Degetech BVBA Marine balers - Evac\/Uson Marine UK Spain","og_url":"https:\/\/www.nva.se\/en\/aterforsaljare\/","og_site_name":"N\u00e4ttrabyPressen - N\u00e4ttraby Verktygs AB","article_modified_time":"2024-06-26T12:12:44+00:00","twitter_card":"summary_large_image","twitter_misc":{"Est. reading time":"1 minute"},"schema":{"@context":"https:\/\/schema.org","@graph":[{"@type":"WebPage","@id":"https:\/\/www.nva.se\/en\/aterforsaljare\/","url":"https:\/\/www.nva.se\/en\/aterforsaljare\/","name":"\u00c5terf\u00f6rs\u00e4ljare - N\u00e4ttrabyPressen - N\u00e4ttraby Verktygs AB","isPartOf":{"@id":"https:\/\/www.nva.se\/#website"},"datePublished":"2017-01-02T16:30:43+00:00","dateModified":"2024-06-26T12:12:44+00:00","breadcrumb":{"@id":"https:\/\/www.nva.se\/en\/aterforsaljare\/#breadcrumb"},"inLanguage":"en-US","potentialAction":[{"@type":"ReadAction","target":["https:\/\/www.nva.se\/en\/aterforsaljare\/"]}]},{"@type":"BreadcrumbList","@id":"https:\/\/www.nva.se\/en\/aterforsaljare\/#breadcrumb","itemListElement":[{"@type":"ListItem","position":1,"name":"Home","item":"https:\/\/www.nva.se\/"},{"@type":"ListItem","position":2,"name":"\u00c5terf\u00f6rs\u00e4ljare"}]},{"@type":"WebSite","@id":"https:\/\/www.nva.se\/#website","url":"https:\/\/www.nva.se\/","name":"N\u00e4ttrabyPressen - N\u00e4ttraby Verktygs AB","description":"Profitable recycling by compaction using NattrabyPressen balers","publisher":{"@id":"https:\/\/www.nva.se\/#organization"},"potentialAction":[{"@type":"SearchAction","target":{"@type":"EntryPoint","urlTemplate":"https:\/\/www.nva.se\/?s={search_term_string}"},"query-input":{"@type":"PropertyValueSpecification","valueRequired":true,"valueName":"search_term_string"}}],"inLanguage":"en-US"},{"@type":"Organization","@id":"https:\/\/www.nva.se\/#organization","name":"N\u00e4ttraby Verktygs AB, NVA","url":"https:\/\/www.nva.se\/","logo":{"@type":"ImageObject","inLanguage":"en-US","@id":"https:\/\/www.nva.se\/#\/schema\/logo\/image\/","url":"https:\/\/i2.wp.com\/www.nattrabypressen.com\/wp-content\/uploads\/2017\/01\/nva_logo.png?fit=369%2C194&ssl=1","contentUrl":"https:\/\/i2.wp.com\/www.nattrabypressen.com\/wp-content\/uploads\/2017\/01\/nva_logo.png?fit=369%2C194&ssl=1","width":369,"height":194,"caption":"N\u00e4ttraby Verktygs AB, NVA"},"image":{"@id":"https:\/\/www.nva.se\/#\/schema\/logo\/image\/"}}]}},"_links":{"self":[{"href":"https:\/\/www.nva.se\/en\/wp-json\/wp\/v2\/pages\/80","targetHints":{"allow":["GET"]}}],"collection":[{"href":"https:\/\/www.nva.se\/en\/wp-json\/wp\/v2\/pages"}],"about":[{"href":"https:\/\/www.nva.se\/en\/wp-json\/wp\/v2\/types\/page"}],"author":[{"embeddable":true,"href":"https:\/\/www.nva.se\/en\/wp-json\/wp\/v2\/users\/1"}],"replies":[{"embeddable":true,"href":"https:\/\/www.nva.se\/en\/wp-json\/wp\/v2\/comments?post=80"}],"version-history":[{"count":60,"href":"https:\/\/www.nva.se\/en\/wp-json\/wp\/v2\/pages\/80\/revisions"}],"predecessor-version":[{"id":3217,"href":"https:\/\/www.nva.se\/en\/wp-json\/wp\/v2\/pages\/80\/revisions\/3217"}],"wp:attachment":[{"href":"https:\/\/www.nva.se\/en\/wp-json\/wp\/v2\/media?parent=80"}],"curies":[{"name":"wp","href":"https:\/\/api.w.org\/{rel}","templated":true}]}}