{"id":706,"date":"2017-04-13T15:38:48","date_gmt":"2017-04-13T15:38:48","guid":{"rendered":"http:\/\/www.nattrabypressen.com\/?page_id=706"},"modified":"2024-03-14T12:18:44","modified_gmt":"2024-03-14T12:18:44","slug":"np80p-ii","status":"publish","type":"page","link":"https:\/\/www.nva.se\/en\/produkter\/np80p-ii\/","title":{"rendered":"NP80P-II"},"content":{"rendered":"<div id=\"pl-706\"  class=\"panel-layout\" ><div id=\"pg-706-0\"  class=\"panel-grid panel-has-style\" ><div class=\"siteorigin-panels-stretch panel-row-style panel-row-style-for-706-0\" data-stretch-type=\"full\" ><div id=\"pgc-706-0-0\"  class=\"panel-grid-cell\" ><div id=\"panel-706-0-0-0\" class=\"so-panel widget widget_sow-headline panel-first-child\" data-index=\"0\" ><div\n\t\t\t\n\t\t\tclass=\"so-widget-sow-headline so-widget-sow-headline-default-480d33904116-706\"\n\t\t\t\n\t\t><div class=\"sow-headline-container \">\n\t\t\t\t\t\t\t<h3 class=\"sow-sub-headline\">\n\t\t\t\t\t\tNP 80P - II\t\t\t\t\t\t<\/h3>\n\t\t\t\t\t\t\t\t\t\t\t<div class=\"decoration\">\n\t\t\t\t\t\t<div class=\"decoration-inside\"><\/div>\n\t\t\t\t\t<\/div>\n\t\t\t\t\t<\/div>\n<\/div><\/div><\/div><div id=\"pgc-706-0-1\"  class=\"panel-grid-cell\" ><div id=\"panel-706-0-1-0\" class=\"so-panel widget widget_sow-headline panel-first-child\" data-index=\"2\" ><div class=\"panel-widget-style panel-widget-style-for-706-0-1-0\" ><div\n\t\t\t\n\t\t\tclass=\"so-widget-sow-headline so-widget-sow-headline-default-367098490815-706\"\n\t\t\t\n\t\t><div class=\"sow-headline-container \">\n\t<\/div>\n<\/div><\/div><\/div><div id=\"panel-706-0-1-1\" class=\"so-panel widget widget_sow-editor panel-last-child\" data-index=\"3\" ><div\n\t\t\t\n\t\t\tclass=\"so-widget-sow-editor so-widget-sow-editor-base\"\n\t\t\t\n\t\t>\n<div class=\"siteorigin-widget-tinymce textwidget\">\n\t<div id=\"ctl00_ctl00_MainContentPane1_ContentPane1_ctl00_IngressText\">\n<p class=\"Ingress\"><span id=\"ctl00_ctl00_MainContentPane1_ContentPane1_ctl00_lblIngress\"><span id=\"ctl00_ctl00_MainContentPane1_ContentPane1_ctl00_lblIngress\"><strong>NP 80P -II, a powerful baler for soft plastics<\/strong><\/span><\/p>\n<p>NP80P-II is adapted for compacting expanding material and to manage its forces.<br \/> These solutions provide a faster flow and heavier bale weight.<\/p>\n<ul>\n<li>Specialized for compacting large quantities of soft plastics, but handles most material<\/li>\n<li>High compaction pressure and generous feed opening on a minimum of floor space<\/li>\n<li>Convenient operating height<\/li>\n<li>Total height below 2 m<\/li>\n<li>Very reliable, proven long-lasting performance, even outdoors<\/li>\n<\/ul>\n<p>By a pallet truck all NP balers are easily located\/relocated where they are needed the most. Overall, a sustainable solution for economy as well as environment!<\/p>\n<p align=\"left\">\n<\/li>\n<\/ul>\n<\/div>\n<\/div>\n<\/div><\/div><\/div><\/div><\/div><div id=\"pg-706-1\"  class=\"panel-grid panel-no-style\" ><div id=\"pgc-706-1-0\"  class=\"panel-grid-cell\" ><div id=\"panel-706-1-0-0\" class=\"so-panel widget widget_sow-editor panel-first-child panel-last-child\" data-index=\"4\" ><div class=\"download-widget panel-widget-style panel-widget-style-for-706-1-0-0\" ><div\n\t\t\t\n\t\t\tclass=\"so-widget-sow-editor so-widget-sow-editor-base\"\n\t\t\t\n\t\t><h3 class=\"widget-title\">Downloadable files<\/h3>\n<div class=\"siteorigin-widget-tinymce textwidget\">\n\t<p>\n<span class=\"download-btn\"> <a href=\"https:\/\/www.nattrabypressen.com\/wp-content\/uploads\/2024\/03\/NP80PII-20240312-GB-NVA.pdf\" target=\"_blank\" rel=\"noopener\">Leaflet NP80P-II <img loading=\"lazy\" decoding=\"async\" class=\"icon icons8-Download\" src=\"data:image\/png;base64,iVBORw0KGgoAAAANSUhEUgAAADIAAAAyCAYAAAAeP4ixAAABcklEQVRoQ+2Y6w3CMAyE3Q1gEmADmBw2ACZgBNgAZCmRoijxIyIuQtc\/pYIm\/u7OacpCf3IsARzXNMdh5lwRIO8EMHWuqYMnAIB4oghHHGohWg6xCNFyqIVoOcRCtDxiIVoetbBqOdT6iWjlIrS6b0TU26ZrILzN32sTaDtoLVpWkLtQjAbCIuyiQDRgqQ4NxMKgjqEVqA5gqCJkDIAYnMg\/gSOFWKoYiBai5VAgOloPInoR0Smd61KlfG+I6Gz4Ay+kR\/KTmc8tmF4RGYK3J9LOgDlDQLigS9pmtGBaRdQQx46b5iX8W6uWBFODeCHCHMmq9WBKkBGIcBCesAXzTKTb1Ni5J7Q4lYtGSI\/Uq1QNk981uH9GIFZxpBWzEpRXJ48T4c3eesyVzvD3oxCrOlI7w9cjTvyEIyUMf+an\/+ixSrOPFivdBxBzNmfI3xgTjsCRSVFDtBAtREtWAD1S98ikxLiH7b6aW9\/Z3TNOuqFb7wdTNZEzY+A3VQAAAABJRU5ErkJggg==\" width=\"25\" height=\"25\" \/><\/a><\/span><\/p>\n<\/div>\n<\/div><\/div><\/div><\/div><\/div><\/div>","protected":false},"excerpt":{"rendered":"<p>NP 80P -II, a powerful baler for soft plasticsNP80P-II is adapted for compacting expanding material and to manage its forces. These solutions provide a faster flow and heavier bale weight.Specialized for compacting large quantities of soft plastics, but handles most materialHigh compaction pressure and generous feed opening on a minimum of floor spaceConvenient operating heightTotal<\/p>\n<div><a class=\"btn-filled btn\" href=\"https:\/\/www.nva.se\/en\/produkter\/np80p-ii\/\" title=\"NP80P-II\">Read More<\/a><\/div>\n","protected":false},"author":3,"featured_media":0,"parent":70,"menu_order":0,"comment_status":"closed","ping_status":"closed","template":"page-templates\/full-width.php","meta":{"footnotes":""},"class_list":["post-706","page","type-page","status-publish","hentry"],"yoast_head":"<!-- This site is optimized with the Yoast SEO plugin v26.0 - https:\/\/yoast.com\/wordpress\/plugins\/seo\/ -->\n<title>NP80P-II - N\u00e4ttrabyPressen - N\u00e4ttraby Verktygs AB<\/title>\n<meta name=\"description\" content=\"Balpress f\u00f6r plastpressning\" \/>\n<meta name=\"robots\" content=\"index, follow, max-snippet:-1, max-image-preview:large, max-video-preview:-1\" \/>\n<link rel=\"canonical\" href=\"https:\/\/www.nva.se\/produkter\/np80p-ii\/\" \/>\n<meta property=\"og:locale\" content=\"en_US\" \/>\n<meta property=\"og:type\" content=\"article\" \/>\n<meta property=\"og:title\" content=\"NP80P-II - N\u00e4ttrabyPressen - N\u00e4ttraby Verktygs AB\" \/>\n<meta property=\"og:description\" content=\"Balpress f\u00f6r plastpressning\" \/>\n<meta property=\"og:url\" content=\"https:\/\/www.nva.se\/produkter\/np80p-ii\/\" \/>\n<meta property=\"og:site_name\" content=\"N\u00e4ttrabyPressen - N\u00e4ttraby Verktygs AB\" \/>\n<meta property=\"article:modified_time\" content=\"2024-03-14T12:18:44+00:00\" \/>\n<meta name=\"twitter:card\" content=\"summary_large_image\" \/>\n<meta name=\"twitter:label1\" content=\"Est. reading time\" \/>\n\t<meta name=\"twitter:data1\" content=\"2 minutes\" \/>\n<script type=\"application\/ld+json\" class=\"yoast-schema-graph\">{\"@context\":\"https:\/\/schema.org\",\"@graph\":[{\"@type\":\"WebPage\",\"@id\":\"https:\/\/www.nva.se\/produkter\/np80p-ii\/\",\"url\":\"https:\/\/www.nva.se\/produkter\/np80p-ii\/\",\"name\":\"NP80P-II - N\u00e4ttrabyPressen - N\u00e4ttraby Verktygs AB\",\"isPartOf\":{\"@id\":\"https:\/\/www.nva.se\/#website\"},\"datePublished\":\"2017-04-13T15:38:48+00:00\",\"dateModified\":\"2024-03-14T12:18:44+00:00\",\"description\":\"Balpress f\u00f6r plastpressning\",\"breadcrumb\":{\"@id\":\"https:\/\/www.nva.se\/produkter\/np80p-ii\/#breadcrumb\"},\"inLanguage\":\"en-US\",\"potentialAction\":[{\"@type\":\"ReadAction\",\"target\":[\"https:\/\/www.nva.se\/produkter\/np80p-ii\/\"]}]},{\"@type\":\"BreadcrumbList\",\"@id\":\"https:\/\/www.nva.se\/produkter\/np80p-ii\/#breadcrumb\",\"itemListElement\":[{\"@type\":\"ListItem\",\"position\":1,\"name\":\"Home\",\"item\":\"https:\/\/www.nva.se\/\"},{\"@type\":\"ListItem\",\"position\":2,\"name\":\"Produkter\",\"item\":\"https:\/\/www.nva.se\/produkter\/\"},{\"@type\":\"ListItem\",\"position\":3,\"name\":\"NP 80P-II\"}]},{\"@type\":\"WebSite\",\"@id\":\"https:\/\/www.nva.se\/#website\",\"url\":\"https:\/\/www.nva.se\/\",\"name\":\"N\u00e4ttrabyPressen - N\u00e4ttraby Verktygs AB\",\"description\":\"Profitable recycling by compaction using NattrabyPressen balers\",\"publisher\":{\"@id\":\"https:\/\/www.nva.se\/#organization\"},\"potentialAction\":[{\"@type\":\"SearchAction\",\"target\":{\"@type\":\"EntryPoint\",\"urlTemplate\":\"https:\/\/www.nva.se\/?s={search_term_string}\"},\"query-input\":{\"@type\":\"PropertyValueSpecification\",\"valueRequired\":true,\"valueName\":\"search_term_string\"}}],\"inLanguage\":\"en-US\"},{\"@type\":\"Organization\",\"@id\":\"https:\/\/www.nva.se\/#organization\",\"name\":\"N\u00e4ttraby Verktygs AB, NVA\",\"url\":\"https:\/\/www.nva.se\/\",\"logo\":{\"@type\":\"ImageObject\",\"inLanguage\":\"en-US\",\"@id\":\"https:\/\/www.nva.se\/#\/schema\/logo\/image\/\",\"url\":\"https:\/\/i2.wp.com\/www.nattrabypressen.com\/wp-content\/uploads\/2017\/01\/nva_logo.png?fit=369%2C194&ssl=1\",\"contentUrl\":\"https:\/\/i2.wp.com\/www.nattrabypressen.com\/wp-content\/uploads\/2017\/01\/nva_logo.png?fit=369%2C194&ssl=1\",\"width\":369,\"height\":194,\"caption\":\"N\u00e4ttraby Verktygs AB, NVA\"},\"image\":{\"@id\":\"https:\/\/www.nva.se\/#\/schema\/logo\/image\/\"}}]}<\/script>\n<!-- \/ Yoast SEO plugin. -->","yoast_head_json":{"title":"NP80P-II - N\u00e4ttrabyPressen - N\u00e4ttraby Verktygs AB","description":"Balpress f\u00f6r plastpressning","robots":{"index":"index","follow":"follow","max-snippet":"max-snippet:-1","max-image-preview":"max-image-preview:large","max-video-preview":"max-video-preview:-1"},"canonical":"https:\/\/www.nva.se\/produkter\/np80p-ii\/","og_locale":"en_US","og_type":"article","og_title":"NP80P-II - N\u00e4ttrabyPressen - N\u00e4ttraby Verktygs AB","og_description":"Balpress f\u00f6r plastpressning","og_url":"https:\/\/www.nva.se\/produkter\/np80p-ii\/","og_site_name":"N\u00e4ttrabyPressen - N\u00e4ttraby Verktygs AB","article_modified_time":"2024-03-14T12:18:44+00:00","twitter_card":"summary_large_image","twitter_misc":{"Est. reading time":"2 minutes"},"schema":{"@context":"https:\/\/schema.org","@graph":[{"@type":"WebPage","@id":"https:\/\/www.nva.se\/produkter\/np80p-ii\/","url":"https:\/\/www.nva.se\/produkter\/np80p-ii\/","name":"NP80P-II - N\u00e4ttrabyPressen - N\u00e4ttraby Verktygs AB","isPartOf":{"@id":"https:\/\/www.nva.se\/#website"},"datePublished":"2017-04-13T15:38:48+00:00","dateModified":"2024-03-14T12:18:44+00:00","description":"Balpress f\u00f6r plastpressning","breadcrumb":{"@id":"https:\/\/www.nva.se\/produkter\/np80p-ii\/#breadcrumb"},"inLanguage":"en-US","potentialAction":[{"@type":"ReadAction","target":["https:\/\/www.nva.se\/produkter\/np80p-ii\/"]}]},{"@type":"BreadcrumbList","@id":"https:\/\/www.nva.se\/produkter\/np80p-ii\/#breadcrumb","itemListElement":[{"@type":"ListItem","position":1,"name":"Home","item":"https:\/\/www.nva.se\/"},{"@type":"ListItem","position":2,"name":"Produkter","item":"https:\/\/www.nva.se\/produkter\/"},{"@type":"ListItem","position":3,"name":"NP 80P-II"}]},{"@type":"WebSite","@id":"https:\/\/www.nva.se\/#website","url":"https:\/\/www.nva.se\/","name":"N\u00e4ttrabyPressen - N\u00e4ttraby Verktygs AB","description":"Profitable recycling by compaction using NattrabyPressen balers","publisher":{"@id":"https:\/\/www.nva.se\/#organization"},"potentialAction":[{"@type":"SearchAction","target":{"@type":"EntryPoint","urlTemplate":"https:\/\/www.nva.se\/?s={search_term_string}"},"query-input":{"@type":"PropertyValueSpecification","valueRequired":true,"valueName":"search_term_string"}}],"inLanguage":"en-US"},{"@type":"Organization","@id":"https:\/\/www.nva.se\/#organization","name":"N\u00e4ttraby Verktygs AB, NVA","url":"https:\/\/www.nva.se\/","logo":{"@type":"ImageObject","inLanguage":"en-US","@id":"https:\/\/www.nva.se\/#\/schema\/logo\/image\/","url":"https:\/\/i2.wp.com\/www.nattrabypressen.com\/wp-content\/uploads\/2017\/01\/nva_logo.png?fit=369%2C194&ssl=1","contentUrl":"https:\/\/i2.wp.com\/www.nattrabypressen.com\/wp-content\/uploads\/2017\/01\/nva_logo.png?fit=369%2C194&ssl=1","width":369,"height":194,"caption":"N\u00e4ttraby Verktygs AB, NVA"},"image":{"@id":"https:\/\/www.nva.se\/#\/schema\/logo\/image\/"}}]}},"_links":{"self":[{"href":"https:\/\/www.nva.se\/en\/wp-json\/wp\/v2\/pages\/706","targetHints":{"allow":["GET"]}}],"collection":[{"href":"https:\/\/www.nva.se\/en\/wp-json\/wp\/v2\/pages"}],"about":[{"href":"https:\/\/www.nva.se\/en\/wp-json\/wp\/v2\/types\/page"}],"author":[{"embeddable":true,"href":"https:\/\/www.nva.se\/en\/wp-json\/wp\/v2\/users\/3"}],"replies":[{"embeddable":true,"href":"https:\/\/www.nva.se\/en\/wp-json\/wp\/v2\/comments?post=706"}],"version-history":[{"count":31,"href":"https:\/\/www.nva.se\/en\/wp-json\/wp\/v2\/pages\/706\/revisions"}],"predecessor-version":[{"id":3175,"href":"https:\/\/www.nva.se\/en\/wp-json\/wp\/v2\/pages\/706\/revisions\/3175"}],"up":[{"embeddable":true,"href":"https:\/\/www.nva.se\/en\/wp-json\/wp\/v2\/pages\/70"}],"wp:attachment":[{"href":"https:\/\/www.nva.se\/en\/wp-json\/wp\/v2\/media?parent=706"}],"curies":[{"name":"wp","href":"https:\/\/api.w.org\/{rel}","templated":true}]}}