{"id":3246,"date":"2024-08-07T13:30:16","date_gmt":"2024-08-07T13:30:16","guid":{"rendered":"https:\/\/www.nattrabypressen.com\/?page_id=3246"},"modified":"2025-01-16T10:25:54","modified_gmt":"2025-01-16T10:25:54","slug":"lediga-tjanster","status":"publish","type":"page","link":"https:\/\/www.nva.se\/en\/om-oss\/lediga-tjanster\/","title":{"rendered":"(Svenska) Lediga tj\u00e4nster"},"content":{"rendered":"<div id=\"pl-3246\"  class=\"panel-layout\" ><div id=\"pg-3246-0\"  class=\"panel-grid panel-has-style\" ><div class=\"siteorigin-panels-stretch panel-row-style panel-row-style-for-3246-0\" data-stretch-type=\"full-width-stretch\" ><div id=\"pgc-3246-0-0\"  class=\"panel-grid-cell\" ><div id=\"panel-3246-0-0-0\" class=\"so-panel widget widget_sow-hero panel-first-child panel-last-child\" data-index=\"0\" ><div\n\t\t\t\n\t\t\tclass=\"so-widget-sow-hero so-widget-sow-hero-default-34413a250fd7-3246 so-widget-fittext-wrapper\"\n\t\t\t data-fit-text-compressor=\"0.85\"\n\t\t>\t\t\t\t<div class=\"sow-slider-base\" style=\"display: none\" tabindex=\"0\">\n\t\t\t\t\t<ul\n\t\t\t\t\tclass=\"sow-slider-images\"\n\t\t\t\t\tdata-settings=\"{&quot;pagination&quot;:true,&quot;speed&quot;:800,&quot;timeout&quot;:8000,&quot;paused&quot;:false,&quot;pause_on_hover&quot;:false,&quot;swipe&quot;:true,&quot;nav_always_show_desktop&quot;:&quot;&quot;,&quot;nav_always_show_mobile&quot;:&quot;&quot;,&quot;breakpoint&quot;:&quot;780px&quot;,&quot;unmute&quot;:false,&quot;anchor&quot;:null}\"\n\t\t\t\t\tstyle=\"min-height: 400px\"\t\t\t\t\tdata-anchor-id=\"\"\n\t\t\t\t>\t\t<li class=\"sow-slider-image  sow-slider-image-cover\" style=\"visibility: visible;;background-color: #333333\" >\n\t\t\t\t\t<div class=\"sow-slider-image-container\">\n\t\t\t<div class=\"sow-slider-image-wrapper\">\n\t\t\t\t(Svenska) <h1 style=\"text-align: center\"><strong><div class=\"mlprx \" style=\"\" data-effect=\"animated flipInX\" data-delay=\"1000\">N\u00e4ttrabyPressen<\/div><\/strong><\/h1>\n<p style=\"text-align: center\">Lediga tj\u00e4nster<\/p>\t\t\t<\/div>\n\t\t<\/div>\n\t\t<div class=\"sow-slider-image-overlay sow-slider-image-cover\" style=\"opacity: 0.75;background-image: url(https:\/\/www.nva.se\/wp-content\/uploads\/2017\/01\/NVA_slide1.jpg)\"  ><\/div>\t\t<\/li>\n\t\t\t\t<li class=\"sow-slider-image  sow-slider-image-cover\" style=\"visibility: hidden;;background-color: #333333\" data-background=\"url(https:\/\/www.nva.se\/wp-content\/uploads\/2017\/01\/NVA_slide2.jpg)\" >\n\t\t\t\t\t<div class=\"sow-slider-image-container\">\n\t\t\t<div class=\"sow-slider-image-wrapper\">\n\t\t\t\t(Svenska) <h1 style=\"text-align: center\"><strong><div class=\"mlprx \" style=\"\" data-effect=\"animated flipInX\" data-delay=\"1000\">N\u00e4ttrabyPressen<\/div><\/strong><\/h1>\n<p style=\"text-align: center\">Lediga tj\u00e4nster<\/p>\t\t\t<\/div>\n\t\t<\/div>\n\t\t\t\t<\/li>\n\t\t\t\t<li class=\"sow-slider-image  sow-slider-image-cover\" style=\"visibility: hidden;;background-color: #333333\" data-background=\"url(https:\/\/www.nva.se\/wp-content\/uploads\/2017\/01\/NVA_slide3.jpg)\" >\n\t\t\t\t\t<div class=\"sow-slider-image-container\">\n\t\t\t<div class=\"sow-slider-image-wrapper\">\n\t\t\t\t(Svenska) <h1 style=\"text-align: center\"><strong><div class=\"mlprx \" style=\"\" data-effect=\"animated flipInX\" data-delay=\"1000\">N\u00e4ttrabyPressen<\/div><\/strong><\/h1>\n<p style=\"text-align: center\">Lediga tj\u00e4nster<\/p>\t\t\t<\/div>\n\t\t<\/div>\n\t\t\t\t<\/li>\n\t\t\t\t<li class=\"sow-slider-image  sow-slider-image-cover\" style=\"visibility: hidden;;background-color: #333333\" data-background=\"url(https:\/\/www.nva.se\/wp-content\/uploads\/2017\/01\/NVA_slide4.jpg)\" >\n\t\t\t\t\t<div class=\"sow-slider-image-container\">\n\t\t\t<div class=\"sow-slider-image-wrapper\">\n\t\t\t\t(Svenska) <h1 style=\"text-align: center\"><strong><div class=\"mlprx \" style=\"\" data-effect=\"animated flipInX\" data-delay=\"1000\">N\u00e4ttrabyPressen<\/div><\/strong><\/h1>\n<p style=\"text-align: center\">Lediga tj\u00e4nster<\/p>\t\t\t<\/div>\n\t\t<\/div>\n\t\t\t\t<\/li>\n\t\t<\/ul>\t\t\t\t<ol class=\"sow-slider-pagination\">\n\t\t\t\t\t\t\t\t\t\t\t<li><a href=\"#\" data-goto=\"0\" aria-label=\"Display slide 1\"><\/a><\/li>\n\t\t\t\t\t\t\t\t\t\t\t<li><a href=\"#\" data-goto=\"1\" aria-label=\"Display slide 2\"><\/a><\/li>\n\t\t\t\t\t\t\t\t\t\t\t<li><a href=\"#\" data-goto=\"2\" aria-label=\"Display slide 3\"><\/a><\/li>\n\t\t\t\t\t\t\t\t\t\t\t<li><a href=\"#\" data-goto=\"3\" aria-label=\"Display slide 4\"><\/a><\/li>\n\t\t\t\t\t\t\t\t\t<\/ol>\n\n\t\t\t\t<div class=\"sow-slide-nav sow-slide-nav-next\">\n\t\t\t\t\t<a href=\"#\" data-goto=\"next\" aria-label=\"Next slide\" data-action=\"next\">\n\t\t\t\t\t\t<em class=\"sow-sld-icon-thin-right\"><\/em>\n\t\t\t\t\t<\/a>\n\t\t\t\t<\/div>\n\n\t\t\t\t<div class=\"sow-slide-nav sow-slide-nav-prev\">\n\t\t\t\t\t<a href=\"#\" data-goto=\"previous\" aria-label=\"Previous slide\" data-action=\"prev\">\n\t\t\t\t\t\t<em class=\"sow-sld-icon-thin-left\"><\/em>\n\t\t\t\t\t<\/a>\n\t\t\t\t<\/div>\n\t\t\t\t<\/div><\/div><\/div><\/div><\/div><\/div><div id=\"pg-3246-1\"  class=\"panel-grid panel-has-style\" ><div class=\"siteorigin-panels-stretch panel-row-style panel-row-style-for-3246-1\" data-stretch-type=\"full\" ><div id=\"pgc-3246-1-0\"  class=\"panel-grid-cell\" ><div id=\"panel-3246-1-0-0\" class=\"so-panel widget widget_sow-editor panel-first-child panel-last-child\" data-index=\"1\" ><div\n\t\t\t\n\t\t\tclass=\"so-widget-sow-editor so-widget-sow-editor-base\"\n\t\t\t\n\t\t><h3 class=\"widget-title\">Ett lagarbete f\u00f6r b\u00e4sta resultat<\/h3>\n<div class=\"siteorigin-widget-tinymce textwidget\">\n\t<p>(Svenska) <\/p>\n<p dir=\"ltr\">Att jobba p\u00e5 N\u00e4ttraby Verktygs AB ger sp\u00e4nnande m\u00f6jligheter och chans till utveckling inom ditt yrke. F\u00f6r oss \u00e4r det avg\u00f6rande att du \u00e4r motiverad och har d\u00e5 potential att bli v\u00e5r n\u00e4sta kollega.<\/p>\n<p>\u00c4ven om vi inte har en ledig tj\u00e4nst som passar dig just nu, vill vi g\u00e4rna att du skickar in en spontanans\u00f6kan och ditt CV.<\/p>\n<p>Skicka dem till<br \/>\n<a href=\"mailto:info@nattrabypressen.com\">info@nattrabypressen.com<\/a><\/p>\n<p>Vi ser fram emot att h\u00f6ra fr\u00e5n dig!<\/p>\n<p><span lang=\"en-US\"><\/span><\/p>\n<\/div>\n<\/div><\/div><\/div><\/div><\/div><div id=\"pg-3246-2\"  class=\"panel-grid panel-has-style\" ><div class=\"siteorigin-panels-stretch panel-row-style panel-row-style-for-3246-2\" data-stretch-type=\"full\" ><div id=\"pgc-3246-2-0\"  class=\"panel-grid-cell panel-grid-cell-empty\" ><\/div><\/div><\/div><\/div>","protected":false},"excerpt":{"rendered":"<p>(Svenska) Att jobba p\u00e5 N\u00e4ttraby Verktygs AB ger sp\u00e4nnande m\u00f6jligheter och chans till utveckling inom ditt yrke. F\u00f6r oss \u00e4r det avg\u00f6rande att du \u00e4r motiverad och har d\u00e5 potential att bli v\u00e5r n\u00e4sta kollega. \u00c4ven om vi inte har en ledig tj\u00e4nst som passar dig just nu, vill vi g\u00e4rna att du skickar in<\/p>\n<div><a class=\"btn-filled btn\" href=\"https:\/\/www.nva.se\/en\/om-oss\/lediga-tjanster\/\" title=\"(Svenska) Lediga tj\u00e4nster\">Read More<\/a><\/div>\n","protected":false},"author":3,"featured_media":0,"parent":73,"menu_order":0,"comment_status":"closed","ping_status":"closed","template":"","meta":{"footnotes":""},"class_list":["post-3246","page","type-page","status-publish","hentry"],"yoast_head":"<!-- This site is optimized with the Yoast SEO plugin v26.0 - https:\/\/yoast.com\/wordpress\/plugins\/seo\/ -->\n<title>(Svenska) Lediga tj\u00e4nster - N\u00e4ttrabyPressen - N\u00e4ttraby Verktygs AB<\/title>\n<meta name=\"robots\" content=\"index, follow, max-snippet:-1, max-image-preview:large, max-video-preview:-1\" \/>\n<link rel=\"canonical\" href=\"https:\/\/www.nva.se\/om-oss\/lediga-tjanster\/\" \/>\n<meta property=\"og:locale\" content=\"en_US\" \/>\n<meta property=\"og:type\" content=\"article\" \/>\n<meta property=\"og:title\" content=\"(Svenska) Lediga tj\u00e4nster - N\u00e4ttrabyPressen - N\u00e4ttraby Verktygs AB\" \/>\n<meta property=\"og:description\" content=\"(Svenska) Att jobba p\u00e5 N\u00e4ttraby Verktygs AB ger sp\u00e4nnande m\u00f6jligheter och chans till utveckling inom ditt yrke. F\u00f6r oss \u00e4r det avg\u00f6rande att du \u00e4r motiverad och har d\u00e5 potential att bli v\u00e5r n\u00e4sta kollega. \u00c4ven om vi inte har en ledig tj\u00e4nst som passar dig just nu, vill vi g\u00e4rna att du skickar inRead More\" \/>\n<meta property=\"og:url\" content=\"https:\/\/www.nva.se\/om-oss\/lediga-tjanster\/\" \/>\n<meta property=\"og:site_name\" content=\"N\u00e4ttrabyPressen - N\u00e4ttraby Verktygs AB\" \/>\n<meta property=\"article:modified_time\" content=\"2025-01-16T10:25:54+00:00\" \/>\n<meta name=\"twitter:card\" content=\"summary_large_image\" \/>\n<meta name=\"twitter:label1\" content=\"Est. reading time\" \/>\n\t<meta name=\"twitter:data1\" content=\"2 minutes\" \/>\n<script type=\"application\/ld+json\" class=\"yoast-schema-graph\">{\"@context\":\"https:\/\/schema.org\",\"@graph\":[{\"@type\":\"WebPage\",\"@id\":\"https:\/\/www.nva.se\/om-oss\/lediga-tjanster\/\",\"url\":\"https:\/\/www.nva.se\/om-oss\/lediga-tjanster\/\",\"name\":\"(Svenska) Lediga tj\u00e4nster - N\u00e4ttrabyPressen - N\u00e4ttraby Verktygs AB\",\"isPartOf\":{\"@id\":\"https:\/\/www.nva.se\/#website\"},\"datePublished\":\"2024-08-07T13:30:16+00:00\",\"dateModified\":\"2025-01-16T10:25:54+00:00\",\"breadcrumb\":{\"@id\":\"https:\/\/www.nva.se\/om-oss\/lediga-tjanster\/#breadcrumb\"},\"inLanguage\":\"en-US\",\"potentialAction\":[{\"@type\":\"ReadAction\",\"target\":[\"https:\/\/www.nva.se\/om-oss\/lediga-tjanster\/\"]}]},{\"@type\":\"BreadcrumbList\",\"@id\":\"https:\/\/www.nva.se\/om-oss\/lediga-tjanster\/#breadcrumb\",\"itemListElement\":[{\"@type\":\"ListItem\",\"position\":1,\"name\":\"Home\",\"item\":\"https:\/\/www.nva.se\/\"},{\"@type\":\"ListItem\",\"position\":2,\"name\":\"Om oss\",\"item\":\"https:\/\/www.nva.se\/en\/om-oss\/\"},{\"@type\":\"ListItem\",\"position\":3,\"name\":\"Lediga tj\u00e4nster\"}]},{\"@type\":\"WebSite\",\"@id\":\"https:\/\/www.nva.se\/#website\",\"url\":\"https:\/\/www.nva.se\/\",\"name\":\"N\u00e4ttrabyPressen - N\u00e4ttraby Verktygs AB\",\"description\":\"Profitable recycling by compaction using NattrabyPressen balers\",\"publisher\":{\"@id\":\"https:\/\/www.nva.se\/#organization\"},\"potentialAction\":[{\"@type\":\"SearchAction\",\"target\":{\"@type\":\"EntryPoint\",\"urlTemplate\":\"https:\/\/www.nva.se\/?s={search_term_string}\"},\"query-input\":{\"@type\":\"PropertyValueSpecification\",\"valueRequired\":true,\"valueName\":\"search_term_string\"}}],\"inLanguage\":\"en-US\"},{\"@type\":\"Organization\",\"@id\":\"https:\/\/www.nva.se\/#organization\",\"name\":\"N\u00e4ttraby Verktygs AB, NVA\",\"url\":\"https:\/\/www.nva.se\/\",\"logo\":{\"@type\":\"ImageObject\",\"inLanguage\":\"en-US\",\"@id\":\"https:\/\/www.nva.se\/#\/schema\/logo\/image\/\",\"url\":\"https:\/\/i2.wp.com\/www.nattrabypressen.com\/wp-content\/uploads\/2017\/01\/nva_logo.png?fit=369%2C194&ssl=1\",\"contentUrl\":\"https:\/\/i2.wp.com\/www.nattrabypressen.com\/wp-content\/uploads\/2017\/01\/nva_logo.png?fit=369%2C194&ssl=1\",\"width\":369,\"height\":194,\"caption\":\"N\u00e4ttraby Verktygs AB, NVA\"},\"image\":{\"@id\":\"https:\/\/www.nva.se\/#\/schema\/logo\/image\/\"}}]}<\/script>\n<!-- \/ Yoast SEO plugin. -->","yoast_head_json":{"title":"(Svenska) Lediga tj\u00e4nster - N\u00e4ttrabyPressen - N\u00e4ttraby Verktygs AB","robots":{"index":"index","follow":"follow","max-snippet":"max-snippet:-1","max-image-preview":"max-image-preview:large","max-video-preview":"max-video-preview:-1"},"canonical":"https:\/\/www.nva.se\/om-oss\/lediga-tjanster\/","og_locale":"en_US","og_type":"article","og_title":"(Svenska) Lediga tj\u00e4nster - N\u00e4ttrabyPressen - N\u00e4ttraby Verktygs AB","og_description":"(Svenska) Att jobba p\u00e5 N\u00e4ttraby Verktygs AB ger sp\u00e4nnande m\u00f6jligheter och chans till utveckling inom ditt yrke. F\u00f6r oss \u00e4r det avg\u00f6rande att du \u00e4r motiverad och har d\u00e5 potential att bli v\u00e5r n\u00e4sta kollega. \u00c4ven om vi inte har en ledig tj\u00e4nst som passar dig just nu, vill vi g\u00e4rna att du skickar inRead More","og_url":"https:\/\/www.nva.se\/om-oss\/lediga-tjanster\/","og_site_name":"N\u00e4ttrabyPressen - N\u00e4ttraby Verktygs AB","article_modified_time":"2025-01-16T10:25:54+00:00","twitter_card":"summary_large_image","twitter_misc":{"Est. reading time":"2 minutes"},"schema":{"@context":"https:\/\/schema.org","@graph":[{"@type":"WebPage","@id":"https:\/\/www.nva.se\/om-oss\/lediga-tjanster\/","url":"https:\/\/www.nva.se\/om-oss\/lediga-tjanster\/","name":"(Svenska) Lediga tj\u00e4nster - N\u00e4ttrabyPressen - N\u00e4ttraby Verktygs AB","isPartOf":{"@id":"https:\/\/www.nva.se\/#website"},"datePublished":"2024-08-07T13:30:16+00:00","dateModified":"2025-01-16T10:25:54+00:00","breadcrumb":{"@id":"https:\/\/www.nva.se\/om-oss\/lediga-tjanster\/#breadcrumb"},"inLanguage":"en-US","potentialAction":[{"@type":"ReadAction","target":["https:\/\/www.nva.se\/om-oss\/lediga-tjanster\/"]}]},{"@type":"BreadcrumbList","@id":"https:\/\/www.nva.se\/om-oss\/lediga-tjanster\/#breadcrumb","itemListElement":[{"@type":"ListItem","position":1,"name":"Home","item":"https:\/\/www.nva.se\/"},{"@type":"ListItem","position":2,"name":"Om oss","item":"https:\/\/www.nva.se\/en\/om-oss\/"},{"@type":"ListItem","position":3,"name":"Lediga tj\u00e4nster"}]},{"@type":"WebSite","@id":"https:\/\/www.nva.se\/#website","url":"https:\/\/www.nva.se\/","name":"N\u00e4ttrabyPressen - N\u00e4ttraby Verktygs AB","description":"Profitable recycling by compaction using NattrabyPressen balers","publisher":{"@id":"https:\/\/www.nva.se\/#organization"},"potentialAction":[{"@type":"SearchAction","target":{"@type":"EntryPoint","urlTemplate":"https:\/\/www.nva.se\/?s={search_term_string}"},"query-input":{"@type":"PropertyValueSpecification","valueRequired":true,"valueName":"search_term_string"}}],"inLanguage":"en-US"},{"@type":"Organization","@id":"https:\/\/www.nva.se\/#organization","name":"N\u00e4ttraby Verktygs AB, NVA","url":"https:\/\/www.nva.se\/","logo":{"@type":"ImageObject","inLanguage":"en-US","@id":"https:\/\/www.nva.se\/#\/schema\/logo\/image\/","url":"https:\/\/i2.wp.com\/www.nattrabypressen.com\/wp-content\/uploads\/2017\/01\/nva_logo.png?fit=369%2C194&ssl=1","contentUrl":"https:\/\/i2.wp.com\/www.nattrabypressen.com\/wp-content\/uploads\/2017\/01\/nva_logo.png?fit=369%2C194&ssl=1","width":369,"height":194,"caption":"N\u00e4ttraby Verktygs AB, NVA"},"image":{"@id":"https:\/\/www.nva.se\/#\/schema\/logo\/image\/"}}]}},"_links":{"self":[{"href":"https:\/\/www.nva.se\/en\/wp-json\/wp\/v2\/pages\/3246","targetHints":{"allow":["GET"]}}],"collection":[{"href":"https:\/\/www.nva.se\/en\/wp-json\/wp\/v2\/pages"}],"about":[{"href":"https:\/\/www.nva.se\/en\/wp-json\/wp\/v2\/types\/page"}],"author":[{"embeddable":true,"href":"https:\/\/www.nva.se\/en\/wp-json\/wp\/v2\/users\/3"}],"replies":[{"embeddable":true,"href":"https:\/\/www.nva.se\/en\/wp-json\/wp\/v2\/comments?post=3246"}],"version-history":[{"count":13,"href":"https:\/\/www.nva.se\/en\/wp-json\/wp\/v2\/pages\/3246\/revisions"}],"predecessor-version":[{"id":3286,"href":"https:\/\/www.nva.se\/en\/wp-json\/wp\/v2\/pages\/3246\/revisions\/3286"}],"up":[{"embeddable":true,"href":"https:\/\/www.nva.se\/en\/wp-json\/wp\/v2\/pages\/73"}],"wp:attachment":[{"href":"https:\/\/www.nva.se\/en\/wp-json\/wp\/v2\/media?parent=3246"}],"curies":[{"name":"wp","href":"https:\/\/api.w.org\/{rel}","templated":true}]}}