{"id":807,"date":"2017-04-20T18:50:38","date_gmt":"2017-04-20T18:50:38","guid":{"rendered":"http:\/\/www.nattrabypressen.com\/?page_id=807"},"modified":"2018-04-19T13:28:08","modified_gmt":"2018-04-19T13:28:08","slug":"bag-packer-bp240","status":"publish","type":"page","link":"https:\/\/www.nva.se\/de\/produkter\/bag-packer-bp240\/","title":{"rendered":"BP 240"},"content":{"rendered":"<div id=\"pl-807\"  class=\"panel-layout\" ><div id=\"pg-807-0\"  class=\"panel-grid panel-has-style\" ><div class=\"siteorigin-panels-stretch panel-row-style panel-row-style-for-807-0\" data-stretch-type=\"full\" ><div id=\"pgc-807-0-0\"  class=\"panel-grid-cell\" ><div id=\"panel-807-0-0-0\" class=\"so-panel widget widget_sow-headline panel-first-child\" data-index=\"0\" ><div\n\t\t\t\n\t\t\tclass=\"so-widget-sow-headline so-widget-sow-headline-default-480d33904116-807\"\n\t\t\t\n\t\t><div class=\"sow-headline-container \">\n\t\t\t\t\t\t\t<h3 class=\"sow-sub-headline\">\n\t\t\t\t\t\tBag Packer 240\t\t\t\t\t\t<\/h3>\n\t\t\t\t\t\t\t\t\t\t\t<div class=\"decoration\">\n\t\t\t\t\t\t<div class=\"decoration-inside\"><\/div>\n\t\t\t\t\t<\/div>\n\t\t\t\t\t<\/div>\n<\/div><\/div><\/div><div id=\"pgc-807-0-1\"  class=\"panel-grid-cell\" ><div id=\"panel-807-0-1-0\" class=\"so-panel widget widget_sow-headline panel-first-child\" data-index=\"2\" ><div class=\"panel-widget-style panel-widget-style-for-807-0-1-0\" ><div\n\t\t\t\n\t\t\tclass=\"so-widget-sow-headline so-widget-sow-headline-default-367098490815-807\"\n\t\t\t\n\t\t><div class=\"sow-headline-container \">\n\t<\/div>\n<\/div><\/div><\/div><div id=\"panel-807-0-1-1\" class=\"so-panel widget widget_sow-editor panel-last-child\" data-index=\"3\" ><div\n\t\t\t\n\t\t\tclass=\"so-widget-sow-editor so-widget-sow-editor-base\"\n\t\t\t\n\t\t>\n<div class=\"siteorigin-widget-tinymce textwidget\">\n\t<div>\n<p><span id=\"ctl00_ctl00_MainContentPane1_ContentPane1_ctl00_lblIngress\"><\/span><\/span><\/p>\n<\/div>\n<div>\u00a0<\/p>\n<div><strong><\/strong><strong>BP240 <\/strong><span lang=\"de-DE\">ist f\u00fcr die Sammlung von weichem Kunststoff<\/span><span lang=\"de-DE\">material<\/span><span lang=\"de-DE\"> in einer einfachen und effizienten Weise bestimmt.<\/span><\/div>\n<div>\n<p align=\"left\"><span lang=\"de-DE\">Das Design verhindert, dass das Material aus dem <\/span><span lang=\"de-DE\">Sack expandiert<\/span><span lang=\"de-DE\">, und daher kann der <\/span><span lang=\"de-DE\">Sack<\/span><span lang=\"de-DE\"> noch mehr halten.<\/span><\/p>\n<ul>\n<li>\n<p><span lang=\"de-DE\">Einfach in der N\u00e4he der <\/span><span lang=\"de-DE\">Materialq<\/span><span lang=\"de-DE\">uelle zu platzieren<\/span><\/p>\n<\/li>\n<li>Einfach zu bedienen<\/li>\n<li>\n<p><span lang=\"de-DE\">Sehr attraktiver Preis<\/span><\/p>\n<\/li>\n<li>\n<p><span lang=\"de-DE\">In Schweden aus schwedischem Stahl hergestellt<br \/><\/span><\/p>\n<\/li>\n<\/ul>\n<p>E<span lang=\"de-DE\">ine Kombination mehrerer <\/span><span lang=\"de-DE\">aufgestellten BP 240<\/span><span lang=\"de-DE\"> mit einer Ballenpresse <\/span><span lang=\"de-DE\">zusammen <\/span><span lang=\"de-DE\">ist eine sehr effektive L\u00f6sung.<\/span> <span lang=\"de-DE\">Wenn die Ballenpresse nicht f\u00fcr die Verdichtung von S\u00e4cken verwendet wird, <\/span><span lang=\"de-DE\">presst<\/span><span lang=\"de-DE\"> sie Kartons usw.<\/span> N<span lang=\"de-DE\">P60 mit <\/span><span lang=\"de-DE\">ihrer<\/span><span lang=\"de-DE\"> gro\u00dfen <\/span><span lang=\"de-DE\">Einf\u00fcll\u00f6ffnung<\/span><span lang=\"de-DE\"> ist eine sehr \u00fcbliche Maschine daf\u00fcr.<\/span><span id=\"result_box\" class=\"\" lang=\"en\"><span class=\"\"><\/span><\/span><\/p>\n<\/div>\n<div>\u00a0<\/div>\n<\/div>\n<\/div>\n<\/div><\/div><\/div><\/div><\/div><div id=\"pg-807-1\"  class=\"panel-grid panel-no-style\" ><div id=\"pgc-807-1-0\"  class=\"panel-grid-cell\" ><div id=\"panel-807-1-0-0\" class=\"so-panel widget widget_sow-editor panel-first-child panel-last-child\" data-index=\"4\" ><div class=\"download-widget panel-widget-style panel-widget-style-for-807-1-0-0\" ><div\n\t\t\t\n\t\t\tclass=\"so-widget-sow-editor so-widget-sow-editor-base\"\n\t\t\t\n\t\t><h3 class=\"widget-title\">Datenblatt download<\/h3>\n<div class=\"siteorigin-widget-tinymce textwidget\">\n\t<p>(Svenska) <span class=\"download-btn\"><a href=\"http:\/\/www.nattrabypressen.com\/wp-content\/uploads\/2017\/04\/BP240-20170421-NP-SE-w.pdf\" target=\"_blank\">Broschyr BP240\u00a0 <img loading=\"lazy\" decoding=\"async\" class=\"icon icons8-Download\" src=\"data:image\/png;base64,iVBORw0KGgoAAAANSUhEUgAAADIAAAAyCAYAAAAeP4ixAAABcklEQVRoQ+2Y6w3CMAyE3Q1gEmADmBw2ACZgBNgAZCmRoijxIyIuQtc\/pYIm\/u7OacpCf3IsARzXNMdh5lwRIO8EMHWuqYMnAIB4oghHHGohWg6xCNFyqIVoOcRCtDxiIVoetbBqOdT6iWjlIrS6b0TU26ZrILzN32sTaDtoLVpWkLtQjAbCIuyiQDRgqQ4NxMKgjqEVqA5gqCJkDIAYnMg\/gSOFWKoYiBai5VAgOloPInoR0Smd61KlfG+I6Gz4Ay+kR\/KTmc8tmF4RGYK3J9LOgDlDQLigS9pmtGBaRdQQx46b5iX8W6uWBFODeCHCHMmq9WBKkBGIcBCesAXzTKTb1Ni5J7Q4lYtGSI\/Uq1QNk981uH9GIFZxpBWzEpRXJ48T4c3eesyVzvD3oxCrOlI7w9cjTvyEIyUMf+an\/+ixSrOPFivdBxBzNmfI3xgTjsCRSVFDtBAtREtWAD1S98ikxLiH7b6aW9\/Z3TNOuqFb7wdTNZEzY+A3VQAAAABJRU5ErkJggg==\" width=\"25\" height=\"25\" \/><\/a><\/span><\/p>\n<\/div>\n<\/div><\/div><\/div><\/div><\/div><\/div>","protected":false},"excerpt":{"rendered":"<p>\u00a0BP240 ist f\u00fcr die Sammlung von weichem Kunststoffmaterial in einer einfachen und effizienten Weise bestimmt.Das Design verhindert, dass das Material aus dem Sack expandiert, und daher kann der Sack noch mehr halten.Einfach in der N\u00e4he der Materialquelle zu platzierenEinfach zu bedienenSehr attraktiver PreisIn Schweden aus schwedischem Stahl hergestelltEine Kombination mehrerer aufgestellten BP 240 mit einer<\/p>\n<div><a class=\"btn-filled btn\" href=\"https:\/\/www.nva.se\/de\/produkter\/bag-packer-bp240\/\" title=\"BP 240\">Weiterlesen<\/a><\/div>\n","protected":false},"author":3,"featured_media":0,"parent":70,"menu_order":0,"comment_status":"closed","ping_status":"closed","template":"page-templates\/full-width.php","meta":{"footnotes":""},"class_list":["post-807","page","type-page","status-publish","hentry"],"yoast_head":"<!-- This site is optimized with the Yoast SEO plugin v26.0 - https:\/\/yoast.com\/wordpress\/plugins\/seo\/ -->\n<title>BP 240 - N\u00e4ttrabyPressen - N\u00e4ttraby Verktygs AB<\/title>\n<meta name=\"robots\" content=\"index, follow, max-snippet:-1, max-image-preview:large, max-video-preview:-1\" \/>\n<link rel=\"canonical\" href=\"https:\/\/www.nva.se\/en\/produkter\/bag-packer-bp240\/\" \/>\n<meta property=\"og:locale\" content=\"de_DE\" \/>\n<meta property=\"og:type\" content=\"article\" \/>\n<meta property=\"og:title\" content=\"BP 240 - N\u00e4ttrabyPressen - N\u00e4ttraby Verktygs AB\" \/>\n<meta property=\"og:description\" content=\"\u00a0BP240 ist f\u00fcr die Sammlung von weichem Kunststoffmaterial in einer einfachen und effizienten Weise bestimmt.Das Design verhindert, dass das Material aus dem Sack expandiert, und daher kann der Sack noch mehr halten.Einfach in der N\u00e4he der Materialquelle zu platzierenEinfach zu bedienenSehr attraktiver PreisIn Schweden aus schwedischem Stahl hergestelltEine Kombination mehrerer aufgestellten BP 240 mit einerWeiterlesen\" \/>\n<meta property=\"og:url\" content=\"https:\/\/www.nva.se\/en\/produkter\/bag-packer-bp240\/\" \/>\n<meta property=\"og:site_name\" content=\"N\u00e4ttrabyPressen - N\u00e4ttraby Verktygs AB\" \/>\n<meta property=\"article:modified_time\" content=\"2018-04-19T13:28:08+00:00\" \/>\n<meta name=\"twitter:card\" content=\"summary_large_image\" \/>\n<meta name=\"twitter:label1\" content=\"Gesch\u00e4tzte Lesezeit\" \/>\n\t<meta name=\"twitter:data1\" content=\"2\u00a0Minuten\" \/>\n<script type=\"application\/ld+json\" class=\"yoast-schema-graph\">{\"@context\":\"https:\/\/schema.org\",\"@graph\":[{\"@type\":\"WebPage\",\"@id\":\"https:\/\/www.nva.se\/en\/produkter\/bag-packer-bp240\/\",\"url\":\"https:\/\/www.nva.se\/en\/produkter\/bag-packer-bp240\/\",\"name\":\"BP 240 - N\u00e4ttrabyPressen - N\u00e4ttraby Verktygs AB\",\"isPartOf\":{\"@id\":\"https:\/\/www.nva.se\/#website\"},\"datePublished\":\"2017-04-20T18:50:38+00:00\",\"dateModified\":\"2018-04-19T13:28:08+00:00\",\"breadcrumb\":{\"@id\":\"https:\/\/www.nva.se\/en\/produkter\/bag-packer-bp240\/#breadcrumb\"},\"inLanguage\":\"de\",\"potentialAction\":[{\"@type\":\"ReadAction\",\"target\":[\"https:\/\/www.nva.se\/en\/produkter\/bag-packer-bp240\/\"]}]},{\"@type\":\"BreadcrumbList\",\"@id\":\"https:\/\/www.nva.se\/en\/produkter\/bag-packer-bp240\/#breadcrumb\",\"itemListElement\":[{\"@type\":\"ListItem\",\"position\":1,\"name\":\"Home\",\"item\":\"https:\/\/www.nva.se\/\"},{\"@type\":\"ListItem\",\"position\":2,\"name\":\"Produkter\",\"item\":\"https:\/\/www.nva.se\/produkter\/\"},{\"@type\":\"ListItem\",\"position\":3,\"name\":\"Bag Packer &#8211; BP 240\"}]},{\"@type\":\"WebSite\",\"@id\":\"https:\/\/www.nva.se\/#website\",\"url\":\"https:\/\/www.nva.se\/\",\"name\":\"N\u00e4ttrabyPressen - N\u00e4ttraby Verktygs AB\",\"description\":\"Optimierte R\u00fcckgewinnung durch Verdichtung der Ballenpresse NP40, NP40 II, NP60, NP60-II, NP80, NP80-II, NP100, NP100-II, BP80, BP 80\",\"publisher\":{\"@id\":\"https:\/\/www.nva.se\/#organization\"},\"potentialAction\":[{\"@type\":\"SearchAction\",\"target\":{\"@type\":\"EntryPoint\",\"urlTemplate\":\"https:\/\/www.nva.se\/?s={search_term_string}\"},\"query-input\":{\"@type\":\"PropertyValueSpecification\",\"valueRequired\":true,\"valueName\":\"search_term_string\"}}],\"inLanguage\":\"de\"},{\"@type\":\"Organization\",\"@id\":\"https:\/\/www.nva.se\/#organization\",\"name\":\"N\u00e4ttraby Verktygs AB, NVA\",\"url\":\"https:\/\/www.nva.se\/\",\"logo\":{\"@type\":\"ImageObject\",\"inLanguage\":\"de\",\"@id\":\"https:\/\/www.nva.se\/#\/schema\/logo\/image\/\",\"url\":\"https:\/\/i2.wp.com\/www.nattrabypressen.com\/wp-content\/uploads\/2017\/01\/nva_logo.png?fit=369%2C194&ssl=1\",\"contentUrl\":\"https:\/\/i2.wp.com\/www.nattrabypressen.com\/wp-content\/uploads\/2017\/01\/nva_logo.png?fit=369%2C194&ssl=1\",\"width\":369,\"height\":194,\"caption\":\"N\u00e4ttraby Verktygs AB, NVA\"},\"image\":{\"@id\":\"https:\/\/www.nva.se\/#\/schema\/logo\/image\/\"}}]}<\/script>\n<!-- \/ Yoast SEO plugin. -->","yoast_head_json":{"title":"BP 240 - N\u00e4ttrabyPressen - N\u00e4ttraby Verktygs AB","robots":{"index":"index","follow":"follow","max-snippet":"max-snippet:-1","max-image-preview":"max-image-preview:large","max-video-preview":"max-video-preview:-1"},"canonical":"https:\/\/www.nva.se\/en\/produkter\/bag-packer-bp240\/","og_locale":"de_DE","og_type":"article","og_title":"BP 240 - N\u00e4ttrabyPressen - N\u00e4ttraby Verktygs AB","og_description":"\u00a0BP240 ist f\u00fcr die Sammlung von weichem Kunststoffmaterial in einer einfachen und effizienten Weise bestimmt.Das Design verhindert, dass das Material aus dem Sack expandiert, und daher kann der Sack noch mehr halten.Einfach in der N\u00e4he der Materialquelle zu platzierenEinfach zu bedienenSehr attraktiver PreisIn Schweden aus schwedischem Stahl hergestelltEine Kombination mehrerer aufgestellten BP 240 mit einerWeiterlesen","og_url":"https:\/\/www.nva.se\/en\/produkter\/bag-packer-bp240\/","og_site_name":"N\u00e4ttrabyPressen - N\u00e4ttraby Verktygs AB","article_modified_time":"2018-04-19T13:28:08+00:00","twitter_card":"summary_large_image","twitter_misc":{"Gesch\u00e4tzte Lesezeit":"2\u00a0Minuten"},"schema":{"@context":"https:\/\/schema.org","@graph":[{"@type":"WebPage","@id":"https:\/\/www.nva.se\/en\/produkter\/bag-packer-bp240\/","url":"https:\/\/www.nva.se\/en\/produkter\/bag-packer-bp240\/","name":"BP 240 - N\u00e4ttrabyPressen - N\u00e4ttraby Verktygs AB","isPartOf":{"@id":"https:\/\/www.nva.se\/#website"},"datePublished":"2017-04-20T18:50:38+00:00","dateModified":"2018-04-19T13:28:08+00:00","breadcrumb":{"@id":"https:\/\/www.nva.se\/en\/produkter\/bag-packer-bp240\/#breadcrumb"},"inLanguage":"de","potentialAction":[{"@type":"ReadAction","target":["https:\/\/www.nva.se\/en\/produkter\/bag-packer-bp240\/"]}]},{"@type":"BreadcrumbList","@id":"https:\/\/www.nva.se\/en\/produkter\/bag-packer-bp240\/#breadcrumb","itemListElement":[{"@type":"ListItem","position":1,"name":"Home","item":"https:\/\/www.nva.se\/"},{"@type":"ListItem","position":2,"name":"Produkter","item":"https:\/\/www.nva.se\/produkter\/"},{"@type":"ListItem","position":3,"name":"Bag Packer &#8211; BP 240"}]},{"@type":"WebSite","@id":"https:\/\/www.nva.se\/#website","url":"https:\/\/www.nva.se\/","name":"N\u00e4ttrabyPressen - N\u00e4ttraby Verktygs AB","description":"Optimierte R\u00fcckgewinnung durch Verdichtung der Ballenpresse NP40, NP40 II, NP60, NP60-II, NP80, NP80-II, NP100, NP100-II, BP80, BP 80","publisher":{"@id":"https:\/\/www.nva.se\/#organization"},"potentialAction":[{"@type":"SearchAction","target":{"@type":"EntryPoint","urlTemplate":"https:\/\/www.nva.se\/?s={search_term_string}"},"query-input":{"@type":"PropertyValueSpecification","valueRequired":true,"valueName":"search_term_string"}}],"inLanguage":"de"},{"@type":"Organization","@id":"https:\/\/www.nva.se\/#organization","name":"N\u00e4ttraby Verktygs AB, NVA","url":"https:\/\/www.nva.se\/","logo":{"@type":"ImageObject","inLanguage":"de","@id":"https:\/\/www.nva.se\/#\/schema\/logo\/image\/","url":"https:\/\/i2.wp.com\/www.nattrabypressen.com\/wp-content\/uploads\/2017\/01\/nva_logo.png?fit=369%2C194&ssl=1","contentUrl":"https:\/\/i2.wp.com\/www.nattrabypressen.com\/wp-content\/uploads\/2017\/01\/nva_logo.png?fit=369%2C194&ssl=1","width":369,"height":194,"caption":"N\u00e4ttraby Verktygs AB, NVA"},"image":{"@id":"https:\/\/www.nva.se\/#\/schema\/logo\/image\/"}}]}},"_links":{"self":[{"href":"https:\/\/www.nva.se\/de\/wp-json\/wp\/v2\/pages\/807","targetHints":{"allow":["GET"]}}],"collection":[{"href":"https:\/\/www.nva.se\/de\/wp-json\/wp\/v2\/pages"}],"about":[{"href":"https:\/\/www.nva.se\/de\/wp-json\/wp\/v2\/types\/page"}],"author":[{"embeddable":true,"href":"https:\/\/www.nva.se\/de\/wp-json\/wp\/v2\/users\/3"}],"replies":[{"embeddable":true,"href":"https:\/\/www.nva.se\/de\/wp-json\/wp\/v2\/comments?post=807"}],"version-history":[{"count":13,"href":"https:\/\/www.nva.se\/de\/wp-json\/wp\/v2\/pages\/807\/revisions"}],"predecessor-version":[{"id":1884,"href":"https:\/\/www.nva.se\/de\/wp-json\/wp\/v2\/pages\/807\/revisions\/1884"}],"up":[{"embeddable":true,"href":"https:\/\/www.nva.se\/de\/wp-json\/wp\/v2\/pages\/70"}],"wp:attachment":[{"href":"https:\/\/www.nva.se\/de\/wp-json\/wp\/v2\/media?parent=807"}],"curies":[{"name":"wp","href":"https:\/\/api.w.org\/{rel}","templated":true}]}}