{"id":73,"date":"2017-01-02T16:29:23","date_gmt":"2017-01-02T16:29:23","guid":{"rendered":"http:\/\/localhost\/wordpress\/?page_id=73"},"modified":"2017-12-20T10:32:45","modified_gmt":"2017-12-20T10:32:45","slug":"om-oss","status":"publish","type":"page","link":"https:\/\/www.nva.se\/de\/om-oss\/","title":{"rendered":"Om oss"},"content":{"rendered":"<div id=\"pl-73\"  class=\"panel-layout\" ><div id=\"pg-73-0\"  class=\"panel-grid panel-has-style\" ><div class=\"siteorigin-panels-stretch panel-row-style panel-row-style-for-73-0\" data-stretch-type=\"full-stretched\" ><div id=\"pgc-73-0-0\"  class=\"panel-grid-cell\" ><div id=\"panel-73-0-0-0\" class=\"so-panel widget widget_sow-hero panel-first-child panel-last-child\" data-index=\"0\" ><div\n\t\t\t\n\t\t\tclass=\"so-widget-sow-hero so-widget-sow-hero-default-34413a250fd7-73 so-widget-fittext-wrapper\"\n\t\t\t data-fit-text-compressor=\"0.85\"\n\t\t>\t\t\t\t<div class=\"sow-slider-base\" style=\"display: none\" tabindex=\"0\">\n\t\t\t\t\t<ul\n\t\t\t\t\tclass=\"sow-slider-images\"\n\t\t\t\t\tdata-settings=\"{&quot;pagination&quot;:true,&quot;speed&quot;:800,&quot;timeout&quot;:8000,&quot;paused&quot;:false,&quot;pause_on_hover&quot;:false,&quot;swipe&quot;:true,&quot;nav_always_show_desktop&quot;:&quot;&quot;,&quot;nav_always_show_mobile&quot;:&quot;&quot;,&quot;breakpoint&quot;:&quot;780px&quot;,&quot;unmute&quot;:false,&quot;anchor&quot;:null}\"\n\t\t\t\t\tstyle=\"min-height: 400px\"\t\t\t\t\tdata-anchor-id=\"\"\n\t\t\t\t>\t\t<li class=\"sow-slider-image  sow-slider-image-cover\" style=\"visibility: visible;;background-color: #333333\" >\n\t\t\t\t\t<div class=\"sow-slider-image-container\">\n\t\t\t<div class=\"sow-slider-image-wrapper\">\n\t\t\t\t<h1 style=\"text-align: center\"><strong><div class=\"mlprx \" style=\"\" data-effect=\"animated flipInX\" data-delay=\"1000\">N\u00e4ttrabyPressen<\/div><\/strong><\/h1><p style=\"text-align: center\">1964 gegr\u00fcndet<\/p>\t\t\t<\/div>\n\t\t<\/div>\n\t\t<div class=\"sow-slider-image-overlay sow-slider-image-cover\" style=\"opacity: 0.75;background-image: url(https:\/\/www.nva.se\/wp-content\/uploads\/2017\/01\/NVA_slide1.jpg)\"  ><\/div>\t\t<\/li>\n\t\t\t\t<li class=\"sow-slider-image  sow-slider-image-cover\" style=\"visibility: hidden;;background-color: #333333\" data-background=\"url(https:\/\/www.nva.se\/wp-content\/uploads\/2017\/01\/NVA_slide2.jpg)\" >\n\t\t\t\t\t<div class=\"sow-slider-image-container\">\n\t\t\t<div class=\"sow-slider-image-wrapper\">\n\t\t\t\t<h1 style=\"text-align: center\"><strong><div class=\"mlprx \" style=\"\" data-effect=\"animated flipInX\" data-delay=\"1000\">N\u00e4ttrabyPressen<\/div><\/strong><\/h1><p style=\"text-align: center\">Ein schwedisches Produkt<\/p>\t\t\t<\/div>\n\t\t<\/div>\n\t\t\t\t<\/li>\n\t\t\t\t<li class=\"sow-slider-image  sow-slider-image-cover\" style=\"visibility: hidden;;background-color: #333333\" data-background=\"url(https:\/\/www.nva.se\/wp-content\/uploads\/2017\/01\/NVA_slide3.jpg)\" >\n\t\t\t\t\t<div class=\"sow-slider-image-container\">\n\t\t\t<div class=\"sow-slider-image-wrapper\">\n\t\t\t\t<h1 style=\"text-align: center\"><strong><div class=\"mlprx \" style=\"\" data-effect=\"animated flipInX\" data-delay=\"1000\">N\u00e4ttrabyPressen<\/div><\/strong><\/h1><p style=\"text-align: center\"><span lang=\"de-DE\">Eigenes Design und Herstellung<\/span><\/p>\t\t\t<\/div>\n\t\t<\/div>\n\t\t\t\t<\/li>\n\t\t\t\t<li class=\"sow-slider-image  sow-slider-image-cover\" style=\"visibility: hidden;;background-color: #333333\" data-background=\"url(https:\/\/www.nva.se\/wp-content\/uploads\/2017\/01\/NVA_slide4.jpg)\" >\n\t\t\t\t\t<div class=\"sow-slider-image-container\">\n\t\t\t<div class=\"sow-slider-image-wrapper\">\n\t\t\t\t<h1 style=\"text-align: center\"><strong><div class=\"mlprx \" style=\"\" data-effect=\"animated flipInX\" data-delay=\"1000\">N\u00e4ttrabyPressen<\/div><\/strong><\/h1><p style=\"text-align: center\">Saubere Kraft mit Schraube-Betrieb<\/p>\t\t\t<\/div>\n\t\t<\/div>\n\t\t\t\t<\/li>\n\t\t<\/ul>\t\t\t\t<ol class=\"sow-slider-pagination\">\n\t\t\t\t\t\t\t\t\t\t\t<li><a href=\"#\" data-goto=\"0\" aria-label=\"Display slide 1\"><\/a><\/li>\n\t\t\t\t\t\t\t\t\t\t\t<li><a href=\"#\" data-goto=\"1\" aria-label=\"Display slide 2\"><\/a><\/li>\n\t\t\t\t\t\t\t\t\t\t\t<li><a href=\"#\" data-goto=\"2\" aria-label=\"Display slide 3\"><\/a><\/li>\n\t\t\t\t\t\t\t\t\t\t\t<li><a href=\"#\" data-goto=\"3\" aria-label=\"Display slide 4\"><\/a><\/li>\n\t\t\t\t\t\t\t\t\t<\/ol>\n\n\t\t\t\t<div class=\"sow-slide-nav sow-slide-nav-next\">\n\t\t\t\t\t<a href=\"#\" data-goto=\"next\" aria-label=\"Next slide\" data-action=\"next\">\n\t\t\t\t\t\t<em class=\"sow-sld-icon-thin-right\"><\/em>\n\t\t\t\t\t<\/a>\n\t\t\t\t<\/div>\n\n\t\t\t\t<div class=\"sow-slide-nav sow-slide-nav-prev\">\n\t\t\t\t\t<a href=\"#\" data-goto=\"previous\" aria-label=\"Previous slide\" data-action=\"prev\">\n\t\t\t\t\t\t<em class=\"sow-sld-icon-thin-left\"><\/em>\n\t\t\t\t\t<\/a>\n\t\t\t\t<\/div>\n\t\t\t\t<\/div><\/div><\/div><\/div><\/div><\/div><div id=\"pg-73-1\"  class=\"panel-grid panel-has-style\" ><div class=\"siteorigin-panels-stretch panel-row-style panel-row-style-for-73-1\" data-stretch-type=\"full\" ><div id=\"pgc-73-1-0\"  class=\"panel-grid-cell\" ><div id=\"panel-73-1-0-0\" class=\"so-panel widget widget_sow-editor panel-first-child panel-last-child\" data-index=\"1\" ><div\n\t\t\t\n\t\t\tclass=\"so-widget-sow-editor so-widget-sow-editor-base\"\n\t\t\t\n\t\t><h3 class=\"widget-title\">EIN TEAMWORK F\u00dcR BESTE ERGEBNISSE<\/h3>\n<div class=\"siteorigin-widget-tinymce textwidget\">\n\t<p><\/span><span lang=\"de-DE\">Wir arbeiten langfristig und zielgerichtet. Hat Personal mit hohen F\u00e4higkeiten und langer Erfahrung. Alle unsere Produkte werden in Schweden entworfen und hergestellt.<\/span><\/p>\n<p><span lang=\"de-DE\">Wir wissen, dass eine effiziente Quellensortierung die richtige Ausr\u00fcstung erfordert. Die Entwicklung von N\u00e4ttrabressen seit dem Start des Unternehmens in den 1960er Jahren hat schrittweise und mit Bedacht in Zusammenarbeit mit den Anwendern stattgefunden. Dies hat uns einzigartige Kenntnisse und Erfahrungen \u00fcber die Komprimierung verschiedener Materialien <\/span><span lang=\"de-DE\">gegeben<\/span><span lang=\"en-US\">.<\/span><\/p>\n<\/div>\n<\/div><\/div><\/div><div id=\"pgc-73-1-1\"  class=\"panel-grid-cell\" ><div id=\"panel-73-1-1-0\" class=\"so-panel widget widget_sow-image panel-first-child panel-last-child\" data-index=\"2\" ><div class=\"panel-widget-style panel-widget-style-for-73-1-1-0\" ><div\n\t\t\t\n\t\t\tclass=\"so-widget-sow-image so-widget-sow-image-default-8b5b6f678277-73\"\n\t\t\t\n\t\t>\n<div class=\"sow-image-container\">\n\t\t<img \n\tsrc=\"https:\/\/www.nva.se\/wp-content\/uploads\/2017\/01\/Team-NVA-DSC_2194-3.jpg\" width=\"6000\" height=\"3291\" srcset=\"https:\/\/www.nva.se\/wp-content\/uploads\/2017\/01\/Team-NVA-DSC_2194-3.jpg 6000w, https:\/\/www.nva.se\/wp-content\/uploads\/2017\/01\/Team-NVA-DSC_2194-3-300x165.jpg 300w, https:\/\/www.nva.se\/wp-content\/uploads\/2017\/01\/Team-NVA-DSC_2194-3-1024x562.jpg 1024w\" sizes=\"(max-width: 6000px) 100vw, 6000px\" title=\"Team NVA DSC_2194 3\" alt=\"\" \t\tclass=\"so-widget-image\"\/>\n\t<\/div>\n\n<\/div><\/div><\/div><\/div><\/div><\/div><div id=\"pg-73-2\"  class=\"panel-grid panel-has-style\" ><div class=\"siteorigin-panels-stretch panel-row-style panel-row-style-for-73-2\" data-stretch-type=\"full\" ><div id=\"pgc-73-2-0\"  class=\"panel-grid-cell\" ><div id=\"panel-73-2-0-0\" class=\"so-panel widget widget_sow-image panel-first-child panel-last-child\" data-index=\"3\" ><div class=\"panel-widget-style panel-widget-style-for-73-2-0-0\" ><div\n\t\t\t\n\t\t\tclass=\"so-widget-sow-image so-widget-sow-image-default-8b5b6f678277-73\"\n\t\t\t\n\t\t>\n<div class=\"sow-image-container\">\n\t\t<img \n\tsrc=\"https:\/\/www.nva.se\/wp-content\/uploads\/2017\/01\/global-export-blue-1-1-1024x512.jpg\" width=\"1024\" height=\"512\" srcset=\"https:\/\/www.nva.se\/wp-content\/uploads\/2017\/01\/global-export-blue-1-1-1024x512.jpg 1024w, https:\/\/www.nva.se\/wp-content\/uploads\/2017\/01\/global-export-blue-1-1-300x150.jpg 300w, https:\/\/www.nva.se\/wp-content\/uploads\/2017\/01\/global-export-blue-1-1.jpg 1920w\" sizes=\"(max-width: 1024px) 100vw, 1024px\" title=\"global export blue 1\" alt=\"\" \t\tclass=\"so-widget-image\"\/>\n\t<\/div>\n\n<\/div><\/div><\/div><\/div><div id=\"pgc-73-2-1\"  class=\"panel-grid-cell\" ><div id=\"panel-73-2-1-0\" class=\"so-panel widget widget_sow-editor panel-first-child panel-last-child\" data-index=\"4\" ><div class=\"panel-widget-style panel-widget-style-for-73-2-1-0\" ><div\n\t\t\t\n\t\t\tclass=\"so-widget-sow-editor so-widget-sow-editor-base\"\n\t\t\t\n\t\t><h3 class=\"widget-title\">Eine tradition mit export<\/h3>\n<div class=\"siteorigin-widget-tinymce textwidget\">\n\t<p><span lang=\"de-DE\">Wir exportieren einen gro\u00dfen Teil <\/span><span lang=\"de-DE\">dessen,<\/span><span lang=\"de-DE\"> was wir herstellen (ca. 70-80%).<br \/><\/span>Unser Verkauf wird durch Vertreter auf der ganzen Welt erzielt.<\/p>\n<p>N\u00e4ttrabyPressen <span lang=\"de-DE\">ist ein Programm von Ballenpressen, das aus einer Anzahl von gut gew\u00e4hlten Gr\u00f6\u00dfen besteht, die am besten kombiniert und an viele Arten von Abf\u00e4llen angepasst werden k\u00f6nnen.<br \/>Wir k\u00f6nnen Produkte <\/span><span lang=\"de-DE\">f\u00fcr <\/span><span lang=\"de-DE\">verschiedene Spannungen <\/span><span lang=\"de-DE\">liefern,<\/span><span lang=\"de-DE\"> 230 - 690 Volt.<\/span><\/p>\n<p><span lang=\"de-DE\">Die meisten unserer ausgew\u00e4hlten Komponenten sind weltweit verf\u00fcgbar.<\/span><\/p>\n<\/div>\n<\/div><\/div><\/div><\/div><\/div><\/div><div id=\"pg-73-3\"  class=\"panel-grid panel-has-style\" ><div class=\"siteorigin-panels-stretch panel-row-style panel-row-style-for-73-3\" data-stretch-type=\"full\" ><div id=\"pgc-73-3-0\"  class=\"panel-grid-cell\" ><div id=\"panel-73-3-0-0\" class=\"so-panel widget widget_sow-editor panel-first-child panel-last-child\" data-index=\"5\" ><div\n\t\t\t\n\t\t\tclass=\"so-widget-sow-editor so-widget-sow-editor-base\"\n\t\t\t\n\t\t><h3 class=\"widget-title\">UNTERNEHMEN<\/h3>\n<div class=\"siteorigin-widget-tinymce textwidget\">\n\t<\/p>\n<p>N\u00e4ttraby Verktygs AB war 1964 in N\u00e4ttraby gegr\u00fcndet, daher der Name. <span lang=\"de-DE\">Tausende von Ballenpressen wurden im Laufe der Jahre entwickelt und produziert.<\/span> <span lang=\"de-DE\">Wir sind stolz darauf, dass Maschinen, die 40-50 Jahre alt sind, immer noch funktionieren und t\u00e4glich verwendet werden.<\/span><\/p>\n<p><span lang=\"de-DE\">Wir haben viele verschiedene Produkte gebaut, deren kombinierte Erfahrungen im N\u00e4ttrabyPressen entstanden sind, der mit seinem einzigartigen Antriebssystem eine \u00e4u\u00dferst zuverl\u00e4ssige, kompakte und leise Maschine <\/span><span lang=\"de-DE\">gibt.<\/span><\/p>\n<p><span lang=\"de-DE\">Wir befinden uns derzeit in Ronneby, einer Stadt im Bezirk Blekinge im S\u00fcdosten von Schweden.<\/span><\/p>\n<\/div>\n<\/div><\/div><\/div><div id=\"pgc-73-3-1\"  class=\"panel-grid-cell\" ><div id=\"panel-73-3-1-0\" class=\"so-panel widget widget_sow-hero panel-first-child panel-last-child\" data-index=\"6\" ><div\n\t\t\t\n\t\t\tclass=\"so-widget-sow-hero so-widget-sow-hero-default-b2b2c9413229-73 so-widget-fittext-wrapper\"\n\t\t\t data-fit-text-compressor=\"0.85\"\n\t\t>\t\t\t\t<div class=\"sow-slider-base\" style=\"display: none\" tabindex=\"0\">\n\t\t\t\t\t<ul\n\t\t\t\t\tclass=\"sow-slider-images\"\n\t\t\t\t\tdata-settings=\"{&quot;pagination&quot;:true,&quot;speed&quot;:800,&quot;timeout&quot;:8000,&quot;paused&quot;:false,&quot;pause_on_hover&quot;:false,&quot;swipe&quot;:true,&quot;nav_always_show_desktop&quot;:&quot;&quot;,&quot;nav_always_show_mobile&quot;:&quot;&quot;,&quot;breakpoint&quot;:&quot;780px&quot;,&quot;unmute&quot;:false,&quot;anchor&quot;:null}\"\n\t\t\t\t\tstyle=\"min-height: 350px\"\t\t\t\t\tdata-anchor-id=\"\"\n\t\t\t\t>\t\t<li class=\"sow-slider-image  sow-slider-image-cover\" style=\"visibility: visible;;background-color: #333333;background-image: url(https:\/\/www.nva.se\/wp-content\/uploads\/2017\/01\/Produktion-BP80-1970.jpg)\" >\n\t\t\t\t\t<div class=\"sow-slider-image-container\">\n\t\t\t<div class=\"sow-slider-image-wrapper\">\n\t\t\t\t\t\t\t<\/div>\n\t\t<\/div>\n\t\t\t\t<\/li>\n\t\t\t\t<li class=\"sow-slider-image  sow-slider-image-cover\" style=\"visibility: hidden;;background-color: #333333\" data-background=\"url(https:\/\/www.nva.se\/wp-content\/uploads\/2017\/01\/BP80-Produktion-1970.jpg)\" >\n\t\t\t\t\t<div class=\"sow-slider-image-container\">\n\t\t\t<div class=\"sow-slider-image-wrapper\">\n\t\t\t\t\t\t\t<\/div>\n\t\t<\/div>\n\t\t\t\t<\/li>\n\t\t<\/ul>\t\t\t\t<ol class=\"sow-slider-pagination\">\n\t\t\t\t\t\t\t\t\t\t\t<li><a href=\"#\" data-goto=\"0\" aria-label=\"Display slide 1\"><\/a><\/li>\n\t\t\t\t\t\t\t\t\t\t\t<li><a href=\"#\" data-goto=\"1\" aria-label=\"Display slide 2\"><\/a><\/li>\n\t\t\t\t\t\t\t\t\t<\/ol>\n\n\t\t\t\t<div class=\"sow-slide-nav sow-slide-nav-next\">\n\t\t\t\t\t<a href=\"#\" data-goto=\"next\" aria-label=\"Next slide\" data-action=\"next\">\n\t\t\t\t\t\t<em class=\"sow-sld-icon-thin-right\"><\/em>\n\t\t\t\t\t<\/a>\n\t\t\t\t<\/div>\n\n\t\t\t\t<div class=\"sow-slide-nav sow-slide-nav-prev\">\n\t\t\t\t\t<a href=\"#\" data-goto=\"previous\" aria-label=\"Previous slide\" data-action=\"prev\">\n\t\t\t\t\t\t<em class=\"sow-sld-icon-thin-left\"><\/em>\n\t\t\t\t\t<\/a>\n\t\t\t\t<\/div>\n\t\t\t\t<\/div><\/div><\/div><\/div><\/div><\/div><div id=\"pg-73-4\"  class=\"panel-grid panel-has-style\" ><div class=\"siteorigin-panels-stretch panel-row-style panel-row-style-for-73-4\" data-stretch-type=\"full\" ><div id=\"pgc-73-4-0\"  class=\"panel-grid-cell\" ><div id=\"panel-73-4-0-0\" class=\"so-panel widget widget_sow-headline panel-first-child panel-last-child\" data-index=\"7\" ><div\n\t\t\t\n\t\t\tclass=\"so-widget-sow-headline so-widget-sow-headline-default-8453d1730078-73\"\n\t\t\t\n\t\t><div class=\"sow-headline-container \">\n\t\t\t\t\t\t\t<h1 class=\"sow-headline\">\n\t\t\t\t\t\tUm Ressourcen zu sparen gibt Ergebnisse!\t\t\t\t\t\t<\/h1>\n\t\t\t\t\t\t\t\t\t\t\t\t<h3 class=\"sow-sub-headline\">\n\t\t\t\t\t\tArbeitssparend, zeitsparend, platzsparend. Reduzierung der Versandkosten und Umweltbelastung!\t\t\t\t\t\t<\/h3>\n\t\t\t\t\t\t<\/div>\n<\/div><\/div><\/div><\/div><\/div><\/div>","protected":false},"excerpt":{"rendered":"<p>Wir arbeiten langfristig und zielgerichtet. Hat Personal mit hohen F\u00e4higkeiten und langer Erfahrung. Alle unsere Produkte werden in Schweden entworfen und hergestellt.Wir wissen, dass eine effiziente Quellensortierung die richtige Ausr\u00fcstung erfordert. Die Entwicklung von N\u00e4ttrabressen seit dem Start des Unternehmens in den 1960er Jahren hat schrittweise und mit Bedacht in Zusammenarbeit mit den Anwendern stattgefunden.<\/p>\n<div><a class=\"btn-filled btn\" href=\"https:\/\/www.nva.se\/de\/om-oss\/\" title=\"Om oss\">Weiterlesen<\/a><\/div>\n","protected":false},"author":1,"featured_media":0,"parent":0,"menu_order":0,"comment_status":"closed","ping_status":"closed","template":"page-templates\/full-width.php","meta":{"footnotes":""},"class_list":["post-73","page","type-page","status-publish","hentry"],"yoast_head":"<!-- This site is optimized with the Yoast SEO plugin v26.0 - https:\/\/yoast.com\/wordpress\/plugins\/seo\/ -->\n<title>Om oss - N\u00e4ttrabyPressen - N\u00e4ttraby Verktygs AB<\/title>\n<meta name=\"robots\" content=\"index, follow, max-snippet:-1, max-image-preview:large, max-video-preview:-1\" \/>\n<link rel=\"canonical\" href=\"https:\/\/www.nva.se\/en\/om-oss\/\" \/>\n<meta property=\"og:locale\" content=\"de_DE\" \/>\n<meta property=\"og:type\" content=\"article\" \/>\n<meta property=\"og:title\" content=\"Om oss - N\u00e4ttrabyPressen - N\u00e4ttraby Verktygs AB\" \/>\n<meta property=\"og:description\" content=\"Wir arbeiten langfristig und zielgerichtet. Hat Personal mit hohen F\u00e4higkeiten und langer Erfahrung. Alle unsere Produkte werden in Schweden entworfen und hergestellt.Wir wissen, dass eine effiziente Quellensortierung die richtige Ausr\u00fcstung erfordert. Die Entwicklung von N\u00e4ttrabressen seit dem Start des Unternehmens in den 1960er Jahren hat schrittweise und mit Bedacht in Zusammenarbeit mit den Anwendern stattgefunden.Weiterlesen\" \/>\n<meta property=\"og:url\" content=\"https:\/\/www.nva.se\/en\/om-oss\/\" \/>\n<meta property=\"og:site_name\" content=\"N\u00e4ttrabyPressen - N\u00e4ttraby Verktygs AB\" \/>\n<meta property=\"article:modified_time\" content=\"2017-12-20T10:32:45+00:00\" \/>\n<meta name=\"twitter:card\" content=\"summary_large_image\" \/>\n<meta name=\"twitter:label1\" content=\"Gesch\u00e4tzte Lesezeit\" \/>\n\t<meta name=\"twitter:data1\" content=\"4\u00a0Minuten\" \/>\n<script type=\"application\/ld+json\" class=\"yoast-schema-graph\">{\"@context\":\"https:\/\/schema.org\",\"@graph\":[{\"@type\":\"WebPage\",\"@id\":\"https:\/\/www.nva.se\/en\/om-oss\/\",\"url\":\"https:\/\/www.nva.se\/en\/om-oss\/\",\"name\":\"Om oss - N\u00e4ttrabyPressen - N\u00e4ttraby Verktygs AB\",\"isPartOf\":{\"@id\":\"https:\/\/www.nva.se\/#website\"},\"datePublished\":\"2017-01-02T16:29:23+00:00\",\"dateModified\":\"2017-12-20T10:32:45+00:00\",\"breadcrumb\":{\"@id\":\"https:\/\/www.nva.se\/en\/om-oss\/#breadcrumb\"},\"inLanguage\":\"de\",\"potentialAction\":[{\"@type\":\"ReadAction\",\"target\":[\"https:\/\/www.nva.se\/en\/om-oss\/\"]}]},{\"@type\":\"BreadcrumbList\",\"@id\":\"https:\/\/www.nva.se\/en\/om-oss\/#breadcrumb\",\"itemListElement\":[{\"@type\":\"ListItem\",\"position\":1,\"name\":\"Home\",\"item\":\"https:\/\/www.nva.se\/\"},{\"@type\":\"ListItem\",\"position\":2,\"name\":\"Om oss\"}]},{\"@type\":\"WebSite\",\"@id\":\"https:\/\/www.nva.se\/#website\",\"url\":\"https:\/\/www.nva.se\/\",\"name\":\"N\u00e4ttrabyPressen - N\u00e4ttraby Verktygs AB\",\"description\":\"Optimierte R\u00fcckgewinnung durch Verdichtung der Ballenpresse NP40, NP40 II, NP60, NP60-II, NP80, NP80-II, NP100, NP100-II, BP80, BP 80\",\"publisher\":{\"@id\":\"https:\/\/www.nva.se\/#organization\"},\"potentialAction\":[{\"@type\":\"SearchAction\",\"target\":{\"@type\":\"EntryPoint\",\"urlTemplate\":\"https:\/\/www.nva.se\/?s={search_term_string}\"},\"query-input\":{\"@type\":\"PropertyValueSpecification\",\"valueRequired\":true,\"valueName\":\"search_term_string\"}}],\"inLanguage\":\"de\"},{\"@type\":\"Organization\",\"@id\":\"https:\/\/www.nva.se\/#organization\",\"name\":\"N\u00e4ttraby Verktygs AB, NVA\",\"url\":\"https:\/\/www.nva.se\/\",\"logo\":{\"@type\":\"ImageObject\",\"inLanguage\":\"de\",\"@id\":\"https:\/\/www.nva.se\/#\/schema\/logo\/image\/\",\"url\":\"https:\/\/i2.wp.com\/www.nattrabypressen.com\/wp-content\/uploads\/2017\/01\/nva_logo.png?fit=369%2C194&ssl=1\",\"contentUrl\":\"https:\/\/i2.wp.com\/www.nattrabypressen.com\/wp-content\/uploads\/2017\/01\/nva_logo.png?fit=369%2C194&ssl=1\",\"width\":369,\"height\":194,\"caption\":\"N\u00e4ttraby Verktygs AB, NVA\"},\"image\":{\"@id\":\"https:\/\/www.nva.se\/#\/schema\/logo\/image\/\"}}]}<\/script>\n<!-- \/ Yoast SEO plugin. -->","yoast_head_json":{"title":"Om oss - N\u00e4ttrabyPressen - N\u00e4ttraby Verktygs AB","robots":{"index":"index","follow":"follow","max-snippet":"max-snippet:-1","max-image-preview":"max-image-preview:large","max-video-preview":"max-video-preview:-1"},"canonical":"https:\/\/www.nva.se\/en\/om-oss\/","og_locale":"de_DE","og_type":"article","og_title":"Om oss - N\u00e4ttrabyPressen - N\u00e4ttraby Verktygs AB","og_description":"Wir arbeiten langfristig und zielgerichtet. Hat Personal mit hohen F\u00e4higkeiten und langer Erfahrung. Alle unsere Produkte werden in Schweden entworfen und hergestellt.Wir wissen, dass eine effiziente Quellensortierung die richtige Ausr\u00fcstung erfordert. Die Entwicklung von N\u00e4ttrabressen seit dem Start des Unternehmens in den 1960er Jahren hat schrittweise und mit Bedacht in Zusammenarbeit mit den Anwendern stattgefunden.Weiterlesen","og_url":"https:\/\/www.nva.se\/en\/om-oss\/","og_site_name":"N\u00e4ttrabyPressen - N\u00e4ttraby Verktygs AB","article_modified_time":"2017-12-20T10:32:45+00:00","twitter_card":"summary_large_image","twitter_misc":{"Gesch\u00e4tzte Lesezeit":"4\u00a0Minuten"},"schema":{"@context":"https:\/\/schema.org","@graph":[{"@type":"WebPage","@id":"https:\/\/www.nva.se\/en\/om-oss\/","url":"https:\/\/www.nva.se\/en\/om-oss\/","name":"Om oss - N\u00e4ttrabyPressen - N\u00e4ttraby Verktygs AB","isPartOf":{"@id":"https:\/\/www.nva.se\/#website"},"datePublished":"2017-01-02T16:29:23+00:00","dateModified":"2017-12-20T10:32:45+00:00","breadcrumb":{"@id":"https:\/\/www.nva.se\/en\/om-oss\/#breadcrumb"},"inLanguage":"de","potentialAction":[{"@type":"ReadAction","target":["https:\/\/www.nva.se\/en\/om-oss\/"]}]},{"@type":"BreadcrumbList","@id":"https:\/\/www.nva.se\/en\/om-oss\/#breadcrumb","itemListElement":[{"@type":"ListItem","position":1,"name":"Home","item":"https:\/\/www.nva.se\/"},{"@type":"ListItem","position":2,"name":"Om oss"}]},{"@type":"WebSite","@id":"https:\/\/www.nva.se\/#website","url":"https:\/\/www.nva.se\/","name":"N\u00e4ttrabyPressen - N\u00e4ttraby Verktygs AB","description":"Optimierte R\u00fcckgewinnung durch Verdichtung der Ballenpresse NP40, NP40 II, NP60, NP60-II, NP80, NP80-II, NP100, NP100-II, BP80, BP 80","publisher":{"@id":"https:\/\/www.nva.se\/#organization"},"potentialAction":[{"@type":"SearchAction","target":{"@type":"EntryPoint","urlTemplate":"https:\/\/www.nva.se\/?s={search_term_string}"},"query-input":{"@type":"PropertyValueSpecification","valueRequired":true,"valueName":"search_term_string"}}],"inLanguage":"de"},{"@type":"Organization","@id":"https:\/\/www.nva.se\/#organization","name":"N\u00e4ttraby Verktygs AB, NVA","url":"https:\/\/www.nva.se\/","logo":{"@type":"ImageObject","inLanguage":"de","@id":"https:\/\/www.nva.se\/#\/schema\/logo\/image\/","url":"https:\/\/i2.wp.com\/www.nattrabypressen.com\/wp-content\/uploads\/2017\/01\/nva_logo.png?fit=369%2C194&ssl=1","contentUrl":"https:\/\/i2.wp.com\/www.nattrabypressen.com\/wp-content\/uploads\/2017\/01\/nva_logo.png?fit=369%2C194&ssl=1","width":369,"height":194,"caption":"N\u00e4ttraby Verktygs AB, NVA"},"image":{"@id":"https:\/\/www.nva.se\/#\/schema\/logo\/image\/"}}]}},"_links":{"self":[{"href":"https:\/\/www.nva.se\/de\/wp-json\/wp\/v2\/pages\/73","targetHints":{"allow":["GET"]}}],"collection":[{"href":"https:\/\/www.nva.se\/de\/wp-json\/wp\/v2\/pages"}],"about":[{"href":"https:\/\/www.nva.se\/de\/wp-json\/wp\/v2\/types\/page"}],"author":[{"embeddable":true,"href":"https:\/\/www.nva.se\/de\/wp-json\/wp\/v2\/users\/1"}],"replies":[{"embeddable":true,"href":"https:\/\/www.nva.se\/de\/wp-json\/wp\/v2\/comments?post=73"}],"version-history":[{"count":55,"href":"https:\/\/www.nva.se\/de\/wp-json\/wp\/v2\/pages\/73\/revisions"}],"predecessor-version":[{"id":1555,"href":"https:\/\/www.nva.se\/de\/wp-json\/wp\/v2\/pages\/73\/revisions\/1555"}],"wp:attachment":[{"href":"https:\/\/www.nva.se\/de\/wp-json\/wp\/v2\/media?parent=73"}],"curies":[{"name":"wp","href":"https:\/\/api.w.org\/{rel}","templated":true}]}}