{"id":70,"date":"2017-01-02T16:29:12","date_gmt":"2017-01-02T16:29:12","guid":{"rendered":"http:\/\/localhost\/wordpress\/?page_id=70"},"modified":"2025-07-09T09:58:45","modified_gmt":"2025-07-09T09:58:45","slug":"produkter","status":"publish","type":"page","link":"https:\/\/www.nva.se\/de\/produkter\/","title":{"rendered":"Produkter"},"content":{"rendered":"<div id=\"pl-70\"  class=\"panel-layout\" ><div id=\"pg-70-0\"  class=\"panel-grid panel-has-style\" ><div class=\"siteorigin-panels-stretch panel-row-style panel-row-style-for-70-0\" data-stretch-type=\"full-width-stretch\" ><div id=\"pgc-70-0-0\"  class=\"panel-grid-cell\" ><div id=\"panel-70-0-0-0\" class=\"so-panel widget widget_sow-hero panel-first-child panel-last-child\" data-index=\"0\" ><div\n\t\t\t\n\t\t\tclass=\"so-widget-sow-hero so-widget-sow-hero-default-675cde0eaf0b-70 so-widget-fittext-wrapper\"\n\t\t\t data-fit-text-compressor=\"0.85\"\n\t\t>\t\t\t\t<div class=\"sow-slider-base\" style=\"display: none\" tabindex=\"0\">\n\t\t\t\t\t<ul\n\t\t\t\t\tclass=\"sow-slider-images\"\n\t\t\t\t\tdata-settings=\"{&quot;pagination&quot;:true,&quot;speed&quot;:800,&quot;timeout&quot;:8000,&quot;paused&quot;:false,&quot;pause_on_hover&quot;:false,&quot;swipe&quot;:true,&quot;nav_always_show_desktop&quot;:&quot;&quot;,&quot;nav_always_show_mobile&quot;:&quot;&quot;,&quot;breakpoint&quot;:&quot;780px&quot;,&quot;unmute&quot;:false,&quot;anchor&quot;:null}\"\n\t\t\t\t\tstyle=\"min-height: 400px\"\t\t\t\t\tdata-anchor-id=\"\"\n\t\t\t\t>\t\t<li class=\"sow-slider-image  sow-slider-image-cover\" style=\"visibility: visible;;background-color: #000000\" >\n\t\t\t\t\t<div class=\"sow-slider-image-container\">\n\t\t\t<div class=\"sow-slider-image-wrapper\">\n\t\t\t\t<pre>\u00a0<\/pre>\n<h1 style=\"text-align: center\"><\/p>\n<h1 style=\"text-align: center\"><\/p>\n<h1 style=\"text-align: center\"><strong><div class=\"mlprx \" style=\"\" data-effect=\"animated flipInX\" data-delay=\"1000\">Produkte<\/div><\/strong><\/h1>\n<p style=\"text-align: center\">Ballenpressen f\u00fcr Karton, Kunststoff, Folie und Restabfall. Wir produzieren hochwertige Produkte.<\/p>\t\t\t<\/div>\n\t\t<\/div>\n\t\t<div class=\"sow-slider-image-overlay sow-slider-image-cover\" style=\"opacity: 0.7;background-image: url(https:\/\/www.nva.se\/wp-content\/uploads\/2019\/03\/Monterade-Maskiner-3.2-2019.317.jpg)\"  ><\/div>\t\t<\/li>\n\t\t<\/ul>\t\t\t\t<ol class=\"sow-slider-pagination\">\n\t\t\t\t\t\t\t\t\t\t\t<li><a href=\"#\" data-goto=\"0\" aria-label=\"Display slide 1\"><\/a><\/li>\n\t\t\t\t\t\t\t\t\t<\/ol>\n\n\t\t\t\t<div class=\"sow-slide-nav sow-slide-nav-next\">\n\t\t\t\t\t<a href=\"#\" data-goto=\"next\" aria-label=\"Next slide\" data-action=\"next\">\n\t\t\t\t\t\t<em class=\"sow-sld-icon-medium-right\"><\/em>\n\t\t\t\t\t<\/a>\n\t\t\t\t<\/div>\n\n\t\t\t\t<div class=\"sow-slide-nav sow-slide-nav-prev\">\n\t\t\t\t\t<a href=\"#\" data-goto=\"previous\" aria-label=\"Previous slide\" data-action=\"prev\">\n\t\t\t\t\t\t<em class=\"sow-sld-icon-medium-left\"><\/em>\n\t\t\t\t\t<\/a>\n\t\t\t\t<\/div>\n\t\t\t\t<\/div><\/div><\/div><\/div><\/div><\/div><div id=\"pg-70-1\"  class=\"panel-grid panel-no-style\" ><div id=\"pgc-70-1-0\"  class=\"panel-grid-cell\" ><div id=\"panel-70-1-0-0\" class=\"widget_text so-panel widget widget_custom_html panel-first-child panel-last-child\" data-index=\"1\" ><div class=\"textwidget custom-html-widget\"><div class=\"thumbnail\">\n\t<a href=\"https:\/\/www.nattrabypressen.com\/produkter\/np-103\/\">\n\t\t<img decoding=\"async\" src=\"https:\/\/www.nattrabypressen.com\/wp-content\/uploads\/2024\/03\/NP103Front_2024_s1-e1709536784283.jpg\" \/>\n\t<\/a>\n\t<div class=\"caption\">\n\t\t<h3 class=\"widget-title\">NP103<\/h3>\n\t\t\n\t\t\n\t\t<p>NP103, Nachfolger der NP100, jetzt mit neuem Design. Mit dem NP103 l\u00e4sst sich einfacher arbeiten als je zuvor. Unsere gr\u00f6\u00dfte Ballenpresse mit echter Kapazit\u00e4t f\u00fcr Karton und Kunststoff.<\/p>\n\t\t<a href=\"https:\/\/www.nattrabypressen.com\/produkter\/np-103\/\">L\u00e4s mer<\/a>\n\t<\/div>\n<\/div><\/div><\/div><\/div><div id=\"pgc-70-1-1\"  class=\"panel-grid-cell\" ><div id=\"panel-70-1-1-0\" class=\"widget_text so-panel widget widget_custom_html panel-first-child panel-last-child\" data-index=\"2\" ><div class=\"textwidget custom-html-widget\"><div class=\"thumbnail\">\n\t<a href=\"https:\/\/www.nattrabypressen.com\/produkter\/np-80\/\">\n\t\t<img decoding=\"async\" src=\"https:\/\/www.nattrabypressen.com\/wp-content\/uploads\/2024\/03\/NP80-II-DC-FrontR.jpg\" \/>\n\t<\/a>\n\t<div class=\"caption\">\n\t\t<h3 class=\"widget-title\">NP80-II<\/h3>\n\t\t\n\t\t\n\t\t<p>Nachfolder der BP80\/NP80, der in Tausenden produziert wird und heute weltweit erh\u00e4ltlich ist. NP80-II hat eine H\u00f6he von unter 2 Metern und eine grosse Einf\u00fcll\u00f6ffnung. Gekennzeichnet durch die einfache Bedienung.<\/p>\n\t\t<a href=\"https:\/\/www.nattrabypressen.com\/produkter\/np-80\/\">L\u00e4s mer<\/a>\n\t<\/div>\n<\/div><\/div><\/div><\/div><div id=\"pgc-70-1-2\"  class=\"panel-grid-cell\" ><div id=\"panel-70-1-2-0\" class=\"widget_text so-panel widget widget_custom_html panel-first-child panel-last-child\" data-index=\"3\" ><div class=\"textwidget custom-html-widget\"><div class=\"thumbnail\">\n\t<a href=\"https:\/\/www.nattrabypressen.com\/produkter\/np-60-ii\/\">\n\t\t<img decoding=\"async\" src=\"https:\/\/www.nattrabypressen.com\/wp-content\/uploads\/2024\/03\/NP60-II_DC2_155-e1709540871124.jpg\" \/>\n\t<\/a>\n\t<div class=\"caption\">\n\t\t<h3 class=\"widget-title\">NP60-II<\/h3>\n\t\t\n\t\t\n\t\t<p>Die NP60-II ist leise, schnell und nur 1,85 m hoch! Sie hat ca 50% mehr Kapasit\u00e4t als die NP40-II. L\u00e4sst sich einfach mit einem Hubwagen platziert\/versetzt. Presst Karton, Wellpappe, Kunststoff usw.<\/p>\n\t\t<a href=\"https:\/\/www.nattrabypressen.com\/produkter\/np-60-ii\/\">L\u00e4s mer<\/a>\n\t<\/div>\n<\/div><\/div><\/div><\/div><\/div><div id=\"pg-70-2\"  class=\"panel-grid panel-no-style\" ><div id=\"pgc-70-2-0\"  class=\"panel-grid-cell\" ><div id=\"panel-70-2-0-0\" class=\"widget_text so-panel widget widget_custom_html panel-first-child panel-last-child\" data-index=\"4\" ><div class=\"textwidget custom-html-widget\"><div class=\"thumbnail\">\n\t<a href=\"https:\/\/www.nattrabypressen.com\/produkter\/np40-ii\/\">\n\t\t<img decoding=\"async\" src=\"https:\/\/www.nattrabypressen.com\/wp-content\/uploads\/2024\/03\/NP40II_FrontR_2021.jpg\" \/>\n\t<\/a>\n\t<div class=\"caption\">\n\t\t<h3 class=\"widget-title\">NP40-II<\/h3>\n\t\t\n\t\t\n\t\t<p>Auch die NP40-II arbeitet leise und schnell, nur 1,79 m hoch! NP40-II ist \"der kleine Bruder\" der NP60-II und nicht so breit. Sehr gut in engen R\u00e4umen. Einfach zu bedienen, mit eingebautem Ballenauswurf und dem gleichen Steuersystem und Sicherheit wie die grossen Maschinen.<\/p>\n\t\t<a href=\"https:\/\/www.nattrabypressen.com\/produkter\/np40-ii\/\">L\u00e4s mer<\/a>\n\t<\/div>\n<\/div><\/div><\/div><\/div><div id=\"pgc-70-2-1\"  class=\"panel-grid-cell\" ><div id=\"panel-70-2-1-0\" class=\"widget_text so-panel widget widget_custom_html panel-first-child panel-last-child\" data-index=\"5\" ><div class=\"textwidget custom-html-widget\"><div class=\"thumbnail\">\n\t<a href=\"https:\/\/www.nattrabypressen.com\/produkter\/np30p-2\/\">\n\t\t<img decoding=\"async\" src=\"https:\/\/www.nattrabypressen.com\/wp-content\/uploads\/2025\/07\/22650-NP30P-Front.121.jpg\" \/>\n\t<\/a>\n\t<div class=\"caption\">\n\t\t<h3 class=\"widget-title\">NP30P<\/h3>\n\t\t\n\t\t\n\t\t<p>NP30P ist ideal zum Sammeln von Plastikfolie und Schrumpffolie. Kompaktes Design, maximale Leistungskraft.<\/p>\n\t\t<a href=\"https:\/\/www.nattrabypressen.com\/produkter\/np30p-2\/\">L\u00e4s mer<\/a>\n\t<\/div>\n<\/div><\/div><\/div><\/div><div id=\"pgc-70-2-2\"  class=\"panel-grid-cell\" ><div id=\"panel-70-2-2-0\" class=\"widget_text so-panel widget widget_custom_html panel-first-child panel-last-child\" data-index=\"6\" ><div class=\"textwidget custom-html-widget\"><div class=\"thumbnail\">\n\t<a href=\"https:\/\/www.nattrabypressen.com\/produkter\/np10\/\">\n\t\t<img decoding=\"async\" src=\"https:\/\/www.nattrabypressen.com\/wp-content\/uploads\/2024\/03\/NP10_Manuell_41.jpg\" \/>\n\t<\/a>\n\t<div class=\"caption\">\n\t\t<h3 class=\"widget-title\">NP10<\/h3>\n\t\t\n\t\t\n\t\t<p>NP10 ist eine manuelle Presse, einfach zu bedienen und ideal zum Pressen von Kunststofffolien und Schrumpffolien. L\u00e4sst sich leicht bewegen und platzieren, auch wenn kein Strom vorhanden ist.<\/p>\n\t\t<a href=\"https:\/\/www.nattrabypressen.com\/produkter\/np10\/\">L\u00e4s mer<\/a>\n\t<\/div>\n<\/div><\/div><\/div><\/div><\/div><div id=\"pg-70-3\"  class=\"panel-grid panel-no-style\" ><div id=\"pgc-70-3-0\"  class=\"panel-grid-cell\" ><div id=\"panel-70-3-0-0\" class=\"widget_text so-panel widget widget_custom_html panel-first-child panel-last-child\" data-index=\"7\" ><div class=\"textwidget custom-html-widget\"><div class=\"thumbnail\">\n\t<a href=\"https:\/\/www.nattrabypressen.com\/produkter\/np80p-ii\/\">\n\t\t<img decoding=\"async\" src=\"https:\/\/www.nattrabypressen.com\/wp-content\/uploads\/2024\/03\/NP80P-II-Front2024.jpg\" \/>\n\t<\/a>\n\t<div class=\"caption\">\n\t\t<h3 class=\"widget-title\">NP80P-II<\/h3>\n\t\t\n\t\t\n\t\t<p>Eine Sonderversion der NP80-II - gleiche Abmessungen, jedoch mit speziellen Anpassungen f\u00fcr Material, die sich ausdehnen und den auftretenden Kr\u00e4ften standhalten. Sorgt f\u00fcr einen schnelleren Fluss und h\u00f6here Ballengewichte.<\/p>\n\t\t<a href=\"https:\/\/www.nattrabypressen.com\/produkter\/np80p-ii\/\">L\u00e4s mer<\/a>\n\t<\/div>\n<\/div><\/div><\/div><\/div><div id=\"pgc-70-3-1\"  class=\"panel-grid-cell\" ><div id=\"panel-70-3-1-0\" class=\"widget_text so-panel widget widget_custom_html panel-first-child panel-last-child\" data-index=\"8\" ><div class=\"textwidget custom-html-widget\"><div class=\"thumbnail\">\n\t<a href=\"https:\/\/www.nattrabypressen.com\/produkter\/np-4w\/\">\n\t\t<img decoding=\"async\" src=\"https:\/\/www.nattrabypressen.com\/wp-content\/uploads\/2024\/03\/NP4W_2019_448.jpg\" \/>\n\t<\/a>\n\t<div class=\"caption\">\n\t\t<h3 class=\"widget-title\">NP4W<\/h3>\n\t\t\n\t\t\n\t\t<p>NP 4-Waste komprimiert weichere Abf\u00e4lle in einem speziellen verst\u00e4rkten 370-Liter-Beh\u00e4lter, der auf R\u00e4dern rollt. Perfekt f\u00fcr Abf\u00e4lle aus Fast-Food-Restaurants.<\/p>\n\t\t<a href=\"https:\/\/www.nattrabypressen.com\/produkter\/np-4w\/\">L\u00e4s mer<\/a>\n\t<\/div>\n<\/div><\/div><\/div><\/div><div id=\"pgc-70-3-2\"  class=\"panel-grid-cell\" ><div id=\"panel-70-3-2-0\" class=\"widget_text so-panel widget widget_custom_html panel-first-child panel-last-child\" data-index=\"9\" ><div class=\"textwidget custom-html-widget\"><div class=\"thumbnail\">\n\t<a href=\"https:\/\/www.nattrabypressen.com\/produkter\/bag-packer-bp240\/\">\n\t\t<img decoding=\"async\" src=\"https:\/\/www.nattrabypressen.com\/wp-content\/uploads\/2017\/04\/BP240_S1.jpg\" \/>\n\t<\/a>\n\t<div class=\"caption\">\n\t\t<h3 class=\"widget-title\">BP240<\/h3>\n\t\t\n\t\t\n\t\t<p>BP240 ist ideal zum Sammeln von Plastikfolie und Schrumpffolie. Er fasst 240 Liter, was den Sackverbrauch reduziert.<\/p>\n\t\t<a href=\"https:\/\/www.nattrabypressen.com\/produkter\/bag-packer-bp240\/\">L\u00e4s mer<\/a>\n\t<\/div>\n<\/div><\/div><\/div><\/div><\/div><div id=\"pg-70-4\"  class=\"panel-grid panel-has-style\" ><div class=\"siteorigin-panels-stretch panel-row-style panel-row-style-for-70-4\" data-stretch-type=\"full-width-stretch\" ><div id=\"pgc-70-4-0\"  class=\"panel-grid-cell\" ><div id=\"panel-70-4-0-0\" class=\"so-panel widget widget_sow-hero panel-first-child panel-last-child\" data-index=\"10\" ><div\n\t\t\t\n\t\t\tclass=\"so-widget-sow-hero so-widget-sow-hero-default-c008f79dd5f5-70 so-widget-fittext-wrapper\"\n\t\t\t data-fit-text-compressor=\"0.85\"\n\t\t>\t\t\t\t<div class=\"sow-slider-base\" style=\"display: none\" tabindex=\"0\">\n\t\t\t\t\t<ul\n\t\t\t\t\tclass=\"sow-slider-images\"\n\t\t\t\t\tdata-settings=\"{&quot;pagination&quot;:true,&quot;speed&quot;:800,&quot;timeout&quot;:8000,&quot;paused&quot;:false,&quot;pause_on_hover&quot;:false,&quot;swipe&quot;:true,&quot;nav_always_show_desktop&quot;:&quot;&quot;,&quot;nav_always_show_mobile&quot;:&quot;&quot;,&quot;breakpoint&quot;:&quot;780px&quot;,&quot;unmute&quot;:false,&quot;anchor&quot;:null}\"\n\t\t\t\t\tstyle=\"min-height: 300px\"\t\t\t\t\tdata-anchor-id=\"\"\n\t\t\t\t>\t\t<li class=\"sow-slider-image  sow-slider-image-cover\" style=\"visibility: visible;;background-color: #000000\" >\n\t\t\t\t\t<div class=\"sow-slider-image-container\">\n\t\t\t<div class=\"sow-slider-image-wrapper\">\n\t\t\t\t<h1 style=\"text-align: center\"><\/h3>\n<h1 style=\"text-align: center\"><\/span><\/strong><\/h3>\n<h1 style=\"text-align: center\">Wissenswert...<\/h1>\n<h3 style=\"text-align: center\">Wir haben \u00fcber 15 000 Ballenpressen weltweit geliefert!<\/h3>\n<h3 style=\"text-align: center\">Gut f\u00fcr die Wirtschaft als auch die Umwelt<strong><span style=\"color: #f0f0f0\"><\/span><\/strong><\/h3>\t\t\t<\/div>\n\t\t<\/div>\n\t\t<div class=\"sow-slider-image-overlay sow-slider-image-cover\" style=\"opacity: 0.8;background-image: url(https:\/\/www.nva.se\/wp-content\/uploads\/2017\/01\/sky.jpg)\"  ><\/div>\t\t<\/li>\n\t\t\t\t<li class=\"sow-slider-image  sow-slider-image-cover\" style=\"visibility: hidden;;background-color: #000000\" >\n\t\t\t\t\t<div class=\"sow-slider-image-container\">\n\t\t\t<div class=\"sow-slider-image-wrapper\">\n\t\t\t\t<h1 style=\"text-align: center\"><\/span><\/strong><\/h3>\n<h1 style=\"text-align: center\"><\/span><\/strong><\/h3>\n<h1 style=\"text-align: center\">Wissenswert...<\/h1>\n<h3 style=\"text-align: center\">Ein Container mit 10 m3 Karton entspricht einen komprimierten Ballen in NP80-II.<\/h3>\n<h3 style=\"text-align: center\">Spart Abfallbehandlung und Raum!<strong><span style=\"color: #f0f0f0\"><\/span><\/strong><\/h3>\t\t\t<\/div>\n\t\t<\/div>\n\t\t<div class=\"sow-slider-image-overlay sow-slider-image-cover\" style=\"opacity: 0.65\" data-background=\"url(https:\/\/www.nva.se\/wp-content\/uploads\/2017\/01\/NP80_balar-r2.jpg)\"  ><\/div>\t\t<\/li>\n\t\t\t\t<li class=\"sow-slider-image  sow-slider-image-cover\" style=\"visibility: hidden;;background-color: #000000\" >\n\t\t\t\t\t<div class=\"sow-slider-image-container\">\n\t\t\t<div class=\"sow-slider-image-wrapper\">\n\t\t\t\t<h1 style=\"text-align: center\"><\/h3>\n<h1 style=\"text-align: center\"><\/h3>\n<h1 style=\"text-align: center\">Wissenswert...<\/h1>\n<h3 style=\"text-align: center\">Viele Pressen aus den 70er Jahren sind immer noch \u201estill going strong\u201c.<\/h3>\n<h3 style=\"text-align: center\">Gut f\u00fcr die Wirtschaft als auch die Umwelt!<\/h3>\t\t\t<\/div>\n\t\t<\/div>\n\t\t<div class=\"sow-slider-image-overlay sow-slider-image-cover\" style=\"opacity: 0.75\" data-background=\"url(https:\/\/www.nva.se\/wp-content\/uploads\/2017\/01\/parallax2-1.jpg)\"  ><\/div>\t\t<\/li>\n\t\t<\/ul>\t\t\t\t<ol class=\"sow-slider-pagination\">\n\t\t\t\t\t\t\t\t\t\t\t<li><a href=\"#\" data-goto=\"0\" aria-label=\"Display slide 1\"><\/a><\/li>\n\t\t\t\t\t\t\t\t\t\t\t<li><a href=\"#\" data-goto=\"1\" aria-label=\"Display slide 2\"><\/a><\/li>\n\t\t\t\t\t\t\t\t\t\t\t<li><a href=\"#\" data-goto=\"2\" aria-label=\"Display slide 3\"><\/a><\/li>\n\t\t\t\t\t\t\t\t\t<\/ol>\n\n\t\t\t\t<div class=\"sow-slide-nav sow-slide-nav-next\">\n\t\t\t\t\t<a href=\"#\" data-goto=\"next\" aria-label=\"Next slide\" data-action=\"next\">\n\t\t\t\t\t\t<em class=\"sow-sld-icon-thin-right\"><\/em>\n\t\t\t\t\t<\/a>\n\t\t\t\t<\/div>\n\n\t\t\t\t<div class=\"sow-slide-nav sow-slide-nav-prev\">\n\t\t\t\t\t<a href=\"#\" data-goto=\"previous\" aria-label=\"Previous slide\" data-action=\"prev\">\n\t\t\t\t\t\t<em class=\"sow-sld-icon-thin-left\"><\/em>\n\t\t\t\t\t<\/a>\n\t\t\t\t<\/div>\n\t\t\t\t<\/div><\/div><\/div><\/div><\/div><\/div><\/div>","protected":false},"excerpt":{"rendered":"<p>\u00a0 Produkte Ballenpressen f\u00fcr Karton, Kunststoff, Folie und Restabfall. Wir produzieren hochwertige Produkte. NP103 NP103, Nachfolger der NP100, jetzt mit neuem Design. Mit dem NP103 l\u00e4sst sich einfacher arbeiten als je zuvor. Unsere gr\u00f6\u00dfte Ballenpresse mit echter Kapazit\u00e4t f\u00fcr Karton und Kunststoff. L\u00e4s mer NP80-II Nachfolder der BP80\/NP80, der in Tausenden produziert wird und heute<\/p>\n<div><a class=\"btn-filled btn\" href=\"https:\/\/www.nva.se\/de\/produkter\/\" title=\"Produkter\">Weiterlesen<\/a><\/div>\n","protected":false},"author":1,"featured_media":0,"parent":0,"menu_order":0,"comment_status":"closed","ping_status":"closed","template":"page-templates\/full-width.php","meta":{"footnotes":""},"class_list":["post-70","page","type-page","status-publish","hentry"],"yoast_head":"<!-- This site is optimized with the Yoast SEO plugin v26.0 - https:\/\/yoast.com\/wordpress\/plugins\/seo\/ -->\n<title>Produkter - N\u00e4ttrabyPressen - N\u00e4ttraby Verktygs AB<\/title>\n<meta name=\"robots\" content=\"index, follow, max-snippet:-1, max-image-preview:large, max-video-preview:-1\" \/>\n<link rel=\"canonical\" href=\"https:\/\/www.nva.se\/produkter\/\" \/>\n<meta property=\"og:locale\" content=\"de_DE\" \/>\n<meta property=\"og:type\" content=\"article\" \/>\n<meta property=\"og:title\" content=\"Produkter - N\u00e4ttrabyPressen - N\u00e4ttraby Verktygs AB\" \/>\n<meta property=\"og:description\" content=\"\u00a0 Produkte Ballenpressen f\u00fcr Karton, Kunststoff, Folie und Restabfall. Wir produzieren hochwertige Produkte. NP103 NP103, Nachfolger der NP100, jetzt mit neuem Design. Mit dem NP103 l\u00e4sst sich einfacher arbeiten als je zuvor. Unsere gr\u00f6\u00dfte Ballenpresse mit echter Kapazit\u00e4t f\u00fcr Karton und Kunststoff. L\u00e4s mer NP80-II Nachfolder der BP80\/NP80, der in Tausenden produziert wird und heuteWeiterlesen\" \/>\n<meta property=\"og:url\" content=\"https:\/\/www.nva.se\/produkter\/\" \/>\n<meta property=\"og:site_name\" content=\"N\u00e4ttrabyPressen - N\u00e4ttraby Verktygs AB\" \/>\n<meta property=\"article:modified_time\" content=\"2025-07-09T09:58:45+00:00\" \/>\n<meta name=\"twitter:card\" content=\"summary_large_image\" \/>\n<meta name=\"twitter:label1\" content=\"Gesch\u00e4tzte Lesezeit\" \/>\n\t<meta name=\"twitter:data1\" content=\"7\u00a0Minuten\" \/>\n<script type=\"application\/ld+json\" class=\"yoast-schema-graph\">{\"@context\":\"https:\/\/schema.org\",\"@graph\":[{\"@type\":\"WebPage\",\"@id\":\"https:\/\/www.nva.se\/produkter\/\",\"url\":\"https:\/\/www.nva.se\/produkter\/\",\"name\":\"Produkter - N\u00e4ttrabyPressen - N\u00e4ttraby Verktygs AB\",\"isPartOf\":{\"@id\":\"https:\/\/www.nva.se\/#website\"},\"datePublished\":\"2017-01-02T16:29:12+00:00\",\"dateModified\":\"2025-07-09T09:58:45+00:00\",\"breadcrumb\":{\"@id\":\"https:\/\/www.nva.se\/produkter\/#breadcrumb\"},\"inLanguage\":\"de\",\"potentialAction\":[{\"@type\":\"ReadAction\",\"target\":[\"https:\/\/www.nva.se\/produkter\/\"]}]},{\"@type\":\"BreadcrumbList\",\"@id\":\"https:\/\/www.nva.se\/produkter\/#breadcrumb\",\"itemListElement\":[{\"@type\":\"ListItem\",\"position\":1,\"name\":\"Home\",\"item\":\"https:\/\/www.nva.se\/\"},{\"@type\":\"ListItem\",\"position\":2,\"name\":\"Produkter\"}]},{\"@type\":\"WebSite\",\"@id\":\"https:\/\/www.nva.se\/#website\",\"url\":\"https:\/\/www.nva.se\/\",\"name\":\"N\u00e4ttrabyPressen - N\u00e4ttraby Verktygs AB\",\"description\":\"Optimierte R\u00fcckgewinnung durch Verdichtung der Ballenpresse NP40, NP40 II, NP60, NP60-II, NP80, NP80-II, NP100, NP100-II, BP80, BP 80\",\"publisher\":{\"@id\":\"https:\/\/www.nva.se\/#organization\"},\"potentialAction\":[{\"@type\":\"SearchAction\",\"target\":{\"@type\":\"EntryPoint\",\"urlTemplate\":\"https:\/\/www.nva.se\/?s={search_term_string}\"},\"query-input\":{\"@type\":\"PropertyValueSpecification\",\"valueRequired\":true,\"valueName\":\"search_term_string\"}}],\"inLanguage\":\"de\"},{\"@type\":\"Organization\",\"@id\":\"https:\/\/www.nva.se\/#organization\",\"name\":\"N\u00e4ttraby Verktygs AB, NVA\",\"url\":\"https:\/\/www.nva.se\/\",\"logo\":{\"@type\":\"ImageObject\",\"inLanguage\":\"de\",\"@id\":\"https:\/\/www.nva.se\/#\/schema\/logo\/image\/\",\"url\":\"https:\/\/i2.wp.com\/www.nattrabypressen.com\/wp-content\/uploads\/2017\/01\/nva_logo.png?fit=369%2C194&ssl=1\",\"contentUrl\":\"https:\/\/i2.wp.com\/www.nattrabypressen.com\/wp-content\/uploads\/2017\/01\/nva_logo.png?fit=369%2C194&ssl=1\",\"width\":369,\"height\":194,\"caption\":\"N\u00e4ttraby Verktygs AB, NVA\"},\"image\":{\"@id\":\"https:\/\/www.nva.se\/#\/schema\/logo\/image\/\"}}]}<\/script>\n<!-- \/ Yoast SEO plugin. -->","yoast_head_json":{"title":"Produkter - N\u00e4ttrabyPressen - N\u00e4ttraby Verktygs AB","robots":{"index":"index","follow":"follow","max-snippet":"max-snippet:-1","max-image-preview":"max-image-preview:large","max-video-preview":"max-video-preview:-1"},"canonical":"https:\/\/www.nva.se\/produkter\/","og_locale":"de_DE","og_type":"article","og_title":"Produkter - N\u00e4ttrabyPressen - N\u00e4ttraby Verktygs AB","og_description":"\u00a0 Produkte Ballenpressen f\u00fcr Karton, Kunststoff, Folie und Restabfall. Wir produzieren hochwertige Produkte. NP103 NP103, Nachfolger der NP100, jetzt mit neuem Design. Mit dem NP103 l\u00e4sst sich einfacher arbeiten als je zuvor. Unsere gr\u00f6\u00dfte Ballenpresse mit echter Kapazit\u00e4t f\u00fcr Karton und Kunststoff. L\u00e4s mer NP80-II Nachfolder der BP80\/NP80, der in Tausenden produziert wird und heuteWeiterlesen","og_url":"https:\/\/www.nva.se\/produkter\/","og_site_name":"N\u00e4ttrabyPressen - N\u00e4ttraby Verktygs AB","article_modified_time":"2025-07-09T09:58:45+00:00","twitter_card":"summary_large_image","twitter_misc":{"Gesch\u00e4tzte Lesezeit":"7\u00a0Minuten"},"schema":{"@context":"https:\/\/schema.org","@graph":[{"@type":"WebPage","@id":"https:\/\/www.nva.se\/produkter\/","url":"https:\/\/www.nva.se\/produkter\/","name":"Produkter - N\u00e4ttrabyPressen - N\u00e4ttraby Verktygs AB","isPartOf":{"@id":"https:\/\/www.nva.se\/#website"},"datePublished":"2017-01-02T16:29:12+00:00","dateModified":"2025-07-09T09:58:45+00:00","breadcrumb":{"@id":"https:\/\/www.nva.se\/produkter\/#breadcrumb"},"inLanguage":"de","potentialAction":[{"@type":"ReadAction","target":["https:\/\/www.nva.se\/produkter\/"]}]},{"@type":"BreadcrumbList","@id":"https:\/\/www.nva.se\/produkter\/#breadcrumb","itemListElement":[{"@type":"ListItem","position":1,"name":"Home","item":"https:\/\/www.nva.se\/"},{"@type":"ListItem","position":2,"name":"Produkter"}]},{"@type":"WebSite","@id":"https:\/\/www.nva.se\/#website","url":"https:\/\/www.nva.se\/","name":"N\u00e4ttrabyPressen - N\u00e4ttraby Verktygs AB","description":"Optimierte R\u00fcckgewinnung durch Verdichtung der Ballenpresse NP40, NP40 II, NP60, NP60-II, NP80, NP80-II, NP100, NP100-II, BP80, BP 80","publisher":{"@id":"https:\/\/www.nva.se\/#organization"},"potentialAction":[{"@type":"SearchAction","target":{"@type":"EntryPoint","urlTemplate":"https:\/\/www.nva.se\/?s={search_term_string}"},"query-input":{"@type":"PropertyValueSpecification","valueRequired":true,"valueName":"search_term_string"}}],"inLanguage":"de"},{"@type":"Organization","@id":"https:\/\/www.nva.se\/#organization","name":"N\u00e4ttraby Verktygs AB, NVA","url":"https:\/\/www.nva.se\/","logo":{"@type":"ImageObject","inLanguage":"de","@id":"https:\/\/www.nva.se\/#\/schema\/logo\/image\/","url":"https:\/\/i2.wp.com\/www.nattrabypressen.com\/wp-content\/uploads\/2017\/01\/nva_logo.png?fit=369%2C194&ssl=1","contentUrl":"https:\/\/i2.wp.com\/www.nattrabypressen.com\/wp-content\/uploads\/2017\/01\/nva_logo.png?fit=369%2C194&ssl=1","width":369,"height":194,"caption":"N\u00e4ttraby Verktygs AB, NVA"},"image":{"@id":"https:\/\/www.nva.se\/#\/schema\/logo\/image\/"}}]}},"_links":{"self":[{"href":"https:\/\/www.nva.se\/de\/wp-json\/wp\/v2\/pages\/70","targetHints":{"allow":["GET"]}}],"collection":[{"href":"https:\/\/www.nva.se\/de\/wp-json\/wp\/v2\/pages"}],"about":[{"href":"https:\/\/www.nva.se\/de\/wp-json\/wp\/v2\/types\/page"}],"author":[{"embeddable":true,"href":"https:\/\/www.nva.se\/de\/wp-json\/wp\/v2\/users\/1"}],"replies":[{"embeddable":true,"href":"https:\/\/www.nva.se\/de\/wp-json\/wp\/v2\/comments?post=70"}],"version-history":[{"count":216,"href":"https:\/\/www.nva.se\/de\/wp-json\/wp\/v2\/pages\/70\/revisions"}],"predecessor-version":[{"id":3342,"href":"https:\/\/www.nva.se\/de\/wp-json\/wp\/v2\/pages\/70\/revisions\/3342"}],"wp:attachment":[{"href":"https:\/\/www.nva.se\/de\/wp-json\/wp\/v2\/media?parent=70"}],"curies":[{"name":"wp","href":"https:\/\/api.w.org\/{rel}","templated":true}]}}