{"id":452,"date":"2017-01-25T19:00:43","date_gmt":"2017-01-25T19:00:43","guid":{"rendered":"http:\/\/www.nattrabypressen.com\/?page_id=452"},"modified":"2021-08-17T15:19:34","modified_gmt":"2021-08-17T15:19:34","slug":"np-4w","status":"publish","type":"page","link":"https:\/\/www.nva.se\/de\/produkter\/np-4w\/","title":{"rendered":"NP 4W"},"content":{"rendered":"<div id=\"pl-452\"  class=\"panel-layout\" ><div id=\"pg-452-0\"  class=\"panel-grid panel-has-style\" ><div class=\"siteorigin-panels-stretch panel-row-style panel-row-style-for-452-0\" data-stretch-type=\"full\" ><div id=\"pgc-452-0-0\"  class=\"panel-grid-cell\" ><div id=\"panel-452-0-0-0\" class=\"so-panel widget widget_sow-headline panel-first-child\" data-index=\"0\" ><div\n\t\t\t\n\t\t\tclass=\"so-widget-sow-headline so-widget-sow-headline-default-e910f32f53e1-452\"\n\t\t\t\n\t\t><div class=\"sow-headline-container \">\n\t\t\t\t\t\t\t<h3 class=\"sow-sub-headline\">\n\t\t\t\t\t\tNP 4W\t\t\t\t\t\t<\/h3>\n\t\t\t\t\t\t\t\t\t\t\t<div class=\"decoration\">\n\t\t\t\t\t\t<div class=\"decoration-inside\"><\/div>\n\t\t\t\t\t<\/div>\n\t\t\t\t\t<\/div>\n<\/div><\/div><\/div><div id=\"pgc-452-0-1\"  class=\"panel-grid-cell\" ><div id=\"panel-452-0-1-0\" class=\"so-panel widget widget_sow-headline panel-first-child\" data-index=\"2\" ><div class=\"panel-widget-style panel-widget-style-for-452-0-1-0\" ><div\n\t\t\t\n\t\t\tclass=\"so-widget-sow-headline so-widget-sow-headline-default-367098490815-452\"\n\t\t\t\n\t\t><div class=\"sow-headline-container \">\n\t<\/div>\n<\/div><\/div><\/div><div id=\"panel-452-0-1-1\" class=\"so-panel widget widget_sow-editor panel-last-child\" data-index=\"3\" ><div\n\t\t\t\n\t\t\tclass=\"so-widget-sow-editor so-widget-sow-editor-base\"\n\t\t\t\n\t\t>\n<div class=\"siteorigin-widget-tinymce textwidget\">\n\t<p><strong>NP 4-Waste <\/strong>verdichtet gemischte weiche Abf\u00e4lle in einem speziellen 3700-Liter-Abfalleimer, der auf R\u00e4dern eingerollt wird. Die T\u00fcr \u00f6ffnen, <span lang=\"de-DE\">Material wird hineingelegt und zusammenge<\/span><span lang=\"de-DE\">presst.<\/span><br \/>\nWann der Abfalleimer voll ist, wird zu einem <span lang=\"de-DE\">leere<\/span><span lang=\"de-DE\">n<\/span> <span lang=\"de-DE\">ge<\/span><span lang=\"de-DE\">wechsel<\/span><span lang=\"de-DE\">t.<\/span><\/p>\n<p><span lang=\"de-DE\">NP 4-Waste ist eine perfekte Maschine f\u00fcr <\/span><span lang=\"de-DE\">Reduzierung von <\/span><span lang=\"de-DE\">Han<\/span><span lang=\"de-DE\">tierungs<\/span><span lang=\"de-DE\">kosten. <\/span>D<span lang=\"de-DE\">ank seiner geringen H\u00f6he und der minimalen Bodenfl\u00e4che kann der NP4W in der N\u00e4he der <\/span><span lang=\"de-DE\">M<\/span><span lang=\"de-DE\">aterialquelle platziert werden.<\/span><br \/>\nDie NP4W hat einen sehr niedrigen Ger\u00e4uschpegel, nur 57 dB(A). Zum Vergleich: e<span lang=\"de-DE\">in normaler Anruf entspricht ungef\u00e4hr 60 dB(A). Zwei Rauschquellen von jeweils 57 dB liefern 60 dB<\/span><span lang=\"de-DE\">(A)<\/span><span lang=\"de-DE\">!<\/span><\/p>\n<ul>\n<li>NP 4W ist <span lang=\"de-DE\">f\u00fcr weicheren Restm\u00fcll oder brennbar <\/span><span lang=\"de-DE\">geeignet<\/span><span lang=\"de-DE\">.<\/span><\/li>\n<li><span lang=\"de-DE\">NP 4W ist einfach zu handhaben, sicher, leise, schnell und effizient.<\/span><\/li>\n<li><span lang=\"de-DE\">Ein<\/span><span lang=\"de-DE\">e<\/span><span lang=\"de-DE\"> NP 4W mit einem 370-Liter-Beh\u00e4lter kann 4 Standard-660-Liter-Abfallbeh\u00e4lter ersetzen.<\/span><\/li>\n<li>Perfekt f\u00fcr Abf\u00e4lle von Fast-Food-Restaurants.<\/li>\n<\/ul>\n<\/div>\n<\/div><\/div><\/div><\/div><\/div><div id=\"pg-452-1\"  class=\"panel-grid panel-no-style\" ><div id=\"pgc-452-1-0\"  class=\"panel-grid-cell\" ><div id=\"panel-452-1-0-0\" class=\"so-panel widget widget_sow-editor panel-first-child panel-last-child\" data-index=\"4\" ><div class=\"download-widget panel-widget-style panel-widget-style-for-452-1-0-0\" ><div\n\t\t\t\n\t\t\tclass=\"so-widget-sow-editor so-widget-sow-editor-base\"\n\t\t\t\n\t\t><h3 class=\"widget-title\">Datenblatt download<\/h3>\n<div class=\"siteorigin-widget-tinymce textwidget\">\n\t<p>(Svenska) <\/p>\n<p><span class=\"download-btn\"><a href=\"https:\/\/www.nattrabypressen.com\/wp-content\/uploads\/2020\/04\/NP4W-20200416-NVA-SE.pdf\">Broschyr NP4W<\/a>\u00a0<a href=\"http:\/\/www.nattrabypressen.com\/wp-content\/uploads\/2017\/01\/NP40II-20170124-NVA-SE-webb.pdf\" target=\"_blank\" rel=\"noopener noreferrer\"> <img loading=\"lazy\" decoding=\"async\" class=\"icon icons8-Download\" src=\"data:image\/png;base64,iVBORw0KGgoAAAANSUhEUgAAADIAAAAyCAYAAAAeP4ixAAABcklEQVRoQ+2Y6w3CMAyE3Q1gEmADmBw2ACZgBNgAZCmRoijxIyIuQtc\/pYIm\/u7OacpCf3IsARzXNMdh5lwRIO8EMHWuqYMnAIB4oghHHGohWg6xCNFyqIVoOcRCtDxiIVoetbBqOdT6iWjlIrS6b0TU26ZrILzN32sTaDtoLVpWkLtQjAbCIuyiQDRgqQ4NxMKgjqEVqA5gqCJkDIAYnMg\/gSOFWKoYiBai5VAgOloPInoR0Smd61KlfG+I6Gz4Ay+kR\/KTmc8tmF4RGYK3J9LOgDlDQLigS9pmtGBaRdQQx46b5iX8W6uWBFODeCHCHMmq9WBKkBGIcBCesAXzTKTb1Ni5J7Q4lYtGSI\/Uq1QNk981uH9GIFZxpBWzEpRXJ48T4c3eesyVzvD3oxCrOlI7w9cjTvyEIyUMf+an\/+ixSrOPFivdBxBzNmfI3xgTjsCRSVFDtBAtREtWAD1S98ikxLiH7b6aW9\/Z3TNOuqFb7wdTNZEzY+A3VQAAAABJRU5ErkJggg==\" width=\"25\" height=\"25\" \/><\/a><\/span><\/p>\n<\/div>\n<\/div><\/div><\/div><\/div><\/div><\/div>","protected":false},"excerpt":{"rendered":"<p>NP 4-Waste verdichtet gemischte weiche Abf\u00e4lle in einem speziellen 3700-Liter-Abfalleimer, der auf R\u00e4dern eingerollt wird. Die T\u00fcr \u00f6ffnen, Material wird hineingelegt und zusammengepresst. Wann der Abfalleimer voll ist, wird zu einem leeren gewechselt. NP 4-Waste ist eine perfekte Maschine f\u00fcr Reduzierung von Hantierungskosten. Dank seiner geringen H\u00f6he und der minimalen Bodenfl\u00e4che kann der NP4W in<\/p>\n<div><a class=\"btn-filled btn\" href=\"https:\/\/www.nva.se\/de\/produkter\/np-4w\/\" title=\"NP 4W\">Weiterlesen<\/a><\/div>\n","protected":false},"author":3,"featured_media":0,"parent":70,"menu_order":7,"comment_status":"closed","ping_status":"closed","template":"page-templates\/full-width.php","meta":{"footnotes":""},"class_list":["post-452","page","type-page","status-publish","hentry"],"yoast_head":"<!-- This site is optimized with the Yoast SEO plugin v26.0 - https:\/\/yoast.com\/wordpress\/plugins\/seo\/ -->\n<title>NP 4W - N\u00e4ttrabyPressen - N\u00e4ttraby Verktygs AB<\/title>\n<meta name=\"robots\" content=\"index, follow, max-snippet:-1, max-image-preview:large, max-video-preview:-1\" \/>\n<link rel=\"canonical\" href=\"https:\/\/www.nva.se\/en\/produkter\/np-4w\/\" \/>\n<meta property=\"og:locale\" content=\"de_DE\" \/>\n<meta property=\"og:type\" content=\"article\" \/>\n<meta property=\"og:title\" content=\"NP 4W - N\u00e4ttrabyPressen - N\u00e4ttraby Verktygs AB\" \/>\n<meta property=\"og:description\" content=\"NP 4-Waste verdichtet gemischte weiche Abf\u00e4lle in einem speziellen 3700-Liter-Abfalleimer, der auf R\u00e4dern eingerollt wird. Die T\u00fcr \u00f6ffnen, Material wird hineingelegt und zusammengepresst. Wann der Abfalleimer voll ist, wird zu einem leeren gewechselt. NP 4-Waste ist eine perfekte Maschine f\u00fcr Reduzierung von Hantierungskosten. Dank seiner geringen H\u00f6he und der minimalen Bodenfl\u00e4che kann der NP4W inWeiterlesen\" \/>\n<meta property=\"og:url\" content=\"https:\/\/www.nva.se\/en\/produkter\/np-4w\/\" \/>\n<meta property=\"og:site_name\" content=\"N\u00e4ttrabyPressen - N\u00e4ttraby Verktygs AB\" \/>\n<meta property=\"article:modified_time\" content=\"2021-08-17T15:19:34+00:00\" \/>\n<meta name=\"twitter:card\" content=\"summary_large_image\" \/>\n<meta name=\"twitter:label1\" content=\"Gesch\u00e4tzte Lesezeit\" \/>\n\t<meta name=\"twitter:data1\" content=\"3\u00a0Minuten\" \/>\n<script type=\"application\/ld+json\" class=\"yoast-schema-graph\">{\"@context\":\"https:\/\/schema.org\",\"@graph\":[{\"@type\":\"WebPage\",\"@id\":\"https:\/\/www.nva.se\/en\/produkter\/np-4w\/\",\"url\":\"https:\/\/www.nva.se\/en\/produkter\/np-4w\/\",\"name\":\"NP 4W - N\u00e4ttrabyPressen - N\u00e4ttraby Verktygs AB\",\"isPartOf\":{\"@id\":\"https:\/\/www.nva.se\/#website\"},\"datePublished\":\"2017-01-25T19:00:43+00:00\",\"dateModified\":\"2021-08-17T15:19:34+00:00\",\"breadcrumb\":{\"@id\":\"https:\/\/www.nva.se\/en\/produkter\/np-4w\/#breadcrumb\"},\"inLanguage\":\"de\",\"potentialAction\":[{\"@type\":\"ReadAction\",\"target\":[\"https:\/\/www.nva.se\/en\/produkter\/np-4w\/\"]}]},{\"@type\":\"BreadcrumbList\",\"@id\":\"https:\/\/www.nva.se\/en\/produkter\/np-4w\/#breadcrumb\",\"itemListElement\":[{\"@type\":\"ListItem\",\"position\":1,\"name\":\"Home\",\"item\":\"https:\/\/www.nva.se\/\"},{\"@type\":\"ListItem\",\"position\":2,\"name\":\"Produkter\",\"item\":\"https:\/\/www.nva.se\/produkter\/\"},{\"@type\":\"ListItem\",\"position\":3,\"name\":\"NP 4W\"}]},{\"@type\":\"WebSite\",\"@id\":\"https:\/\/www.nva.se\/#website\",\"url\":\"https:\/\/www.nva.se\/\",\"name\":\"N\u00e4ttrabyPressen - N\u00e4ttraby Verktygs AB\",\"description\":\"Optimierte R\u00fcckgewinnung durch Verdichtung der Ballenpresse NP40, NP40 II, NP60, NP60-II, NP80, NP80-II, NP100, NP100-II, BP80, BP 80\",\"publisher\":{\"@id\":\"https:\/\/www.nva.se\/#organization\"},\"potentialAction\":[{\"@type\":\"SearchAction\",\"target\":{\"@type\":\"EntryPoint\",\"urlTemplate\":\"https:\/\/www.nva.se\/?s={search_term_string}\"},\"query-input\":{\"@type\":\"PropertyValueSpecification\",\"valueRequired\":true,\"valueName\":\"search_term_string\"}}],\"inLanguage\":\"de\"},{\"@type\":\"Organization\",\"@id\":\"https:\/\/www.nva.se\/#organization\",\"name\":\"N\u00e4ttraby Verktygs AB, NVA\",\"url\":\"https:\/\/www.nva.se\/\",\"logo\":{\"@type\":\"ImageObject\",\"inLanguage\":\"de\",\"@id\":\"https:\/\/www.nva.se\/#\/schema\/logo\/image\/\",\"url\":\"https:\/\/i2.wp.com\/www.nattrabypressen.com\/wp-content\/uploads\/2017\/01\/nva_logo.png?fit=369%2C194&ssl=1\",\"contentUrl\":\"https:\/\/i2.wp.com\/www.nattrabypressen.com\/wp-content\/uploads\/2017\/01\/nva_logo.png?fit=369%2C194&ssl=1\",\"width\":369,\"height\":194,\"caption\":\"N\u00e4ttraby Verktygs AB, NVA\"},\"image\":{\"@id\":\"https:\/\/www.nva.se\/#\/schema\/logo\/image\/\"}}]}<\/script>\n<!-- \/ Yoast SEO plugin. -->","yoast_head_json":{"title":"NP 4W - N\u00e4ttrabyPressen - N\u00e4ttraby Verktygs AB","robots":{"index":"index","follow":"follow","max-snippet":"max-snippet:-1","max-image-preview":"max-image-preview:large","max-video-preview":"max-video-preview:-1"},"canonical":"https:\/\/www.nva.se\/en\/produkter\/np-4w\/","og_locale":"de_DE","og_type":"article","og_title":"NP 4W - N\u00e4ttrabyPressen - N\u00e4ttraby Verktygs AB","og_description":"NP 4-Waste verdichtet gemischte weiche Abf\u00e4lle in einem speziellen 3700-Liter-Abfalleimer, der auf R\u00e4dern eingerollt wird. Die T\u00fcr \u00f6ffnen, Material wird hineingelegt und zusammengepresst. Wann der Abfalleimer voll ist, wird zu einem leeren gewechselt. NP 4-Waste ist eine perfekte Maschine f\u00fcr Reduzierung von Hantierungskosten. Dank seiner geringen H\u00f6he und der minimalen Bodenfl\u00e4che kann der NP4W inWeiterlesen","og_url":"https:\/\/www.nva.se\/en\/produkter\/np-4w\/","og_site_name":"N\u00e4ttrabyPressen - N\u00e4ttraby Verktygs AB","article_modified_time":"2021-08-17T15:19:34+00:00","twitter_card":"summary_large_image","twitter_misc":{"Gesch\u00e4tzte Lesezeit":"3\u00a0Minuten"},"schema":{"@context":"https:\/\/schema.org","@graph":[{"@type":"WebPage","@id":"https:\/\/www.nva.se\/en\/produkter\/np-4w\/","url":"https:\/\/www.nva.se\/en\/produkter\/np-4w\/","name":"NP 4W - N\u00e4ttrabyPressen - N\u00e4ttraby Verktygs AB","isPartOf":{"@id":"https:\/\/www.nva.se\/#website"},"datePublished":"2017-01-25T19:00:43+00:00","dateModified":"2021-08-17T15:19:34+00:00","breadcrumb":{"@id":"https:\/\/www.nva.se\/en\/produkter\/np-4w\/#breadcrumb"},"inLanguage":"de","potentialAction":[{"@type":"ReadAction","target":["https:\/\/www.nva.se\/en\/produkter\/np-4w\/"]}]},{"@type":"BreadcrumbList","@id":"https:\/\/www.nva.se\/en\/produkter\/np-4w\/#breadcrumb","itemListElement":[{"@type":"ListItem","position":1,"name":"Home","item":"https:\/\/www.nva.se\/"},{"@type":"ListItem","position":2,"name":"Produkter","item":"https:\/\/www.nva.se\/produkter\/"},{"@type":"ListItem","position":3,"name":"NP 4W"}]},{"@type":"WebSite","@id":"https:\/\/www.nva.se\/#website","url":"https:\/\/www.nva.se\/","name":"N\u00e4ttrabyPressen - N\u00e4ttraby Verktygs AB","description":"Optimierte R\u00fcckgewinnung durch Verdichtung der Ballenpresse NP40, NP40 II, NP60, NP60-II, NP80, NP80-II, NP100, NP100-II, BP80, BP 80","publisher":{"@id":"https:\/\/www.nva.se\/#organization"},"potentialAction":[{"@type":"SearchAction","target":{"@type":"EntryPoint","urlTemplate":"https:\/\/www.nva.se\/?s={search_term_string}"},"query-input":{"@type":"PropertyValueSpecification","valueRequired":true,"valueName":"search_term_string"}}],"inLanguage":"de"},{"@type":"Organization","@id":"https:\/\/www.nva.se\/#organization","name":"N\u00e4ttraby Verktygs AB, NVA","url":"https:\/\/www.nva.se\/","logo":{"@type":"ImageObject","inLanguage":"de","@id":"https:\/\/www.nva.se\/#\/schema\/logo\/image\/","url":"https:\/\/i2.wp.com\/www.nattrabypressen.com\/wp-content\/uploads\/2017\/01\/nva_logo.png?fit=369%2C194&ssl=1","contentUrl":"https:\/\/i2.wp.com\/www.nattrabypressen.com\/wp-content\/uploads\/2017\/01\/nva_logo.png?fit=369%2C194&ssl=1","width":369,"height":194,"caption":"N\u00e4ttraby Verktygs AB, NVA"},"image":{"@id":"https:\/\/www.nva.se\/#\/schema\/logo\/image\/"}}]}},"_links":{"self":[{"href":"https:\/\/www.nva.se\/de\/wp-json\/wp\/v2\/pages\/452","targetHints":{"allow":["GET"]}}],"collection":[{"href":"https:\/\/www.nva.se\/de\/wp-json\/wp\/v2\/pages"}],"about":[{"href":"https:\/\/www.nva.se\/de\/wp-json\/wp\/v2\/types\/page"}],"author":[{"embeddable":true,"href":"https:\/\/www.nva.se\/de\/wp-json\/wp\/v2\/users\/3"}],"replies":[{"embeddable":true,"href":"https:\/\/www.nva.se\/de\/wp-json\/wp\/v2\/comments?post=452"}],"version-history":[{"count":32,"href":"https:\/\/www.nva.se\/de\/wp-json\/wp\/v2\/pages\/452\/revisions"}],"predecessor-version":[{"id":2514,"href":"https:\/\/www.nva.se\/de\/wp-json\/wp\/v2\/pages\/452\/revisions\/2514"}],"up":[{"embeddable":true,"href":"https:\/\/www.nva.se\/de\/wp-json\/wp\/v2\/pages\/70"}],"wp:attachment":[{"href":"https:\/\/www.nva.se\/de\/wp-json\/wp\/v2\/media?parent=452"}],"curies":[{"name":"wp","href":"https:\/\/api.w.org\/{rel}","templated":true}]}}