{"id":448,"date":"2017-01-25T18:59:14","date_gmt":"2017-01-25T18:59:14","guid":{"rendered":"http:\/\/www.nattrabypressen.com\/?page_id=448"},"modified":"2019-03-22T08:48:05","modified_gmt":"2019-03-22T08:48:05","slug":"np-60-ii","status":"publish","type":"page","link":"https:\/\/www.nva.se\/de\/produkter\/np-60-ii\/","title":{"rendered":"NP 60-II"},"content":{"rendered":"<div id=\"pl-448\"  class=\"panel-layout\" ><div id=\"pg-448-0\"  class=\"panel-grid panel-has-style\" ><div class=\"siteorigin-panels-stretch panel-row-style panel-row-style-for-448-0\" data-stretch-type=\"full\" ><div id=\"pgc-448-0-0\"  class=\"panel-grid-cell\" ><div id=\"panel-448-0-0-0\" class=\"so-panel widget widget_sow-headline panel-first-child\" data-index=\"0\" ><div\n\t\t\t\n\t\t\tclass=\"so-widget-sow-headline so-widget-sow-headline-default-e910f32f53e1-448\"\n\t\t\t\n\t\t><div class=\"sow-headline-container \">\n\t\t\t\t\t\t\t<h3 class=\"sow-sub-headline\">\n\t\t\t\t\t\tNP 60-II\t\t\t\t\t\t<\/h3>\n\t\t\t\t\t\t\t\t\t\t\t<div class=\"decoration\">\n\t\t\t\t\t\t<div class=\"decoration-inside\"><\/div>\n\t\t\t\t\t<\/div>\n\t\t\t\t\t<\/div>\n<\/div><\/div><\/div><div id=\"pgc-448-0-1\"  class=\"panel-grid-cell\" ><div id=\"panel-448-0-1-0\" class=\"so-panel widget widget_sow-headline panel-first-child\" data-index=\"2\" ><div class=\"panel-widget-style panel-widget-style-for-448-0-1-0\" ><div\n\t\t\t\n\t\t\tclass=\"so-widget-sow-headline so-widget-sow-headline-default-367098490815-448\"\n\t\t\t\n\t\t><div class=\"sow-headline-container \">\n\t<\/div>\n<\/div><\/div><\/div><div id=\"panel-448-0-1-1\" class=\"so-panel widget widget_sow-editor panel-last-child\" data-index=\"3\" ><div\n\t\t\t\n\t\t\tclass=\"so-widget-sow-editor so-widget-sow-editor-base\"\n\t\t\t\n\t\t>\n<div class=\"siteorigin-widget-tinymce textwidget\">\n\t<p><span class=\"\" lang=\"en\"><strong>NP60-II<\/strong> i<\/span>st sicher, leise, schnell und effektiv<span class=\"\" lang=\"en\">!<br \/><\/span><\/p>\n<p align=\"left\">Die grossz\u00fcgige Einf\u00fcll\u00f6ffnung, mit Breite 900 mm, gibt einfach Einladen.<br \/> Der grosse Pressdruck <span lang=\"de-DE\">von 15 Tonnen erm\u00f6glicht eine ausgezeichnete Kompression auch bei schwergewichtigen Kartons.<\/span><\/p>\n<p>Nach Einf\u00fcllung, die Klappe schliessen und der Presse startet automatisch.<br \/> Wann der Ballen fertig ist, brennt eine Lampe. Die T\u00fcr wird ge\u00f6ffnet und das eingebaute Auswerfermekanismus vereinfacht das Ballenauskipp.<\/p>\n<p>Presst Karton, Folien mm<br \/> <span lang=\"de-DE\">Widersteht K\u00e4lte und kann <\/span><span lang=\"de-DE\">draussen <\/span><span lang=\"de-DE\">auf de<\/span><span lang=\"de-DE\">r Laderampe<\/span><span lang=\"de-DE\"> platziert werden, <\/span><span lang=\"de-DE\">unter Dach. <\/span>L<span lang=\"de-DE\">eise umweltfreundliche Sc<\/span><span lang=\"de-DE\">hraubengetriebe, wartungsarm, kein \u00d6l\/keine Hydraulik<\/span><span id=\"result_box\" class=\"\" lang=\"en\"><\/span><span id=\"result_box\" class=\"\" lang=\"en\"><span class=\"\">.<\/span><\/span><\/p>\n<\/div>\n<\/div><\/div><\/div><\/div><\/div><div id=\"pg-448-1\"  class=\"panel-grid panel-no-style\" ><div id=\"pgc-448-1-0\"  class=\"panel-grid-cell\" ><div id=\"panel-448-1-0-0\" class=\"so-panel widget widget_sow-editor panel-first-child panel-last-child\" data-index=\"4\" ><div class=\"download-widget panel-widget-style panel-widget-style-for-448-1-0-0\" ><div\n\t\t\t\n\t\t\tclass=\"so-widget-sow-editor so-widget-sow-editor-base\"\n\t\t\t\n\t\t><h3 class=\"widget-title\">Datenblatt download<\/h3>\n<div class=\"siteorigin-widget-tinymce textwidget\">\n\t<p><span class=\"download-btn\"> <a href=\"https:\/\/www.nattrabypressen.com\/wp-content\/uploads\/2019\/03\/NP60II-20190322-NP-GB.pdf\" target=\"_blank\" rel=\"noopener\">Leaflet NP60-II <\/a><\/span><\/p>\n<\/div>\n<\/div><\/div><\/div><\/div><\/div><\/div>","protected":false},"excerpt":{"rendered":"<p>NP60-II ist sicher, leise, schnell und effektiv!Die grossz\u00fcgige Einf\u00fcll\u00f6ffnung, mit Breite 900 mm, gibt einfach Einladen. Der grosse Pressdruck von 15 Tonnen erm\u00f6glicht eine ausgezeichnete Kompression auch bei schwergewichtigen Kartons.Nach Einf\u00fcllung, die Klappe schliessen und der Presse startet automatisch. Wann der Ballen fertig ist, brennt eine Lampe. Die T\u00fcr wird ge\u00f6ffnet und das eingebaute Auswerfermekanismus<\/p>\n<div><a class=\"btn-filled btn\" href=\"https:\/\/www.nva.se\/de\/produkter\/np-60-ii\/\" title=\"NP 60-II\">Weiterlesen<\/a><\/div>\n","protected":false},"author":3,"featured_media":0,"parent":70,"menu_order":3,"comment_status":"closed","ping_status":"closed","template":"page-templates\/full-width.php","meta":{"footnotes":""},"class_list":["post-448","page","type-page","status-publish","hentry"],"yoast_head":"<!-- This site is optimized with the Yoast SEO plugin v26.0 - https:\/\/yoast.com\/wordpress\/plugins\/seo\/ -->\n<title>NP 60-II - N\u00e4ttrabyPressen - N\u00e4ttraby Verktygs AB<\/title>\n<meta name=\"robots\" content=\"index, follow, max-snippet:-1, max-image-preview:large, max-video-preview:-1\" \/>\n<link rel=\"canonical\" href=\"https:\/\/www.nva.se\/en\/produkter\/np-60-ii\/\" \/>\n<meta property=\"og:locale\" content=\"de_DE\" \/>\n<meta property=\"og:type\" content=\"article\" \/>\n<meta property=\"og:title\" content=\"NP 60-II - N\u00e4ttrabyPressen - N\u00e4ttraby Verktygs AB\" \/>\n<meta property=\"og:description\" content=\"NP60-II ist sicher, leise, schnell und effektiv!Die grossz\u00fcgige Einf\u00fcll\u00f6ffnung, mit Breite 900 mm, gibt einfach Einladen. Der grosse Pressdruck von 15 Tonnen erm\u00f6glicht eine ausgezeichnete Kompression auch bei schwergewichtigen Kartons.Nach Einf\u00fcllung, die Klappe schliessen und der Presse startet automatisch. Wann der Ballen fertig ist, brennt eine Lampe. Die T\u00fcr wird ge\u00f6ffnet und das eingebaute AuswerfermekanismusWeiterlesen\" \/>\n<meta property=\"og:url\" content=\"https:\/\/www.nva.se\/en\/produkter\/np-60-ii\/\" \/>\n<meta property=\"og:site_name\" content=\"N\u00e4ttrabyPressen - N\u00e4ttraby Verktygs AB\" \/>\n<meta property=\"article:modified_time\" content=\"2019-03-22T08:48:05+00:00\" \/>\n<meta name=\"twitter:card\" content=\"summary_large_image\" \/>\n<meta name=\"twitter:label1\" content=\"Gesch\u00e4tzte Lesezeit\" \/>\n\t<meta name=\"twitter:data1\" content=\"2\u00a0Minuten\" \/>\n<script type=\"application\/ld+json\" class=\"yoast-schema-graph\">{\"@context\":\"https:\/\/schema.org\",\"@graph\":[{\"@type\":\"WebPage\",\"@id\":\"https:\/\/www.nva.se\/en\/produkter\/np-60-ii\/\",\"url\":\"https:\/\/www.nva.se\/en\/produkter\/np-60-ii\/\",\"name\":\"NP 60-II - N\u00e4ttrabyPressen - N\u00e4ttraby Verktygs AB\",\"isPartOf\":{\"@id\":\"https:\/\/www.nva.se\/#website\"},\"datePublished\":\"2017-01-25T18:59:14+00:00\",\"dateModified\":\"2019-03-22T08:48:05+00:00\",\"breadcrumb\":{\"@id\":\"https:\/\/www.nva.se\/en\/produkter\/np-60-ii\/#breadcrumb\"},\"inLanguage\":\"de\",\"potentialAction\":[{\"@type\":\"ReadAction\",\"target\":[\"https:\/\/www.nva.se\/en\/produkter\/np-60-ii\/\"]}]},{\"@type\":\"BreadcrumbList\",\"@id\":\"https:\/\/www.nva.se\/en\/produkter\/np-60-ii\/#breadcrumb\",\"itemListElement\":[{\"@type\":\"ListItem\",\"position\":1,\"name\":\"Home\",\"item\":\"https:\/\/www.nva.se\/\"},{\"@type\":\"ListItem\",\"position\":2,\"name\":\"Produkter\",\"item\":\"https:\/\/www.nva.se\/produkter\/\"},{\"@type\":\"ListItem\",\"position\":3,\"name\":\"NP 60-II\"}]},{\"@type\":\"WebSite\",\"@id\":\"https:\/\/www.nva.se\/#website\",\"url\":\"https:\/\/www.nva.se\/\",\"name\":\"N\u00e4ttrabyPressen - N\u00e4ttraby Verktygs AB\",\"description\":\"Optimierte R\u00fcckgewinnung durch Verdichtung der Ballenpresse NP40, NP40 II, NP60, NP60-II, NP80, NP80-II, NP100, NP100-II, BP80, BP 80\",\"publisher\":{\"@id\":\"https:\/\/www.nva.se\/#organization\"},\"potentialAction\":[{\"@type\":\"SearchAction\",\"target\":{\"@type\":\"EntryPoint\",\"urlTemplate\":\"https:\/\/www.nva.se\/?s={search_term_string}\"},\"query-input\":{\"@type\":\"PropertyValueSpecification\",\"valueRequired\":true,\"valueName\":\"search_term_string\"}}],\"inLanguage\":\"de\"},{\"@type\":\"Organization\",\"@id\":\"https:\/\/www.nva.se\/#organization\",\"name\":\"N\u00e4ttraby Verktygs AB, NVA\",\"url\":\"https:\/\/www.nva.se\/\",\"logo\":{\"@type\":\"ImageObject\",\"inLanguage\":\"de\",\"@id\":\"https:\/\/www.nva.se\/#\/schema\/logo\/image\/\",\"url\":\"https:\/\/i2.wp.com\/www.nattrabypressen.com\/wp-content\/uploads\/2017\/01\/nva_logo.png?fit=369%2C194&ssl=1\",\"contentUrl\":\"https:\/\/i2.wp.com\/www.nattrabypressen.com\/wp-content\/uploads\/2017\/01\/nva_logo.png?fit=369%2C194&ssl=1\",\"width\":369,\"height\":194,\"caption\":\"N\u00e4ttraby Verktygs AB, NVA\"},\"image\":{\"@id\":\"https:\/\/www.nva.se\/#\/schema\/logo\/image\/\"}}]}<\/script>\n<!-- \/ Yoast SEO plugin. -->","yoast_head_json":{"title":"NP 60-II - N\u00e4ttrabyPressen - N\u00e4ttraby Verktygs AB","robots":{"index":"index","follow":"follow","max-snippet":"max-snippet:-1","max-image-preview":"max-image-preview:large","max-video-preview":"max-video-preview:-1"},"canonical":"https:\/\/www.nva.se\/en\/produkter\/np-60-ii\/","og_locale":"de_DE","og_type":"article","og_title":"NP 60-II - N\u00e4ttrabyPressen - N\u00e4ttraby Verktygs AB","og_description":"NP60-II ist sicher, leise, schnell und effektiv!Die grossz\u00fcgige Einf\u00fcll\u00f6ffnung, mit Breite 900 mm, gibt einfach Einladen. Der grosse Pressdruck von 15 Tonnen erm\u00f6glicht eine ausgezeichnete Kompression auch bei schwergewichtigen Kartons.Nach Einf\u00fcllung, die Klappe schliessen und der Presse startet automatisch. Wann der Ballen fertig ist, brennt eine Lampe. Die T\u00fcr wird ge\u00f6ffnet und das eingebaute AuswerfermekanismusWeiterlesen","og_url":"https:\/\/www.nva.se\/en\/produkter\/np-60-ii\/","og_site_name":"N\u00e4ttrabyPressen - N\u00e4ttraby Verktygs AB","article_modified_time":"2019-03-22T08:48:05+00:00","twitter_card":"summary_large_image","twitter_misc":{"Gesch\u00e4tzte Lesezeit":"2\u00a0Minuten"},"schema":{"@context":"https:\/\/schema.org","@graph":[{"@type":"WebPage","@id":"https:\/\/www.nva.se\/en\/produkter\/np-60-ii\/","url":"https:\/\/www.nva.se\/en\/produkter\/np-60-ii\/","name":"NP 60-II - N\u00e4ttrabyPressen - N\u00e4ttraby Verktygs AB","isPartOf":{"@id":"https:\/\/www.nva.se\/#website"},"datePublished":"2017-01-25T18:59:14+00:00","dateModified":"2019-03-22T08:48:05+00:00","breadcrumb":{"@id":"https:\/\/www.nva.se\/en\/produkter\/np-60-ii\/#breadcrumb"},"inLanguage":"de","potentialAction":[{"@type":"ReadAction","target":["https:\/\/www.nva.se\/en\/produkter\/np-60-ii\/"]}]},{"@type":"BreadcrumbList","@id":"https:\/\/www.nva.se\/en\/produkter\/np-60-ii\/#breadcrumb","itemListElement":[{"@type":"ListItem","position":1,"name":"Home","item":"https:\/\/www.nva.se\/"},{"@type":"ListItem","position":2,"name":"Produkter","item":"https:\/\/www.nva.se\/produkter\/"},{"@type":"ListItem","position":3,"name":"NP 60-II"}]},{"@type":"WebSite","@id":"https:\/\/www.nva.se\/#website","url":"https:\/\/www.nva.se\/","name":"N\u00e4ttrabyPressen - N\u00e4ttraby Verktygs AB","description":"Optimierte R\u00fcckgewinnung durch Verdichtung der Ballenpresse NP40, NP40 II, NP60, NP60-II, NP80, NP80-II, NP100, NP100-II, BP80, BP 80","publisher":{"@id":"https:\/\/www.nva.se\/#organization"},"potentialAction":[{"@type":"SearchAction","target":{"@type":"EntryPoint","urlTemplate":"https:\/\/www.nva.se\/?s={search_term_string}"},"query-input":{"@type":"PropertyValueSpecification","valueRequired":true,"valueName":"search_term_string"}}],"inLanguage":"de"},{"@type":"Organization","@id":"https:\/\/www.nva.se\/#organization","name":"N\u00e4ttraby Verktygs AB, NVA","url":"https:\/\/www.nva.se\/","logo":{"@type":"ImageObject","inLanguage":"de","@id":"https:\/\/www.nva.se\/#\/schema\/logo\/image\/","url":"https:\/\/i2.wp.com\/www.nattrabypressen.com\/wp-content\/uploads\/2017\/01\/nva_logo.png?fit=369%2C194&ssl=1","contentUrl":"https:\/\/i2.wp.com\/www.nattrabypressen.com\/wp-content\/uploads\/2017\/01\/nva_logo.png?fit=369%2C194&ssl=1","width":369,"height":194,"caption":"N\u00e4ttraby Verktygs AB, NVA"},"image":{"@id":"https:\/\/www.nva.se\/#\/schema\/logo\/image\/"}}]}},"_links":{"self":[{"href":"https:\/\/www.nva.se\/de\/wp-json\/wp\/v2\/pages\/448","targetHints":{"allow":["GET"]}}],"collection":[{"href":"https:\/\/www.nva.se\/de\/wp-json\/wp\/v2\/pages"}],"about":[{"href":"https:\/\/www.nva.se\/de\/wp-json\/wp\/v2\/types\/page"}],"author":[{"embeddable":true,"href":"https:\/\/www.nva.se\/de\/wp-json\/wp\/v2\/users\/3"}],"replies":[{"embeddable":true,"href":"https:\/\/www.nva.se\/de\/wp-json\/wp\/v2\/comments?post=448"}],"version-history":[{"count":31,"href":"https:\/\/www.nva.se\/de\/wp-json\/wp\/v2\/pages\/448\/revisions"}],"predecessor-version":[{"id":2267,"href":"https:\/\/www.nva.se\/de\/wp-json\/wp\/v2\/pages\/448\/revisions\/2267"}],"up":[{"embeddable":true,"href":"https:\/\/www.nva.se\/de\/wp-json\/wp\/v2\/pages\/70"}],"wp:attachment":[{"href":"https:\/\/www.nva.se\/de\/wp-json\/wp\/v2\/media?parent=448"}],"curies":[{"name":"wp","href":"https:\/\/api.w.org\/{rel}","templated":true}]}}