{"id":446,"date":"2017-01-25T18:58:14","date_gmt":"2017-01-25T18:58:14","guid":{"rendered":"http:\/\/www.nattrabypressen.com\/?page_id=446"},"modified":"2020-02-29T11:05:20","modified_gmt":"2020-02-29T11:05:20","slug":"np40-ii","status":"publish","type":"page","link":"https:\/\/www.nva.se\/de\/produkter\/np40-ii\/","title":{"rendered":"NP 40-II"},"content":{"rendered":"<div id=\"pl-446\"  class=\"panel-layout\" ><div id=\"pg-446-0\"  class=\"panel-grid panel-has-style\" ><div class=\"siteorigin-panels-stretch panel-row-style panel-row-style-for-446-0\" data-stretch-type=\"full\" ><div id=\"pgc-446-0-0\"  class=\"panel-grid-cell\" ><div id=\"panel-446-0-0-0\" class=\"so-panel widget widget_sow-headline panel-first-child\" data-index=\"0\" ><div\n\t\t\t\n\t\t\tclass=\"so-widget-sow-headline so-widget-sow-headline-default-480d33904116-446\"\n\t\t\t\n\t\t><div class=\"sow-headline-container \">\n\t\t\t\t\t\t\t<h3 class=\"sow-sub-headline\">\n\t\t\t\t\t\tNP 40-II\t\t\t\t\t\t<\/h3>\n\t\t\t\t\t\t\t\t\t\t\t<div class=\"decoration\">\n\t\t\t\t\t\t<div class=\"decoration-inside\"><\/div>\n\t\t\t\t\t<\/div>\n\t\t\t\t\t<\/div>\n<\/div><\/div><\/div><div id=\"pgc-446-0-1\"  class=\"panel-grid-cell\" ><div id=\"panel-446-0-1-0\" class=\"so-panel widget widget_sow-headline panel-first-child\" data-index=\"2\" ><div class=\"panel-widget-style panel-widget-style-for-446-0-1-0\" ><div\n\t\t\t\n\t\t\tclass=\"so-widget-sow-headline so-widget-sow-headline-default-83f8a35a5ea7-446\"\n\t\t\t\n\t\t><div class=\"sow-headline-container \">\n\t<\/div>\n<\/div><\/div><\/div><div id=\"panel-446-0-1-1\" class=\"so-panel widget widget_sow-editor panel-last-child\" data-index=\"3\" ><div\n\t\t\t\n\t\t\tclass=\"so-widget-sow-editor so-widget-sow-editor-base\"\n\t\t\t\n\t\t>\n<div class=\"siteorigin-widget-tinymce textwidget\">\n\t<p><span style=\"color: black;\"><span style=\"color: #000000;\">F<\/span><span style=\"color: #000000;\"><span lang=\"de-DE\">\u00fcr Komprimierung von Well<\/span><\/span><span style=\"color: #000000;\"><span lang=\"de-DE\">pappe<\/span><\/span><span style=\"color: #000000;\"><span lang=\"de-DE\">, <\/span><\/span><span style=\"color: #000000;\"><span lang=\"de-DE\">Kartons, Plastikfolien<\/span><\/span><span style=\"color: #000000;\"><span lang=\"de-DE\"> etc.<\/span><\/span> <span style=\"color: #000000;\">geeignet<\/span>.<\/p>\n<p><span class=\"\" lang=\"en\"><span class=\"\">NP40-II <\/span><\/span><span style=\"color: #000000;\">ist eine vielseitige Maschine <\/span><span style=\"color: #000000;\"><span lang=\"de-DE\">f\u00fcr kleine oder enge R\u00e4ume.<\/span><\/span><span class=\"\" lang=\"en\"><br \/><\/span><span style=\"color: #000000;\"><span lang=\"de-DE\">Mit <\/span><\/span><span style=\"color: #000000;\"><span lang=\"de-DE\">ihrer<\/span><\/span><span style=\"color: #000000;\"><span lang=\"de-DE\"> kleinen Au\u00dfenma\u00dfen, geringer H\u00f6he und <\/span><\/span><span style=\"color: #000000;\"><span lang=\"de-DE\">weniger <\/span><\/span><span style=\"color: #000000;\"><span lang=\"de-DE\">Bodenfl\u00e4che kann <\/span><\/span><span style=\"color: #000000;\"><span lang=\"de-DE\">sie<\/span><\/span><span style=\"color: #000000;\"><span lang=\"de-DE\"> auf kleinen Fl\u00e4chen transportiert und platziert werden.<\/span><\/span><span class=\"\" lang=\"en\"><\/p>\n<p><span class=\"\">NP40-II ist <\/span><\/span><span style=\"color: #000000;\"><span lang=\"de-DE\">einfach zu bedienen und <\/span><\/span><span style=\"color: #000000;\"><span lang=\"de-DE\">hat<\/span><\/span><span style=\"color: #000000;\"><span lang=\"de-DE\"> d<\/span><\/span><span style=\"color: #000000;\"><span lang=\"de-DE\">as<\/span><\/span><span style=\"color: #000000;\"><span lang=\"de-DE\">selbe<\/span><\/span> <span style=\"color: #000000;\"><span lang=\"de-DE\">Steuersystem<\/span><\/span><span style=\"color: #000000;\"><span lang=\"de-DE\"> wie die gr\u00f6\u00dferen Pressen.<\/span><\/span><span id=\"result_box\" class=\"\" lang=\"en\"><\/span><\/p>\n<p><span class=\"\" lang=\"en\">D<\/span><span style=\"color: #000000;\">urch die Einf\u00fcllklappe einladen. Die T\u00fcr schliessen und <\/span><span style=\"color: #000000;\">die Presse startet automatisch.<\/span> <span style=\"color: #000000;\">Wann der Ballen fertig ist, brennt die blaue Lampe.<\/span> <span style=\"color: #000000;\">Der Ballen wird gebunden und mit eingebauten <\/span><span style=\"color: #000000;\">Auswerfermekanismus<\/span><span style=\"color: #000000;\"> ausgeworfen.<\/span><span id=\"result_box\" class=\"\" lang=\"en\"><span class=\"\"><\/span><\/span><\/p>\n<\/div>\n<\/div><\/div><\/div><\/div><\/div><div id=\"pg-446-1\"  class=\"panel-grid panel-no-style\" ><div id=\"pgc-446-1-0\"  class=\"panel-grid-cell\" ><div id=\"panel-446-1-0-0\" class=\"so-panel widget widget_sow-editor panel-first-child panel-last-child\" data-index=\"4\" ><div class=\"download-widget panel-widget-style panel-widget-style-for-446-1-0-0\" ><div\n\t\t\t\n\t\t\tclass=\"so-widget-sow-editor so-widget-sow-editor-base\"\n\t\t\t\n\t\t><h3 class=\"widget-title\">Datenblatt download<\/h3>\n<div class=\"siteorigin-widget-tinymce textwidget\">\n\t<p>(Svenska) <\/p>\n<p><span class=\"download-btn\"><a href=\"https:\/\/www.nattrabypressen.com\/wp-content\/uploads\/2020\/02\/NP40II-20190827-SE-NVA.pdf\">Broschyr NP40-II<\/a><a href=\"http:\/\/www.nattrabypressen.com\/wp-content\/uploads\/2017\/01\/NP40II-20170124-NVA-SE-webb.pdf\" target=\"_blank\" rel=\"noopener\"> <img loading=\"lazy\" decoding=\"async\" class=\"icon icons8-Download\" src=\"data:image\/png;base64,iVBORw0KGgoAAAANSUhEUgAAADIAAAAyCAYAAAAeP4ixAAABcklEQVRoQ+2Y6w3CMAyE3Q1gEmADmBw2ACZgBNgAZCmRoijxIyIuQtc\/pYIm\/u7OacpCf3IsARzXNMdh5lwRIO8EMHWuqYMnAIB4oghHHGohWg6xCNFyqIVoOcRCtDxiIVoetbBqOdT6iWjlIrS6b0TU26ZrILzN32sTaDtoLVpWkLtQjAbCIuyiQDRgqQ4NxMKgjqEVqA5gqCJkDIAYnMg\/gSOFWKoYiBai5VAgOloPInoR0Smd61KlfG+I6Gz4Ay+kR\/KTmc8tmF4RGYK3J9LOgDlDQLigS9pmtGBaRdQQx46b5iX8W6uWBFODeCHCHMmq9WBKkBGIcBCesAXzTKTb1Ni5J7Q4lYtGSI\/Uq1QNk981uH9GIFZxpBWzEpRXJ48T4c3eesyVzvD3oxCrOlI7w9cjTvyEIyUMf+an\/+ixSrOPFivdBxBzNmfI3xgTjsCRSVFDtBAtREtWAD1S98ikxLiH7b6aW9\/Z3TNOuqFb7wdTNZEzY+A3VQAAAABJRU5ErkJggg==\" width=\"25\" height=\"25\" \/><\/a><\/span><\/p>\n<\/div>\n<\/div><\/div><\/div><\/div><\/div><\/div>","protected":false},"excerpt":{"rendered":"<p>F\u00fcr Komprimierung von Wellpappe, Kartons, Plastikfolien etc. geeignet.NP40-II ist eine vielseitige Maschine f\u00fcr kleine oder enge R\u00e4ume.Mit ihrer kleinen Au\u00dfenma\u00dfen, geringer H\u00f6he und weniger Bodenfl\u00e4che kann sie auf kleinen Fl\u00e4chen transportiert und platziert werden.NP40-II ist einfach zu bedienen und hat dasselbe Steuersystem wie die gr\u00f6\u00dferen Pressen.Durch die Einf\u00fcllklappe einladen. Die T\u00fcr schliessen und die Presse<\/p>\n<div><a class=\"btn-filled btn\" href=\"https:\/\/www.nva.se\/de\/produkter\/np40-ii\/\" title=\"NP 40-II\">Weiterlesen<\/a><\/div>\n","protected":false},"author":3,"featured_media":0,"parent":70,"menu_order":2,"comment_status":"closed","ping_status":"closed","template":"page-templates\/full-width.php","meta":{"footnotes":""},"class_list":["post-446","page","type-page","status-publish","hentry"],"yoast_head":"<!-- This site is optimized with the Yoast SEO plugin v26.0 - https:\/\/yoast.com\/wordpress\/plugins\/seo\/ -->\n<title>NP 40-II - N\u00e4ttrabyPressen - N\u00e4ttraby Verktygs AB<\/title>\n<meta name=\"description\" content=\"(Svenska) Tack vare sin l\u00e5ga h\u00f6jd kan NP40-II placeras n\u00e4ra k\u00e4llan f\u00f6r det pressbara materialet och \u00e4r enkel att flytta med en handtruck. NP40-II ett f\u00f6rsta steg mot effektiv hantering och \u00e5tervinning.\" \/>\n<meta name=\"robots\" content=\"index, follow, max-snippet:-1, max-image-preview:large, max-video-preview:-1\" \/>\n<link rel=\"canonical\" href=\"https:\/\/www.nva.se\/en\/produkter\/np40-ii\/\" \/>\n<meta property=\"og:locale\" content=\"de_DE\" \/>\n<meta property=\"og:type\" content=\"article\" \/>\n<meta property=\"og:title\" content=\"NP 40-II - N\u00e4ttrabyPressen - N\u00e4ttraby Verktygs AB\" \/>\n<meta property=\"og:description\" content=\"(Svenska) Tack vare sin l\u00e5ga h\u00f6jd kan NP40-II placeras n\u00e4ra k\u00e4llan f\u00f6r det pressbara materialet och \u00e4r enkel att flytta med en handtruck. NP40-II ett f\u00f6rsta steg mot effektiv hantering och \u00e5tervinning.\" \/>\n<meta property=\"og:url\" content=\"https:\/\/www.nva.se\/en\/produkter\/np40-ii\/\" \/>\n<meta property=\"og:site_name\" content=\"N\u00e4ttrabyPressen - N\u00e4ttraby Verktygs AB\" \/>\n<meta property=\"article:modified_time\" content=\"2020-02-29T11:05:20+00:00\" \/>\n<meta name=\"twitter:card\" content=\"summary_large_image\" \/>\n<meta name=\"twitter:label1\" content=\"Gesch\u00e4tzte Lesezeit\" \/>\n\t<meta name=\"twitter:data1\" content=\"2\u00a0Minuten\" \/>\n<script type=\"application\/ld+json\" class=\"yoast-schema-graph\">{\"@context\":\"https:\/\/schema.org\",\"@graph\":[{\"@type\":\"WebPage\",\"@id\":\"https:\/\/www.nva.se\/en\/produkter\/np40-ii\/\",\"url\":\"https:\/\/www.nva.se\/en\/produkter\/np40-ii\/\",\"name\":\"NP 40-II - N\u00e4ttrabyPressen - N\u00e4ttraby Verktygs AB\",\"isPartOf\":{\"@id\":\"https:\/\/www.nva.se\/#website\"},\"datePublished\":\"2017-01-25T18:58:14+00:00\",\"dateModified\":\"2020-02-29T11:05:20+00:00\",\"description\":\"(Svenska) Tack vare sin l\u00e5ga h\u00f6jd kan NP40-II placeras n\u00e4ra k\u00e4llan f\u00f6r det pressbara materialet och \u00e4r enkel att flytta med en handtruck. NP40-II ett f\u00f6rsta steg mot effektiv hantering och \u00e5tervinning.\",\"breadcrumb\":{\"@id\":\"https:\/\/www.nva.se\/en\/produkter\/np40-ii\/#breadcrumb\"},\"inLanguage\":\"de\",\"potentialAction\":[{\"@type\":\"ReadAction\",\"target\":[\"https:\/\/www.nva.se\/en\/produkter\/np40-ii\/\"]}]},{\"@type\":\"BreadcrumbList\",\"@id\":\"https:\/\/www.nva.se\/en\/produkter\/np40-ii\/#breadcrumb\",\"itemListElement\":[{\"@type\":\"ListItem\",\"position\":1,\"name\":\"Home\",\"item\":\"https:\/\/www.nva.se\/\"},{\"@type\":\"ListItem\",\"position\":2,\"name\":\"Produkter\",\"item\":\"https:\/\/www.nva.se\/produkter\/\"},{\"@type\":\"ListItem\",\"position\":3,\"name\":\"NP 40-II\"}]},{\"@type\":\"WebSite\",\"@id\":\"https:\/\/www.nva.se\/#website\",\"url\":\"https:\/\/www.nva.se\/\",\"name\":\"N\u00e4ttrabyPressen - N\u00e4ttraby Verktygs AB\",\"description\":\"Optimierte R\u00fcckgewinnung durch Verdichtung der Ballenpresse NP40, NP40 II, NP60, NP60-II, NP80, NP80-II, NP100, NP100-II, BP80, BP 80\",\"publisher\":{\"@id\":\"https:\/\/www.nva.se\/#organization\"},\"potentialAction\":[{\"@type\":\"SearchAction\",\"target\":{\"@type\":\"EntryPoint\",\"urlTemplate\":\"https:\/\/www.nva.se\/?s={search_term_string}\"},\"query-input\":{\"@type\":\"PropertyValueSpecification\",\"valueRequired\":true,\"valueName\":\"search_term_string\"}}],\"inLanguage\":\"de\"},{\"@type\":\"Organization\",\"@id\":\"https:\/\/www.nva.se\/#organization\",\"name\":\"N\u00e4ttraby Verktygs AB, NVA\",\"url\":\"https:\/\/www.nva.se\/\",\"logo\":{\"@type\":\"ImageObject\",\"inLanguage\":\"de\",\"@id\":\"https:\/\/www.nva.se\/#\/schema\/logo\/image\/\",\"url\":\"https:\/\/i2.wp.com\/www.nattrabypressen.com\/wp-content\/uploads\/2017\/01\/nva_logo.png?fit=369%2C194&ssl=1\",\"contentUrl\":\"https:\/\/i2.wp.com\/www.nattrabypressen.com\/wp-content\/uploads\/2017\/01\/nva_logo.png?fit=369%2C194&ssl=1\",\"width\":369,\"height\":194,\"caption\":\"N\u00e4ttraby Verktygs AB, NVA\"},\"image\":{\"@id\":\"https:\/\/www.nva.se\/#\/schema\/logo\/image\/\"}}]}<\/script>\n<!-- \/ Yoast SEO plugin. -->","yoast_head_json":{"title":"NP 40-II - N\u00e4ttrabyPressen - N\u00e4ttraby Verktygs AB","description":"(Svenska) Tack vare sin l\u00e5ga h\u00f6jd kan NP40-II placeras n\u00e4ra k\u00e4llan f\u00f6r det pressbara materialet och \u00e4r enkel att flytta med en handtruck. NP40-II ett f\u00f6rsta steg mot effektiv hantering och \u00e5tervinning.","robots":{"index":"index","follow":"follow","max-snippet":"max-snippet:-1","max-image-preview":"max-image-preview:large","max-video-preview":"max-video-preview:-1"},"canonical":"https:\/\/www.nva.se\/en\/produkter\/np40-ii\/","og_locale":"de_DE","og_type":"article","og_title":"NP 40-II - N\u00e4ttrabyPressen - N\u00e4ttraby Verktygs AB","og_description":"(Svenska) Tack vare sin l\u00e5ga h\u00f6jd kan NP40-II placeras n\u00e4ra k\u00e4llan f\u00f6r det pressbara materialet och \u00e4r enkel att flytta med en handtruck. NP40-II ett f\u00f6rsta steg mot effektiv hantering och \u00e5tervinning.","og_url":"https:\/\/www.nva.se\/en\/produkter\/np40-ii\/","og_site_name":"N\u00e4ttrabyPressen - N\u00e4ttraby Verktygs AB","article_modified_time":"2020-02-29T11:05:20+00:00","twitter_card":"summary_large_image","twitter_misc":{"Gesch\u00e4tzte Lesezeit":"2\u00a0Minuten"},"schema":{"@context":"https:\/\/schema.org","@graph":[{"@type":"WebPage","@id":"https:\/\/www.nva.se\/en\/produkter\/np40-ii\/","url":"https:\/\/www.nva.se\/en\/produkter\/np40-ii\/","name":"NP 40-II - N\u00e4ttrabyPressen - N\u00e4ttraby Verktygs AB","isPartOf":{"@id":"https:\/\/www.nva.se\/#website"},"datePublished":"2017-01-25T18:58:14+00:00","dateModified":"2020-02-29T11:05:20+00:00","description":"(Svenska) Tack vare sin l\u00e5ga h\u00f6jd kan NP40-II placeras n\u00e4ra k\u00e4llan f\u00f6r det pressbara materialet och \u00e4r enkel att flytta med en handtruck. NP40-II ett f\u00f6rsta steg mot effektiv hantering och \u00e5tervinning.","breadcrumb":{"@id":"https:\/\/www.nva.se\/en\/produkter\/np40-ii\/#breadcrumb"},"inLanguage":"de","potentialAction":[{"@type":"ReadAction","target":["https:\/\/www.nva.se\/en\/produkter\/np40-ii\/"]}]},{"@type":"BreadcrumbList","@id":"https:\/\/www.nva.se\/en\/produkter\/np40-ii\/#breadcrumb","itemListElement":[{"@type":"ListItem","position":1,"name":"Home","item":"https:\/\/www.nva.se\/"},{"@type":"ListItem","position":2,"name":"Produkter","item":"https:\/\/www.nva.se\/produkter\/"},{"@type":"ListItem","position":3,"name":"NP 40-II"}]},{"@type":"WebSite","@id":"https:\/\/www.nva.se\/#website","url":"https:\/\/www.nva.se\/","name":"N\u00e4ttrabyPressen - N\u00e4ttraby Verktygs AB","description":"Optimierte R\u00fcckgewinnung durch Verdichtung der Ballenpresse NP40, NP40 II, NP60, NP60-II, NP80, NP80-II, NP100, NP100-II, BP80, BP 80","publisher":{"@id":"https:\/\/www.nva.se\/#organization"},"potentialAction":[{"@type":"SearchAction","target":{"@type":"EntryPoint","urlTemplate":"https:\/\/www.nva.se\/?s={search_term_string}"},"query-input":{"@type":"PropertyValueSpecification","valueRequired":true,"valueName":"search_term_string"}}],"inLanguage":"de"},{"@type":"Organization","@id":"https:\/\/www.nva.se\/#organization","name":"N\u00e4ttraby Verktygs AB, NVA","url":"https:\/\/www.nva.se\/","logo":{"@type":"ImageObject","inLanguage":"de","@id":"https:\/\/www.nva.se\/#\/schema\/logo\/image\/","url":"https:\/\/i2.wp.com\/www.nattrabypressen.com\/wp-content\/uploads\/2017\/01\/nva_logo.png?fit=369%2C194&ssl=1","contentUrl":"https:\/\/i2.wp.com\/www.nattrabypressen.com\/wp-content\/uploads\/2017\/01\/nva_logo.png?fit=369%2C194&ssl=1","width":369,"height":194,"caption":"N\u00e4ttraby Verktygs AB, NVA"},"image":{"@id":"https:\/\/www.nva.se\/#\/schema\/logo\/image\/"}}]}},"_links":{"self":[{"href":"https:\/\/www.nva.se\/de\/wp-json\/wp\/v2\/pages\/446","targetHints":{"allow":["GET"]}}],"collection":[{"href":"https:\/\/www.nva.se\/de\/wp-json\/wp\/v2\/pages"}],"about":[{"href":"https:\/\/www.nva.se\/de\/wp-json\/wp\/v2\/types\/page"}],"author":[{"embeddable":true,"href":"https:\/\/www.nva.se\/de\/wp-json\/wp\/v2\/users\/3"}],"replies":[{"embeddable":true,"href":"https:\/\/www.nva.se\/de\/wp-json\/wp\/v2\/comments?post=446"}],"version-history":[{"count":20,"href":"https:\/\/www.nva.se\/de\/wp-json\/wp\/v2\/pages\/446\/revisions"}],"predecessor-version":[{"id":2390,"href":"https:\/\/www.nva.se\/de\/wp-json\/wp\/v2\/pages\/446\/revisions\/2390"}],"up":[{"embeddable":true,"href":"https:\/\/www.nva.se\/de\/wp-json\/wp\/v2\/pages\/70"}],"wp:attachment":[{"href":"https:\/\/www.nva.se\/de\/wp-json\/wp\/v2\/media?parent=446"}],"curies":[{"name":"wp","href":"https:\/\/api.w.org\/{rel}","templated":true}]}}