{"id":434,"date":"2017-01-23T19:40:37","date_gmt":"2017-01-23T19:40:37","guid":{"rendered":"http:\/\/www.nattrabypressen.com\/?page_id=434"},"modified":"2024-03-04T15:02:49","modified_gmt":"2024-03-04T15:02:49","slug":"np-103","status":"publish","type":"page","link":"https:\/\/www.nva.se\/de\/produkter\/np-103\/","title":{"rendered":"NP 103"},"content":{"rendered":"<div id=\"pl-434\"  class=\"panel-layout\" ><div id=\"pg-434-0\"  class=\"panel-grid panel-has-style\" ><div class=\"siteorigin-panels-stretch panel-row-style panel-row-style-for-434-0\" data-stretch-type=\"full\" ><div id=\"pgc-434-0-0\"  class=\"panel-grid-cell\" ><div id=\"panel-434-0-0-0\" class=\"so-panel widget widget_sow-headline panel-first-child\" data-index=\"0\" ><div\n\t\t\t\n\t\t\tclass=\"so-widget-sow-headline so-widget-sow-headline-default-480d33904116-434\"\n\t\t\t\n\t\t><div class=\"sow-headline-container \">\n\t\t\t\t\t\t\t<h3 class=\"sow-sub-headline\">\n\t\t\t\t\t\tNP 103\t\t\t\t\t\t<\/h3>\n\t\t\t\t\t\t\t\t\t\t\t<div class=\"decoration\">\n\t\t\t\t\t\t<div class=\"decoration-inside\"><\/div>\n\t\t\t\t\t<\/div>\n\t\t\t\t\t<\/div>\n<\/div><\/div><\/div><div id=\"pgc-434-0-1\"  class=\"panel-grid-cell\" ><div id=\"panel-434-0-1-0\" class=\"so-panel widget widget_sow-headline panel-first-child\" data-index=\"2\" ><div class=\"panel-widget-style panel-widget-style-for-434-0-1-0\" ><div\n\t\t\t\n\t\t\tclass=\"so-widget-sow-headline so-widget-sow-headline-default-367098490815-434\"\n\t\t\t\n\t\t><div class=\"sow-headline-container \">\n\t<\/div>\n<\/div><\/div><\/div><div id=\"panel-434-0-1-1\" class=\"so-panel widget widget_sow-editor panel-last-child\" data-index=\"3\" ><div\n\t\t\t\n\t\t\tclass=\"so-widget-sow-editor so-widget-sow-editor-base\"\n\t\t\t\n\t\t>\n<div class=\"siteorigin-widget-tinymce textwidget\">\n\t<\/p>\n<p><strong>NP103<\/strong><a name=\"result_box1\"><\/a> ist eine <span lang=\"de-DE\">leistungsstarke Ballenpresse mit gro\u00dfer Kapazit\u00e4t!<\/span><br \/>\n<span lang=\"de-DE\">D<\/span><span lang=\"de-DE\">as<\/span><span lang=\"de-DE\"> einzigartige ger\u00e4uscharme Schr<\/span><span lang=\"de-DE\">aubengetriebe<\/span><span lang=\"de-DE\"> bietet einen starken <\/span><span lang=\"de-DE\">Pressd<\/span><span lang=\"de-DE\">ruck <\/span><span lang=\"de-DE\">mit<\/span><span lang=\"de-DE\"> hohem Ball<\/span><span lang=\"de-DE\">en<\/span><span lang=\"de-DE\">gewicht.<\/span><br \/>\n<span lang=\"de-DE\">Dank <\/span><span lang=\"de-DE\">der grosser<\/span> <span lang=\"de-DE\">Einf\u00fcll\u00f6ffnung<\/span> <span lang=\"de-DE\">wird<\/span><span lang=\"de-DE\"> bei jeder Pressung gro\u00dfe Mengen <\/span><span lang=\"de-DE\">Material gepresst,<\/span><span lang=\"de-DE\"> ideal<\/span> <span lang=\"de-DE\">f\u00fcr gr\u00f6\u00dfere Kartons.<\/span><\/p>\n<p><span lang=\"de-DE\">Die Einf\u00fcllklappe<\/span><span lang=\"de-DE\"> dient als Sortiertisch und hilft auch das Material beim Schlie\u00dfen in die Presse zu schieben.<\/span><a name=\"result_box5\"><\/a><\/p>\n<ul>\n<li>Presst die meisten Materialien: Wellpappe, Karton, <span lang=\"de-DE\">weicher und harter Kunststoff,etc.<\/span><\/li>\n<li><span lang=\"de-DE\">Gr<\/span>osse Presskraft und kr\u00e4ftige Einf\u00fcll\u00f6ffnung <span lang=\"de-DE\">auf minimaler <\/span><span lang=\"de-DE\">Fussboden<\/span><span lang=\"de-DE\">fl\u00e4che<\/span><\/li>\n<li><span lang=\"de-DE\">Eine effektive Sammlung in der N\u00e4he der Quelle minimiert den internen Transport<\/span><\/li>\n<li>Gute Einf\u00fcllh\u00f6he<\/li>\n<li>Gesamth\u00f6he nur 2,07 m<\/li>\n<li><span lang=\"de-DE\">Widersteht K\u00e4lte und kann <\/span><span lang=\"de-DE\">draussen <\/span><span lang=\"de-DE\">auf de<\/span><span lang=\"de-DE\">r Laderampe<\/span><span lang=\"de-DE\"> platziert werden, unter Dach<br \/>\n<\/span><\/li>\n<li><span lang=\"de-DE\">Bew\u00e4hrt<\/span><span lang=\"de-DE\">e<\/span><span lang=\"de-DE\"> lange Lebensdauer, die ersten BP-100 Maschinen wurden in den sp\u00e4ten 1970er Jahren hergestellt.<\/span><\/li>\n<li><span lang=\"de-DE\">Eine flexib<\/span><span lang=\"de-DE\">el<\/span><span lang=\"de-DE\"> und nachhaltige L\u00f6sung, gut f\u00fcr Wirtschaft und Umwelt.<\/span><span id=\"result_box\" class=\"\" lang=\"en\"><\/span><\/li>\n<\/ul>\n<\/div>\n<\/div><\/div><\/div><\/div><\/div><div id=\"pg-434-1\"  class=\"panel-grid panel-no-style\" ><div id=\"pgc-434-1-0\"  class=\"panel-grid-cell\" ><div id=\"panel-434-1-0-0\" class=\"so-panel widget widget_sow-editor panel-first-child panel-last-child\" data-index=\"4\" ><div class=\"download-widget panel-widget-style panel-widget-style-for-434-1-0-0\" ><div\n\t\t\t\n\t\t\tclass=\"so-widget-sow-editor so-widget-sow-editor-base\"\n\t\t\t\n\t\t><h3 class=\"widget-title\">(Svenska) Nedladdningsbara filer<\/h3>\n<div class=\"siteorigin-widget-tinymce textwidget\">\n\t<p>(Svenska) <\/p>\n<p><a href=\"https:\/\/www.nattrabypressen.com\/wp-content\/uploads\/2024\/03\/NP103-20240304-SE.pdf\" target=\"_blank\" rel=\"noopener\"><span class=\"download-btn\"> Broschyr NP103 <img loading=\"lazy\" decoding=\"async\" class=\"icon icons8-Download\" src=\"data:image\/png;base64,iVBORw0KGgoAAAANSUhEUgAAADIAAAAyCAYAAAAeP4ixAAABcklEQVRoQ+2Y6w3CMAyE3Q1gEmADmBw2ACZgBNgAZCmRoijxIyIuQtc\/pYIm\/u7OacpCf3IsARzXNMdh5lwRIO8EMHWuqYMnAIB4oghHHGohWg6xCNFyqIVoOcRCtDxiIVoetbBqOdT6iWjlIrS6b0TU26ZrILzN32sTaDtoLVpWkLtQjAbCIuyiQDRgqQ4NxMKgjqEVqA5gqCJkDIAYnMg\/gSOFWKoYiBai5VAgOloPInoR0Smd61KlfG+I6Gz4Ay+kR\/KTmc8tmF4RGYK3J9LOgDlDQLigS9pmtGBaRdQQx46b5iX8W6uWBFODeCHCHMmq9WBKkBGIcBCesAXzTKTb1Ni5J7Q4lYtGSI\/Uq1QNk981uH9GIFZxpBWzEpRXJ48T4c3eesyVzvD3oxCrOlI7w9cjTvyEIyUMf+an\/+ixSrOPFivdBxBzNmfI3xgTjsCRSVFDtBAtREtWAD1S98ikxLiH7b6aW9\/Z3TNOuqFb7wdTNZEzY+A3VQAAAABJRU5ErkJggg==\" width=\"25\" height=\"25\" \/><\/span><\/a><\/p>\n<\/div>\n<\/div><\/div><\/div><\/div><\/div><\/div>","protected":false},"excerpt":{"rendered":"<p>NP103 ist eine leistungsstarke Ballenpresse mit gro\u00dfer Kapazit\u00e4t! Das einzigartige ger\u00e4uscharme Schraubengetriebe bietet einen starken Pressdruck mit hohem Ballengewicht. Dank der grosser Einf\u00fcll\u00f6ffnung wird bei jeder Pressung gro\u00dfe Mengen Material gepresst, ideal f\u00fcr gr\u00f6\u00dfere Kartons. Die Einf\u00fcllklappe dient als Sortiertisch und hilft auch das Material beim Schlie\u00dfen in die Presse zu schieben. Presst die meisten<\/p>\n<div><a class=\"btn-filled btn\" href=\"https:\/\/www.nva.se\/de\/produkter\/np-103\/\" title=\"NP 103\">Weiterlesen<\/a><\/div>\n","protected":false},"author":1,"featured_media":0,"parent":70,"menu_order":5,"comment_status":"closed","ping_status":"closed","template":"page-templates\/full-width.php","meta":{"footnotes":""},"class_list":["post-434","page","type-page","status-publish","hentry"],"yoast_head":"<!-- This site is optimized with the Yoast SEO plugin v26.0 - https:\/\/yoast.com\/wordpress\/plugins\/seo\/ -->\n<title>NP 103 - N\u00e4ttrabyPressen - N\u00e4ttraby Verktygs AB<\/title>\n<meta name=\"robots\" content=\"index, follow, max-snippet:-1, max-image-preview:large, max-video-preview:-1\" \/>\n<link rel=\"canonical\" href=\"https:\/\/www.nva.se\/en\/produkter\/np-103\/\" \/>\n<meta property=\"og:locale\" content=\"de_DE\" \/>\n<meta property=\"og:type\" content=\"article\" \/>\n<meta property=\"og:title\" content=\"NP 103 - N\u00e4ttrabyPressen - N\u00e4ttraby Verktygs AB\" \/>\n<meta property=\"og:description\" content=\"NP103 ist eine leistungsstarke Ballenpresse mit gro\u00dfer Kapazit\u00e4t! Das einzigartige ger\u00e4uscharme Schraubengetriebe bietet einen starken Pressdruck mit hohem Ballengewicht. Dank der grosser Einf\u00fcll\u00f6ffnung wird bei jeder Pressung gro\u00dfe Mengen Material gepresst, ideal f\u00fcr gr\u00f6\u00dfere Kartons. Die Einf\u00fcllklappe dient als Sortiertisch und hilft auch das Material beim Schlie\u00dfen in die Presse zu schieben. Presst die meistenWeiterlesen\" \/>\n<meta property=\"og:url\" content=\"https:\/\/www.nva.se\/en\/produkter\/np-103\/\" \/>\n<meta property=\"og:site_name\" content=\"N\u00e4ttrabyPressen - N\u00e4ttraby Verktygs AB\" \/>\n<meta property=\"article:modified_time\" content=\"2024-03-04T15:02:49+00:00\" \/>\n<meta name=\"twitter:card\" content=\"summary_large_image\" \/>\n<meta name=\"twitter:label1\" content=\"Gesch\u00e4tzte Lesezeit\" \/>\n\t<meta name=\"twitter:data1\" content=\"2\u00a0Minuten\" \/>\n<script type=\"application\/ld+json\" class=\"yoast-schema-graph\">{\"@context\":\"https:\/\/schema.org\",\"@graph\":[{\"@type\":\"WebPage\",\"@id\":\"https:\/\/www.nva.se\/en\/produkter\/np-103\/\",\"url\":\"https:\/\/www.nva.se\/en\/produkter\/np-103\/\",\"name\":\"NP 103 - N\u00e4ttrabyPressen - N\u00e4ttraby Verktygs AB\",\"isPartOf\":{\"@id\":\"https:\/\/www.nva.se\/#website\"},\"datePublished\":\"2017-01-23T19:40:37+00:00\",\"dateModified\":\"2024-03-04T15:02:49+00:00\",\"breadcrumb\":{\"@id\":\"https:\/\/www.nva.se\/en\/produkter\/np-103\/#breadcrumb\"},\"inLanguage\":\"de\",\"potentialAction\":[{\"@type\":\"ReadAction\",\"target\":[\"https:\/\/www.nva.se\/en\/produkter\/np-103\/\"]}]},{\"@type\":\"BreadcrumbList\",\"@id\":\"https:\/\/www.nva.se\/en\/produkter\/np-103\/#breadcrumb\",\"itemListElement\":[{\"@type\":\"ListItem\",\"position\":1,\"name\":\"Home\",\"item\":\"https:\/\/www.nva.se\/\"},{\"@type\":\"ListItem\",\"position\":2,\"name\":\"Produkter\",\"item\":\"https:\/\/www.nva.se\/produkter\/\"},{\"@type\":\"ListItem\",\"position\":3,\"name\":\"NP 103\"}]},{\"@type\":\"WebSite\",\"@id\":\"https:\/\/www.nva.se\/#website\",\"url\":\"https:\/\/www.nva.se\/\",\"name\":\"N\u00e4ttrabyPressen - N\u00e4ttraby Verktygs AB\",\"description\":\"Optimierte R\u00fcckgewinnung durch Verdichtung der Ballenpresse NP40, NP40 II, NP60, NP60-II, NP80, NP80-II, NP100, NP100-II, BP80, BP 80\",\"publisher\":{\"@id\":\"https:\/\/www.nva.se\/#organization\"},\"potentialAction\":[{\"@type\":\"SearchAction\",\"target\":{\"@type\":\"EntryPoint\",\"urlTemplate\":\"https:\/\/www.nva.se\/?s={search_term_string}\"},\"query-input\":{\"@type\":\"PropertyValueSpecification\",\"valueRequired\":true,\"valueName\":\"search_term_string\"}}],\"inLanguage\":\"de\"},{\"@type\":\"Organization\",\"@id\":\"https:\/\/www.nva.se\/#organization\",\"name\":\"N\u00e4ttraby Verktygs AB, NVA\",\"url\":\"https:\/\/www.nva.se\/\",\"logo\":{\"@type\":\"ImageObject\",\"inLanguage\":\"de\",\"@id\":\"https:\/\/www.nva.se\/#\/schema\/logo\/image\/\",\"url\":\"https:\/\/i2.wp.com\/www.nattrabypressen.com\/wp-content\/uploads\/2017\/01\/nva_logo.png?fit=369%2C194&ssl=1\",\"contentUrl\":\"https:\/\/i2.wp.com\/www.nattrabypressen.com\/wp-content\/uploads\/2017\/01\/nva_logo.png?fit=369%2C194&ssl=1\",\"width\":369,\"height\":194,\"caption\":\"N\u00e4ttraby Verktygs AB, NVA\"},\"image\":{\"@id\":\"https:\/\/www.nva.se\/#\/schema\/logo\/image\/\"}}]}<\/script>\n<!-- \/ Yoast SEO plugin. -->","yoast_head_json":{"title":"NP 103 - N\u00e4ttrabyPressen - N\u00e4ttraby Verktygs AB","robots":{"index":"index","follow":"follow","max-snippet":"max-snippet:-1","max-image-preview":"max-image-preview:large","max-video-preview":"max-video-preview:-1"},"canonical":"https:\/\/www.nva.se\/en\/produkter\/np-103\/","og_locale":"de_DE","og_type":"article","og_title":"NP 103 - N\u00e4ttrabyPressen - N\u00e4ttraby Verktygs AB","og_description":"NP103 ist eine leistungsstarke Ballenpresse mit gro\u00dfer Kapazit\u00e4t! Das einzigartige ger\u00e4uscharme Schraubengetriebe bietet einen starken Pressdruck mit hohem Ballengewicht. Dank der grosser Einf\u00fcll\u00f6ffnung wird bei jeder Pressung gro\u00dfe Mengen Material gepresst, ideal f\u00fcr gr\u00f6\u00dfere Kartons. Die Einf\u00fcllklappe dient als Sortiertisch und hilft auch das Material beim Schlie\u00dfen in die Presse zu schieben. Presst die meistenWeiterlesen","og_url":"https:\/\/www.nva.se\/en\/produkter\/np-103\/","og_site_name":"N\u00e4ttrabyPressen - N\u00e4ttraby Verktygs AB","article_modified_time":"2024-03-04T15:02:49+00:00","twitter_card":"summary_large_image","twitter_misc":{"Gesch\u00e4tzte Lesezeit":"2\u00a0Minuten"},"schema":{"@context":"https:\/\/schema.org","@graph":[{"@type":"WebPage","@id":"https:\/\/www.nva.se\/en\/produkter\/np-103\/","url":"https:\/\/www.nva.se\/en\/produkter\/np-103\/","name":"NP 103 - N\u00e4ttrabyPressen - N\u00e4ttraby Verktygs AB","isPartOf":{"@id":"https:\/\/www.nva.se\/#website"},"datePublished":"2017-01-23T19:40:37+00:00","dateModified":"2024-03-04T15:02:49+00:00","breadcrumb":{"@id":"https:\/\/www.nva.se\/en\/produkter\/np-103\/#breadcrumb"},"inLanguage":"de","potentialAction":[{"@type":"ReadAction","target":["https:\/\/www.nva.se\/en\/produkter\/np-103\/"]}]},{"@type":"BreadcrumbList","@id":"https:\/\/www.nva.se\/en\/produkter\/np-103\/#breadcrumb","itemListElement":[{"@type":"ListItem","position":1,"name":"Home","item":"https:\/\/www.nva.se\/"},{"@type":"ListItem","position":2,"name":"Produkter","item":"https:\/\/www.nva.se\/produkter\/"},{"@type":"ListItem","position":3,"name":"NP 103"}]},{"@type":"WebSite","@id":"https:\/\/www.nva.se\/#website","url":"https:\/\/www.nva.se\/","name":"N\u00e4ttrabyPressen - N\u00e4ttraby Verktygs AB","description":"Optimierte R\u00fcckgewinnung durch Verdichtung der Ballenpresse NP40, NP40 II, NP60, NP60-II, NP80, NP80-II, NP100, NP100-II, BP80, BP 80","publisher":{"@id":"https:\/\/www.nva.se\/#organization"},"potentialAction":[{"@type":"SearchAction","target":{"@type":"EntryPoint","urlTemplate":"https:\/\/www.nva.se\/?s={search_term_string}"},"query-input":{"@type":"PropertyValueSpecification","valueRequired":true,"valueName":"search_term_string"}}],"inLanguage":"de"},{"@type":"Organization","@id":"https:\/\/www.nva.se\/#organization","name":"N\u00e4ttraby Verktygs AB, NVA","url":"https:\/\/www.nva.se\/","logo":{"@type":"ImageObject","inLanguage":"de","@id":"https:\/\/www.nva.se\/#\/schema\/logo\/image\/","url":"https:\/\/i2.wp.com\/www.nattrabypressen.com\/wp-content\/uploads\/2017\/01\/nva_logo.png?fit=369%2C194&ssl=1","contentUrl":"https:\/\/i2.wp.com\/www.nattrabypressen.com\/wp-content\/uploads\/2017\/01\/nva_logo.png?fit=369%2C194&ssl=1","width":369,"height":194,"caption":"N\u00e4ttraby Verktygs AB, NVA"},"image":{"@id":"https:\/\/www.nva.se\/#\/schema\/logo\/image\/"}}]}},"_links":{"self":[{"href":"https:\/\/www.nva.se\/de\/wp-json\/wp\/v2\/pages\/434","targetHints":{"allow":["GET"]}}],"collection":[{"href":"https:\/\/www.nva.se\/de\/wp-json\/wp\/v2\/pages"}],"about":[{"href":"https:\/\/www.nva.se\/de\/wp-json\/wp\/v2\/types\/page"}],"author":[{"embeddable":true,"href":"https:\/\/www.nva.se\/de\/wp-json\/wp\/v2\/users\/1"}],"replies":[{"embeddable":true,"href":"https:\/\/www.nva.se\/de\/wp-json\/wp\/v2\/comments?post=434"}],"version-history":[{"count":32,"href":"https:\/\/www.nva.se\/de\/wp-json\/wp\/v2\/pages\/434\/revisions"}],"predecessor-version":[{"id":3133,"href":"https:\/\/www.nva.se\/de\/wp-json\/wp\/v2\/pages\/434\/revisions\/3133"}],"up":[{"embeddable":true,"href":"https:\/\/www.nva.se\/de\/wp-json\/wp\/v2\/pages\/70"}],"wp:attachment":[{"href":"https:\/\/www.nva.se\/de\/wp-json\/wp\/v2\/media?parent=434"}],"curies":[{"name":"wp","href":"https:\/\/api.w.org\/{rel}","templated":true}]}}