{"id":3315,"date":"2025-07-03T11:31:04","date_gmt":"2025-07-03T11:31:04","guid":{"rendered":"https:\/\/www.nattrabypressen.com\/?page_id=3315"},"modified":"2025-07-07T09:28:32","modified_gmt":"2025-07-07T09:28:32","slug":"np30p-2","status":"publish","type":"page","link":"https:\/\/www.nva.se\/de\/produkter\/np30p-2\/","title":{"rendered":"NP30P"},"content":{"rendered":"<div id=\"pl-3315\"  class=\"panel-layout\" ><div id=\"pg-3315-0\"  class=\"panel-grid panel-has-style\" ><div class=\"siteorigin-panels-stretch panel-row-style panel-row-style-for-3315-0\" data-stretch-type=\"full\" ><div id=\"pgc-3315-0-0\"  class=\"panel-grid-cell\" ><div id=\"panel-3315-0-0-0\" class=\"so-panel widget widget_sow-headline panel-first-child\" data-index=\"0\" ><div\n\t\t\t\n\t\t\tclass=\"so-widget-sow-headline so-widget-sow-headline-default-778a9949a0ab-3315\"\n\t\t\t\n\t\t><div class=\"sow-headline-container \">\n\t\t\t\t\t\t\t<h3 class=\"sow-sub-headline\">\n\t\t\t\t\t\tNP 30P\t\t\t\t\t\t<\/h3>\n\t\t\t\t\t\t\t\t\t\t\t<div class=\"decoration\">\n\t\t\t\t\t\t<div class=\"decoration-inside\"><\/div>\n\t\t\t\t\t<\/div>\n\t\t\t\t\t<\/div>\n<\/div><\/div><\/div><div id=\"pgc-3315-0-1\"  class=\"panel-grid-cell\" ><div id=\"panel-3315-0-1-0\" class=\"so-panel widget widget_sow-headline panel-first-child\" data-index=\"2\" ><div class=\"panel-widget-style panel-widget-style-for-3315-0-1-0\" ><div\n\t\t\t\n\t\t\tclass=\"so-widget-sow-headline so-widget-sow-headline-default-83f8a35a5ea7-3315\"\n\t\t\t\n\t\t><div class=\"sow-headline-container \">\n\t<\/div>\n<\/div><\/div><\/div><div id=\"panel-3315-0-1-1\" class=\"so-panel widget widget_sow-editor panel-last-child\" data-index=\"3\" ><div\n\t\t\t\n\t\t\tclass=\"so-widget-sow-editor so-widget-sow-editor-base\"\n\t\t\t\n\t\t>\n<div class=\"siteorigin-widget-tinymce textwidget\">\n\t<p><span style=\"color: black;\"><strong><\/span><\/span><\/p>\n<\/p>\n<p data-start=\"978\" data-end=\"1186\"><strong data-start=\"978\" data-end=\"1049\">Die NP30P ist eine vielseitige Maschine f\u00fcr enge oder kleine R\u00e4ume.<\/strong><br data-start=\"1049\" data-end=\"1052\" \/>Dank ihrer kompakten Au\u00dfenma\u00dfe und dem geringen Platzbedarf l\u00e4sst sie sich leicht transportieren und in schmalen Bereichen aufstellen.<\/p>\n<p data-start=\"1188\" data-end=\"1377\">Sie ist speziell f\u00fcr das Pressen von Kunststoff ausgelegt und verf\u00fcgt \u00fcber vier bewegliche Niederhalter, die das Aufquellen des Materials verhindern \u2013 kombiniert mit einem hohen Pressdruck.<\/p>\n<p data-start=\"1379\" data-end=\"1482\"><strong data-start=\"1379\" data-end=\"1416\">Die NP30P ist einfach zu bedienen<\/strong> und verf\u00fcgt \u00fcber dasselbe Bedienfeld wie unsere gr\u00f6\u00dferen Pressen.<\/p>\n<p data-start=\"1484\" data-end=\"1728\">Das Material wird durch die Klappe eingef\u00fcllt und gepresst.<br data-start=\"1543\" data-end=\"1546\" \/>Sobald die Ballenformung abgeschlossen ist, leuchtet die blaue Lampe auf.<br data-start=\"1619\" data-end=\"1622\" \/>Die T\u00fcr wird ge\u00f6ffnet, der Ballen wird gebunden und mithilfe der integrierten Kippeinrichtung ausgeworfen.<\/p>\n<p data-start=\"1730\" data-end=\"1861\"><strong data-start=\"1730\" data-end=\"1803\">Sehr gut geeignet zur Verdichtung von weichen und harten Kunststoffen<\/strong>, aber auch f\u00fcr kleinere Kartons und \u00e4hnliche Materialien.<\/p><\/p>\n<\/div>\n<\/div><\/div><\/div><\/div><\/div><div id=\"pg-3315-1\"  class=\"panel-grid panel-no-style\" ><div id=\"pgc-3315-1-0\"  class=\"panel-grid-cell\" ><div id=\"panel-3315-1-0-0\" class=\"so-panel widget widget_sow-editor panel-first-child panel-last-child\" data-index=\"4\" ><div class=\"download-widget panel-widget-style panel-widget-style-for-3315-1-0-0\" ><div\n\t\t\t\n\t\t\tclass=\"so-widget-sow-editor so-widget-sow-editor-base\"\n\t\t\t\n\t\t><h3 class=\"widget-title\">Nedladdningsbara filer<\/h3>\n<div class=\"siteorigin-widget-tinymce textwidget\">\n\t<div class=\"siteorigin-widget-tinymce textwidget\">\n<div class=\"siteorigin-widget-tinymce textwidget\">\n<p><span class=\"download-btn\">Broschyr NP30P<a href=\"https:\/\/www.nattrabypressen.com\/wp-content\/uploads\/2025\/07\/NP30P-2025_2-NPSE.pdf\" target=\"_blank\" rel=\"noopener\"> <img loading=\"lazy\" decoding=\"async\" class=\"icon icons8-Download\" src=\"data:image\/png;base64,iVBORw0KGgoAAAANSUhEUgAAADIAAAAyCAYAAAAeP4ixAAABcklEQVRoQ+2Y6w3CMAyE3Q1gEmADmBw2ACZgBNgAZCmRoijxIyIuQtc\/pYIm\/u7OacpCf3IsARzXNMdh5lwRIO8EMHWuqYMnAIB4oghHHGohWg6xCNFyqIVoOcRCtDxiIVoetbBqOdT6iWjlIrS6b0TU26ZrILzN32sTaDtoLVpWkLtQjAbCIuyiQDRgqQ4NxMKgjqEVqA5gqCJkDIAYnMg\/gSOFWKoYiBai5VAgOloPInoR0Smd61KlfG+I6Gz4Ay+kR\/KTmc8tmF4RGYK3J9LOgDlDQLigS9pmtGBaRdQQx46b5iX8W6uWBFODeCHCHMmq9WBKkBGIcBCesAXzTKTb1Ni5J7Q4lYtGSI\/Uq1QNk981uH9GIFZxpBWzEpRXJ48T4c3eesyVzvD3oxCrOlI7w9cjTvyEIyUMf+an\/+ixSrOPFivdBxBzNmfI3xgTjsCRSVFDtBAtREtWAD1S98ikxLiH7b6aW9\/Z3TNOuqFb7wdTNZEzY+A3VQAAAABJRU5ErkJggg==\" width=\"25\" height=\"25\" \/><\/a><\/span><\/p>\n<\/div>\n<\/div>\n<\/div>\n<\/div><\/div><\/div><\/div><\/div><\/div>","protected":false},"excerpt":{"rendered":"<p>Die NP30P ist eine vielseitige Maschine f\u00fcr enge oder kleine R\u00e4ume.Dank ihrer kompakten Au\u00dfenma\u00dfe und dem geringen Platzbedarf l\u00e4sst sie sich leicht transportieren und in schmalen Bereichen aufstellen. Sie ist speziell f\u00fcr das Pressen von Kunststoff ausgelegt und verf\u00fcgt \u00fcber vier bewegliche Niederhalter, die das Aufquellen des Materials verhindern \u2013 kombiniert mit einem hohen Pressdruck.<\/p>\n<div><a class=\"btn-filled btn\" href=\"https:\/\/www.nva.se\/de\/produkter\/np30p-2\/\" title=\"NP30P\">Weiterlesen<\/a><\/div>\n","protected":false},"author":3,"featured_media":0,"parent":70,"menu_order":2,"comment_status":"closed","ping_status":"closed","template":"page-templates\/full-width.php","meta":{"footnotes":""},"class_list":["post-3315","page","type-page","status-publish","hentry"],"yoast_head":"<!-- This site is optimized with the Yoast SEO plugin v26.0 - https:\/\/yoast.com\/wordpress\/plugins\/seo\/ -->\n<title>NP30P - N\u00e4ttrabyPressen - N\u00e4ttraby Verktygs AB<\/title>\n<meta name=\"robots\" content=\"index, follow, max-snippet:-1, max-image-preview:large, max-video-preview:-1\" \/>\n<link rel=\"canonical\" href=\"https:\/\/www.nva.se\/en\/produkter\/np30p-2\/\" \/>\n<meta property=\"og:locale\" content=\"de_DE\" \/>\n<meta property=\"og:type\" content=\"article\" \/>\n<meta property=\"og:title\" content=\"NP30P - N\u00e4ttrabyPressen - N\u00e4ttraby Verktygs AB\" \/>\n<meta property=\"og:description\" content=\"Die NP30P ist eine vielseitige Maschine f\u00fcr enge oder kleine R\u00e4ume.Dank ihrer kompakten Au\u00dfenma\u00dfe und dem geringen Platzbedarf l\u00e4sst sie sich leicht transportieren und in schmalen Bereichen aufstellen. Sie ist speziell f\u00fcr das Pressen von Kunststoff ausgelegt und verf\u00fcgt \u00fcber vier bewegliche Niederhalter, die das Aufquellen des Materials verhindern \u2013 kombiniert mit einem hohen Pressdruck.Weiterlesen\" \/>\n<meta property=\"og:url\" content=\"https:\/\/www.nva.se\/en\/produkter\/np30p-2\/\" \/>\n<meta property=\"og:site_name\" content=\"N\u00e4ttrabyPressen - N\u00e4ttraby Verktygs AB\" \/>\n<meta property=\"article:modified_time\" content=\"2025-07-07T09:28:32+00:00\" \/>\n<meta name=\"twitter:card\" content=\"summary_large_image\" \/>\n<meta name=\"twitter:label1\" content=\"Gesch\u00e4tzte Lesezeit\" \/>\n\t<meta name=\"twitter:data1\" content=\"6\u00a0Minuten\" \/>\n<script type=\"application\/ld+json\" class=\"yoast-schema-graph\">{\"@context\":\"https:\/\/schema.org\",\"@graph\":[{\"@type\":\"WebPage\",\"@id\":\"https:\/\/www.nva.se\/en\/produkter\/np30p-2\/\",\"url\":\"https:\/\/www.nva.se\/en\/produkter\/np30p-2\/\",\"name\":\"NP30P - N\u00e4ttrabyPressen - N\u00e4ttraby Verktygs AB\",\"isPartOf\":{\"@id\":\"https:\/\/www.nva.se\/#website\"},\"datePublished\":\"2025-07-03T11:31:04+00:00\",\"dateModified\":\"2025-07-07T09:28:32+00:00\",\"breadcrumb\":{\"@id\":\"https:\/\/www.nva.se\/en\/produkter\/np30p-2\/#breadcrumb\"},\"inLanguage\":\"de\",\"potentialAction\":[{\"@type\":\"ReadAction\",\"target\":[\"https:\/\/www.nva.se\/en\/produkter\/np30p-2\/\"]}]},{\"@type\":\"BreadcrumbList\",\"@id\":\"https:\/\/www.nva.se\/en\/produkter\/np30p-2\/#breadcrumb\",\"itemListElement\":[{\"@type\":\"ListItem\",\"position\":1,\"name\":\"Home\",\"item\":\"https:\/\/www.nva.se\/\"},{\"@type\":\"ListItem\",\"position\":2,\"name\":\"Produkter\",\"item\":\"https:\/\/www.nva.se\/produkter\/\"},{\"@type\":\"ListItem\",\"position\":3,\"name\":\"NP30P\"}]},{\"@type\":\"WebSite\",\"@id\":\"https:\/\/www.nva.se\/#website\",\"url\":\"https:\/\/www.nva.se\/\",\"name\":\"N\u00e4ttrabyPressen - N\u00e4ttraby Verktygs AB\",\"description\":\"Optimierte R\u00fcckgewinnung durch Verdichtung der Ballenpresse NP40, NP40 II, NP60, NP60-II, NP80, NP80-II, NP100, NP100-II, BP80, BP 80\",\"publisher\":{\"@id\":\"https:\/\/www.nva.se\/#organization\"},\"potentialAction\":[{\"@type\":\"SearchAction\",\"target\":{\"@type\":\"EntryPoint\",\"urlTemplate\":\"https:\/\/www.nva.se\/?s={search_term_string}\"},\"query-input\":{\"@type\":\"PropertyValueSpecification\",\"valueRequired\":true,\"valueName\":\"search_term_string\"}}],\"inLanguage\":\"de\"},{\"@type\":\"Organization\",\"@id\":\"https:\/\/www.nva.se\/#organization\",\"name\":\"N\u00e4ttraby Verktygs AB, NVA\",\"url\":\"https:\/\/www.nva.se\/\",\"logo\":{\"@type\":\"ImageObject\",\"inLanguage\":\"de\",\"@id\":\"https:\/\/www.nva.se\/#\/schema\/logo\/image\/\",\"url\":\"https:\/\/i2.wp.com\/www.nattrabypressen.com\/wp-content\/uploads\/2017\/01\/nva_logo.png?fit=369%2C194&ssl=1\",\"contentUrl\":\"https:\/\/i2.wp.com\/www.nattrabypressen.com\/wp-content\/uploads\/2017\/01\/nva_logo.png?fit=369%2C194&ssl=1\",\"width\":369,\"height\":194,\"caption\":\"N\u00e4ttraby Verktygs AB, NVA\"},\"image\":{\"@id\":\"https:\/\/www.nva.se\/#\/schema\/logo\/image\/\"}}]}<\/script>\n<!-- \/ Yoast SEO plugin. -->","yoast_head_json":{"title":"NP30P - N\u00e4ttrabyPressen - N\u00e4ttraby Verktygs AB","robots":{"index":"index","follow":"follow","max-snippet":"max-snippet:-1","max-image-preview":"max-image-preview:large","max-video-preview":"max-video-preview:-1"},"canonical":"https:\/\/www.nva.se\/en\/produkter\/np30p-2\/","og_locale":"de_DE","og_type":"article","og_title":"NP30P - N\u00e4ttrabyPressen - N\u00e4ttraby Verktygs AB","og_description":"Die NP30P ist eine vielseitige Maschine f\u00fcr enge oder kleine R\u00e4ume.Dank ihrer kompakten Au\u00dfenma\u00dfe und dem geringen Platzbedarf l\u00e4sst sie sich leicht transportieren und in schmalen Bereichen aufstellen. Sie ist speziell f\u00fcr das Pressen von Kunststoff ausgelegt und verf\u00fcgt \u00fcber vier bewegliche Niederhalter, die das Aufquellen des Materials verhindern \u2013 kombiniert mit einem hohen Pressdruck.Weiterlesen","og_url":"https:\/\/www.nva.se\/en\/produkter\/np30p-2\/","og_site_name":"N\u00e4ttrabyPressen - N\u00e4ttraby Verktygs AB","article_modified_time":"2025-07-07T09:28:32+00:00","twitter_card":"summary_large_image","twitter_misc":{"Gesch\u00e4tzte Lesezeit":"6\u00a0Minuten"},"schema":{"@context":"https:\/\/schema.org","@graph":[{"@type":"WebPage","@id":"https:\/\/www.nva.se\/en\/produkter\/np30p-2\/","url":"https:\/\/www.nva.se\/en\/produkter\/np30p-2\/","name":"NP30P - N\u00e4ttrabyPressen - N\u00e4ttraby Verktygs AB","isPartOf":{"@id":"https:\/\/www.nva.se\/#website"},"datePublished":"2025-07-03T11:31:04+00:00","dateModified":"2025-07-07T09:28:32+00:00","breadcrumb":{"@id":"https:\/\/www.nva.se\/en\/produkter\/np30p-2\/#breadcrumb"},"inLanguage":"de","potentialAction":[{"@type":"ReadAction","target":["https:\/\/www.nva.se\/en\/produkter\/np30p-2\/"]}]},{"@type":"BreadcrumbList","@id":"https:\/\/www.nva.se\/en\/produkter\/np30p-2\/#breadcrumb","itemListElement":[{"@type":"ListItem","position":1,"name":"Home","item":"https:\/\/www.nva.se\/"},{"@type":"ListItem","position":2,"name":"Produkter","item":"https:\/\/www.nva.se\/produkter\/"},{"@type":"ListItem","position":3,"name":"NP30P"}]},{"@type":"WebSite","@id":"https:\/\/www.nva.se\/#website","url":"https:\/\/www.nva.se\/","name":"N\u00e4ttrabyPressen - N\u00e4ttraby Verktygs AB","description":"Optimierte R\u00fcckgewinnung durch Verdichtung der Ballenpresse NP40, NP40 II, NP60, NP60-II, NP80, NP80-II, NP100, NP100-II, BP80, BP 80","publisher":{"@id":"https:\/\/www.nva.se\/#organization"},"potentialAction":[{"@type":"SearchAction","target":{"@type":"EntryPoint","urlTemplate":"https:\/\/www.nva.se\/?s={search_term_string}"},"query-input":{"@type":"PropertyValueSpecification","valueRequired":true,"valueName":"search_term_string"}}],"inLanguage":"de"},{"@type":"Organization","@id":"https:\/\/www.nva.se\/#organization","name":"N\u00e4ttraby Verktygs AB, NVA","url":"https:\/\/www.nva.se\/","logo":{"@type":"ImageObject","inLanguage":"de","@id":"https:\/\/www.nva.se\/#\/schema\/logo\/image\/","url":"https:\/\/i2.wp.com\/www.nattrabypressen.com\/wp-content\/uploads\/2017\/01\/nva_logo.png?fit=369%2C194&ssl=1","contentUrl":"https:\/\/i2.wp.com\/www.nattrabypressen.com\/wp-content\/uploads\/2017\/01\/nva_logo.png?fit=369%2C194&ssl=1","width":369,"height":194,"caption":"N\u00e4ttraby Verktygs AB, NVA"},"image":{"@id":"https:\/\/www.nva.se\/#\/schema\/logo\/image\/"}}]}},"_links":{"self":[{"href":"https:\/\/www.nva.se\/de\/wp-json\/wp\/v2\/pages\/3315","targetHints":{"allow":["GET"]}}],"collection":[{"href":"https:\/\/www.nva.se\/de\/wp-json\/wp\/v2\/pages"}],"about":[{"href":"https:\/\/www.nva.se\/de\/wp-json\/wp\/v2\/types\/page"}],"author":[{"embeddable":true,"href":"https:\/\/www.nva.se\/de\/wp-json\/wp\/v2\/users\/3"}],"replies":[{"embeddable":true,"href":"https:\/\/www.nva.se\/de\/wp-json\/wp\/v2\/comments?post=3315"}],"version-history":[{"count":12,"href":"https:\/\/www.nva.se\/de\/wp-json\/wp\/v2\/pages\/3315\/revisions"}],"predecessor-version":[{"id":3338,"href":"https:\/\/www.nva.se\/de\/wp-json\/wp\/v2\/pages\/3315\/revisions\/3338"}],"up":[{"embeddable":true,"href":"https:\/\/www.nva.se\/de\/wp-json\/wp\/v2\/pages\/70"}],"wp:attachment":[{"href":"https:\/\/www.nva.se\/de\/wp-json\/wp\/v2\/media?parent=3315"}],"curies":[{"name":"wp","href":"https:\/\/api.w.org\/{rel}","templated":true}]}}