{"id":1646,"date":"2018-02-15T10:51:30","date_gmt":"2018-02-15T10:51:30","guid":{"rendered":"http:\/\/www.nattrabypressen.com\/?page_id=1646"},"modified":"2018-04-19T11:21:36","modified_gmt":"2018-04-19T11:21:36","slug":"np10","status":"publish","type":"page","link":"https:\/\/www.nva.se\/de\/produkter\/np10\/","title":{"rendered":"NP 10"},"content":{"rendered":"<div id=\"pl-1646\"  class=\"panel-layout\" ><div id=\"pg-1646-0\"  class=\"panel-grid panel-has-style\" ><div class=\"siteorigin-panels-stretch panel-row-style panel-row-style-for-1646-0\" data-stretch-type=\"full\" ><div id=\"pgc-1646-0-0\"  class=\"panel-grid-cell\" ><div id=\"panel-1646-0-0-0\" class=\"so-panel widget widget_sow-headline panel-first-child\" data-index=\"0\" ><div\n\t\t\t\n\t\t\tclass=\"so-widget-sow-headline so-widget-sow-headline-default-480d33904116-1646\"\n\t\t\t\n\t\t><div class=\"sow-headline-container \">\n\t\t\t\t\t\t\t<h3 class=\"sow-sub-headline\">\n\t\t\t\t\t\tNP 10\t\t\t\t\t\t<\/h3>\n\t\t\t\t\t\t\t\t\t\t\t<div class=\"decoration\">\n\t\t\t\t\t\t<div class=\"decoration-inside\"><\/div>\n\t\t\t\t\t<\/div>\n\t\t\t\t\t<\/div>\n<\/div><\/div><\/div><div id=\"pgc-1646-0-1\"  class=\"panel-grid-cell\" ><div id=\"panel-1646-0-1-0\" class=\"so-panel widget widget_sow-headline panel-first-child\" data-index=\"2\" ><div class=\"panel-widget-style panel-widget-style-for-1646-0-1-0\" ><div\n\t\t\t\n\t\t\tclass=\"so-widget-sow-headline so-widget-sow-headline-default-83f8a35a5ea7-1646\"\n\t\t\t\n\t\t><div class=\"sow-headline-container \">\n\t<\/div>\n<\/div><\/div><\/div><div id=\"panel-1646-0-1-1\" class=\"so-panel widget widget_sow-editor panel-last-child\" data-index=\"3\" ><div\n\t\t\t\n\t\t\tclass=\"so-widget-sow-editor so-widget-sow-editor-base\"\n\t\t\t\n\t\t>\n<div class=\"siteorigin-widget-tinymce textwidget\">\n\t<div>\n<p class=\"Ingress\"><span id=\"ctl00_ctl00_MainContentPane1_ContentPane1_ctl00_lblIngress\"><strong><span class=\"\" lang=\"en\"><span class=\"\" lang=\"en\"><strong>NP10<\/strong><\/span><\/span><span lang=\"de-DE\"> ist ein<\/span><span lang=\"de-DE\">e Manuelle Presse,<\/span><span lang=\"de-DE\"> einfach zu bedien<\/span><span lang=\"de-DE\">en<\/span><span lang=\"de-DE\">, ideal zum Verdichten von Plastik- und Schrumpffolie.<\/span><span class=\"\" lang=\"en\"><span class=\"\" lang=\"en\"><br \/><\/span><\/span><\/p>\n<p align=\"left\">U<span lang=\"de-DE\">m weiche Kunststoff zu komprimieren, ist eine <\/span><span lang=\"de-DE\">gen\u00fcgende<\/span><span lang=\"de-DE\"> hohe Fl\u00e4chenpressung wichtig, <\/span><span lang=\"de-DE\">und auch dass <\/span><span lang=\"de-DE\">die Hubl\u00e4nge ist lang und <\/span><span lang=\"de-DE\">dass <\/span><span lang=\"de-DE\">das Material lange Zeit unter Druck gehalten werden <\/span><span lang=\"de-DE\">kann<\/span><span lang=\"de-DE\">. <\/span><\/p>\n<p align=\"left\">Die NP10 <span lang=\"de-DE\">wird nur mit manueller Kraft angetrieben, bietet aber durch ihr intelligentes Design eine hervorragende Kompression, ein Hebel, der die Kraft <\/span><span lang=\"de-DE\">vervielfacht<\/span><span lang=\"de-DE\">.<\/span><br \/> <span lang=\"de-DE\">Die Pressplatte h\u00e4lt das Material unter Druck und dr\u00fcckt die Luft aus dem Kunststoff.<\/span> Ein Verdichtungsgrad von 10: 1.<\/p>\n<p>NP10 hat sehr niedriger Verbrauchskosten, nur Abbindeb\u00e4nder f\u00fcr die fertige Ballen sind erforderlich.<\/p>\n<p><span id=\"result_box\" class=\"\" lang=\"en\"><\/span><\/div>\n<ul>\n<li><span id=\"result_box\" class=\"\" lang=\"en\"><span class=\"\">Ballengewicht 10 - 25 kg<\/span><\/span><\/li>\n<li><span id=\"result_box\" class=\"\" lang=\"en\"><span class=\"\">Braucht weniger Fussboden als 0,5 m2.<\/span><\/span><\/li>\n<li><span id=\"result_box\" class=\"\" lang=\"en\"><span class=\"\">Wird einfach platziert<\/span><\/span><\/li>\n<li>Braucht keine Elektricit\u00e4t und kann damit auch in EX-klassifizierte R\u00e4ume gestellt werden.<span id=\"result_box\" class=\"\" lang=\"en\"><\/span><span id=\"result_box\" class=\"\" lang=\"en\"><span class=\"\"><\/span><\/span><\/li>\n<\/ul>\n<div>\u00a0<\/div>\n<\/div>\n<\/div><\/div><\/div><\/div><\/div><div id=\"pg-1646-1\"  class=\"panel-grid panel-no-style\" ><div id=\"pgc-1646-1-0\"  class=\"panel-grid-cell\" ><div id=\"panel-1646-1-0-0\" class=\"so-panel widget widget_sow-editor panel-first-child panel-last-child\" data-index=\"4\" ><div class=\"download-widget panel-widget-style panel-widget-style-for-1646-1-0-0\" ><div\n\t\t\t\n\t\t\tclass=\"so-widget-sow-editor so-widget-sow-editor-base\"\n\t\t\t\n\t\t><h3 class=\"widget-title\">Datenblatt download<\/h3>\n<div class=\"siteorigin-widget-tinymce textwidget\">\n\t<p><span class=\"download-btn\"><a href=\"http:\/\/www.nattrabypressen.com\/wp-content\/uploads\/2018\/02\/NP10-20180216-NP-GB.pdf\" target=\"_blank\">Brosch\u00fcre NP10  <img loading=\"lazy\" decoding=\"async\" class=\"icon icons8-Download\" src=\"data:image\/png;base64,iVBORw0KGgoAAAANSUhEUgAAADIAAAAyCAYAAAAeP4ixAAABcklEQVRoQ+2Y6w3CMAyE3Q1gEmADmBw2ACZgBNgAZCmRoijxIyIuQtc\/pYIm\/u7OacpCf3IsARzXNMdh5lwRIO8EMHWuqYMnAIB4oghHHGohWg6xCNFyqIVoOcRCtDxiIVoetbBqOdT6iWjlIrS6b0TU26ZrILzN32sTaDtoLVpWkLtQjAbCIuyiQDRgqQ4NxMKgjqEVqA5gqCJkDIAYnMg\/gSOFWKoYiBai5VAgOloPInoR0Smd61KlfG+I6Gz4Ay+kR\/KTmc8tmF4RGYK3J9LOgDlDQLigS9pmtGBaRdQQx46b5iX8W6uWBFODeCHCHMmq9WBKkBGIcBCesAXzTKTb1Ni5J7Q4lYtGSI\/Uq1QNk981uH9GIFZxpBWzEpRXJ48T4c3eesyVzvD3oxCrOlI7w9cjTvyEIyUMf+an\/+ixSrOPFivdBxBzNmfI3xgTjsCRSVFDtBAtREtWAD1S98ikxLiH7b6aW9\/Z3TNOuqFb7wdTNZEzY+A3VQAAAABJRU5ErkJggg==\" width=\"25\" height=\"25\" \/><\/a><\/span><\/p>\n<\/div>\n<\/div><\/div><\/div><\/div><\/div><\/div>","protected":false},"excerpt":{"rendered":"<p>NP10 ist eine Manuelle Presse, einfach zu bedienen, ideal zum Verdichten von Plastik- und Schrumpffolie.Um weiche Kunststoff zu komprimieren, ist eine gen\u00fcgende hohe Fl\u00e4chenpressung wichtig, und auch dass die Hubl\u00e4nge ist lang und dass das Material lange Zeit unter Druck gehalten werden kann. Die NP10 wird nur mit manueller Kraft angetrieben, bietet aber durch ihr<\/p>\n<div><a class=\"btn-filled btn\" href=\"https:\/\/www.nva.se\/de\/produkter\/np10\/\" title=\"NP 10\">Weiterlesen<\/a><\/div>\n","protected":false},"author":3,"featured_media":0,"parent":70,"menu_order":1,"comment_status":"closed","ping_status":"closed","template":"page-templates\/full-width.php","meta":{"footnotes":""},"class_list":["post-1646","page","type-page","status-publish","hentry"],"yoast_head":"<!-- This site is optimized with the Yoast SEO plugin v26.0 - https:\/\/yoast.com\/wordpress\/plugins\/seo\/ -->\n<title>NP 10 - N\u00e4ttrabyPressen - N\u00e4ttraby Verktygs AB<\/title>\n<meta name=\"robots\" content=\"index, follow, max-snippet:-1, max-image-preview:large, max-video-preview:-1\" \/>\n<link rel=\"canonical\" href=\"https:\/\/www.nva.se\/en\/produkter\/np10\/\" \/>\n<meta property=\"og:locale\" content=\"de_DE\" \/>\n<meta property=\"og:type\" content=\"article\" \/>\n<meta property=\"og:title\" content=\"NP 10 - N\u00e4ttrabyPressen - N\u00e4ttraby Verktygs AB\" \/>\n<meta property=\"og:description\" content=\"NP10 ist eine Manuelle Presse, einfach zu bedienen, ideal zum Verdichten von Plastik- und Schrumpffolie.Um weiche Kunststoff zu komprimieren, ist eine gen\u00fcgende hohe Fl\u00e4chenpressung wichtig, und auch dass die Hubl\u00e4nge ist lang und dass das Material lange Zeit unter Druck gehalten werden kann. Die NP10 wird nur mit manueller Kraft angetrieben, bietet aber durch ihrWeiterlesen\" \/>\n<meta property=\"og:url\" content=\"https:\/\/www.nva.se\/en\/produkter\/np10\/\" \/>\n<meta property=\"og:site_name\" content=\"N\u00e4ttrabyPressen - N\u00e4ttraby Verktygs AB\" \/>\n<meta property=\"article:modified_time\" content=\"2018-04-19T11:21:36+00:00\" \/>\n<meta name=\"twitter:card\" content=\"summary_large_image\" \/>\n<meta name=\"twitter:label1\" content=\"Gesch\u00e4tzte Lesezeit\" \/>\n\t<meta name=\"twitter:data1\" content=\"2\u00a0Minuten\" \/>\n<script type=\"application\/ld+json\" class=\"yoast-schema-graph\">{\"@context\":\"https:\/\/schema.org\",\"@graph\":[{\"@type\":\"WebPage\",\"@id\":\"https:\/\/www.nva.se\/en\/produkter\/np10\/\",\"url\":\"https:\/\/www.nva.se\/en\/produkter\/np10\/\",\"name\":\"NP 10 - N\u00e4ttrabyPressen - N\u00e4ttraby Verktygs AB\",\"isPartOf\":{\"@id\":\"https:\/\/www.nva.se\/#website\"},\"datePublished\":\"2018-02-15T10:51:30+00:00\",\"dateModified\":\"2018-04-19T11:21:36+00:00\",\"breadcrumb\":{\"@id\":\"https:\/\/www.nva.se\/en\/produkter\/np10\/#breadcrumb\"},\"inLanguage\":\"de\",\"potentialAction\":[{\"@type\":\"ReadAction\",\"target\":[\"https:\/\/www.nva.se\/en\/produkter\/np10\/\"]}]},{\"@type\":\"BreadcrumbList\",\"@id\":\"https:\/\/www.nva.se\/en\/produkter\/np10\/#breadcrumb\",\"itemListElement\":[{\"@type\":\"ListItem\",\"position\":1,\"name\":\"Home\",\"item\":\"https:\/\/www.nva.se\/\"},{\"@type\":\"ListItem\",\"position\":2,\"name\":\"Produkter\",\"item\":\"https:\/\/www.nva.se\/produkter\/\"},{\"@type\":\"ListItem\",\"position\":3,\"name\":\"NP 10\"}]},{\"@type\":\"WebSite\",\"@id\":\"https:\/\/www.nva.se\/#website\",\"url\":\"https:\/\/www.nva.se\/\",\"name\":\"N\u00e4ttrabyPressen - N\u00e4ttraby Verktygs AB\",\"description\":\"Optimierte R\u00fcckgewinnung durch Verdichtung der Ballenpresse NP40, NP40 II, NP60, NP60-II, NP80, NP80-II, NP100, NP100-II, BP80, BP 80\",\"publisher\":{\"@id\":\"https:\/\/www.nva.se\/#organization\"},\"potentialAction\":[{\"@type\":\"SearchAction\",\"target\":{\"@type\":\"EntryPoint\",\"urlTemplate\":\"https:\/\/www.nva.se\/?s={search_term_string}\"},\"query-input\":{\"@type\":\"PropertyValueSpecification\",\"valueRequired\":true,\"valueName\":\"search_term_string\"}}],\"inLanguage\":\"de\"},{\"@type\":\"Organization\",\"@id\":\"https:\/\/www.nva.se\/#organization\",\"name\":\"N\u00e4ttraby Verktygs AB, NVA\",\"url\":\"https:\/\/www.nva.se\/\",\"logo\":{\"@type\":\"ImageObject\",\"inLanguage\":\"de\",\"@id\":\"https:\/\/www.nva.se\/#\/schema\/logo\/image\/\",\"url\":\"https:\/\/i2.wp.com\/www.nattrabypressen.com\/wp-content\/uploads\/2017\/01\/nva_logo.png?fit=369%2C194&ssl=1\",\"contentUrl\":\"https:\/\/i2.wp.com\/www.nattrabypressen.com\/wp-content\/uploads\/2017\/01\/nva_logo.png?fit=369%2C194&ssl=1\",\"width\":369,\"height\":194,\"caption\":\"N\u00e4ttraby Verktygs AB, NVA\"},\"image\":{\"@id\":\"https:\/\/www.nva.se\/#\/schema\/logo\/image\/\"}}]}<\/script>\n<!-- \/ Yoast SEO plugin. -->","yoast_head_json":{"title":"NP 10 - N\u00e4ttrabyPressen - N\u00e4ttraby Verktygs AB","robots":{"index":"index","follow":"follow","max-snippet":"max-snippet:-1","max-image-preview":"max-image-preview:large","max-video-preview":"max-video-preview:-1"},"canonical":"https:\/\/www.nva.se\/en\/produkter\/np10\/","og_locale":"de_DE","og_type":"article","og_title":"NP 10 - N\u00e4ttrabyPressen - N\u00e4ttraby Verktygs AB","og_description":"NP10 ist eine Manuelle Presse, einfach zu bedienen, ideal zum Verdichten von Plastik- und Schrumpffolie.Um weiche Kunststoff zu komprimieren, ist eine gen\u00fcgende hohe Fl\u00e4chenpressung wichtig, und auch dass die Hubl\u00e4nge ist lang und dass das Material lange Zeit unter Druck gehalten werden kann. Die NP10 wird nur mit manueller Kraft angetrieben, bietet aber durch ihrWeiterlesen","og_url":"https:\/\/www.nva.se\/en\/produkter\/np10\/","og_site_name":"N\u00e4ttrabyPressen - N\u00e4ttraby Verktygs AB","article_modified_time":"2018-04-19T11:21:36+00:00","twitter_card":"summary_large_image","twitter_misc":{"Gesch\u00e4tzte Lesezeit":"2\u00a0Minuten"},"schema":{"@context":"https:\/\/schema.org","@graph":[{"@type":"WebPage","@id":"https:\/\/www.nva.se\/en\/produkter\/np10\/","url":"https:\/\/www.nva.se\/en\/produkter\/np10\/","name":"NP 10 - N\u00e4ttrabyPressen - N\u00e4ttraby Verktygs AB","isPartOf":{"@id":"https:\/\/www.nva.se\/#website"},"datePublished":"2018-02-15T10:51:30+00:00","dateModified":"2018-04-19T11:21:36+00:00","breadcrumb":{"@id":"https:\/\/www.nva.se\/en\/produkter\/np10\/#breadcrumb"},"inLanguage":"de","potentialAction":[{"@type":"ReadAction","target":["https:\/\/www.nva.se\/en\/produkter\/np10\/"]}]},{"@type":"BreadcrumbList","@id":"https:\/\/www.nva.se\/en\/produkter\/np10\/#breadcrumb","itemListElement":[{"@type":"ListItem","position":1,"name":"Home","item":"https:\/\/www.nva.se\/"},{"@type":"ListItem","position":2,"name":"Produkter","item":"https:\/\/www.nva.se\/produkter\/"},{"@type":"ListItem","position":3,"name":"NP 10"}]},{"@type":"WebSite","@id":"https:\/\/www.nva.se\/#website","url":"https:\/\/www.nva.se\/","name":"N\u00e4ttrabyPressen - N\u00e4ttraby Verktygs AB","description":"Optimierte R\u00fcckgewinnung durch Verdichtung der Ballenpresse NP40, NP40 II, NP60, NP60-II, NP80, NP80-II, NP100, NP100-II, BP80, BP 80","publisher":{"@id":"https:\/\/www.nva.se\/#organization"},"potentialAction":[{"@type":"SearchAction","target":{"@type":"EntryPoint","urlTemplate":"https:\/\/www.nva.se\/?s={search_term_string}"},"query-input":{"@type":"PropertyValueSpecification","valueRequired":true,"valueName":"search_term_string"}}],"inLanguage":"de"},{"@type":"Organization","@id":"https:\/\/www.nva.se\/#organization","name":"N\u00e4ttraby Verktygs AB, NVA","url":"https:\/\/www.nva.se\/","logo":{"@type":"ImageObject","inLanguage":"de","@id":"https:\/\/www.nva.se\/#\/schema\/logo\/image\/","url":"https:\/\/i2.wp.com\/www.nattrabypressen.com\/wp-content\/uploads\/2017\/01\/nva_logo.png?fit=369%2C194&ssl=1","contentUrl":"https:\/\/i2.wp.com\/www.nattrabypressen.com\/wp-content\/uploads\/2017\/01\/nva_logo.png?fit=369%2C194&ssl=1","width":369,"height":194,"caption":"N\u00e4ttraby Verktygs AB, NVA"},"image":{"@id":"https:\/\/www.nva.se\/#\/schema\/logo\/image\/"}}]}},"_links":{"self":[{"href":"https:\/\/www.nva.se\/de\/wp-json\/wp\/v2\/pages\/1646","targetHints":{"allow":["GET"]}}],"collection":[{"href":"https:\/\/www.nva.se\/de\/wp-json\/wp\/v2\/pages"}],"about":[{"href":"https:\/\/www.nva.se\/de\/wp-json\/wp\/v2\/types\/page"}],"author":[{"embeddable":true,"href":"https:\/\/www.nva.se\/de\/wp-json\/wp\/v2\/users\/3"}],"replies":[{"embeddable":true,"href":"https:\/\/www.nva.se\/de\/wp-json\/wp\/v2\/comments?post=1646"}],"version-history":[{"count":20,"href":"https:\/\/www.nva.se\/de\/wp-json\/wp\/v2\/pages\/1646\/revisions"}],"predecessor-version":[{"id":1875,"href":"https:\/\/www.nva.se\/de\/wp-json\/wp\/v2\/pages\/1646\/revisions\/1875"}],"up":[{"embeddable":true,"href":"https:\/\/www.nva.se\/de\/wp-json\/wp\/v2\/pages\/70"}],"wp:attachment":[{"href":"https:\/\/www.nva.se\/de\/wp-json\/wp\/v2\/media?parent=1646"}],"curies":[{"name":"wp","href":"https:\/\/api.w.org\/{rel}","templated":true}]}}